{"id":1710,"date":"2026-03-23T14:59:20","date_gmt":"2026-03-23T14:59:20","guid":{"rendered":"https:\/\/powerchip.com.br\/?post_type=product&#038;p=1710"},"modified":"2026-03-23T15:07:12","modified_gmt":"2026-03-23T15:07:12","slug":"31361735","status":"publish","type":"product","link":"https:\/\/powerchip.com.br\/index.php\/produto\/31361735\/","title":{"rendered":"ARQUIVO BASE 31361735  CHEKSUM OK + DECAT , CATALIZADOR OFF  VOLVO DENSO  31361735 XM   MB279700-96XX INT_flash SH72546 20260310084319"},"content":{"rendered":"<p>ARQUIVO BASE 31361735 CHEKSUM OK + DECAT , CATALIZADOR OFF VOLVO DENSO 31361735 XM MB279700-96XX INT_flash SH72546 20260310084319<\/p>\n<p>Um profissional saber\u00e1 utilizar isso , ou ap\u00f3s a compra entre em contato.<\/p>\n<p>A Desativa\u00e7\u00e3o da fun\u00e7\u00e3o DECAT , CATALIZADOR OFF \u00a0\u00e9 para diagn\u00f3stico e verifica\u00e7\u00e3o da ECU durante o reparo.<br \/>\nNem todas as vers\u00f5es de software podem ser compat\u00edveis.<br \/>\nPara adicionar uma nova vers\u00e3o de software, entre em contato com o portal de suporte e anexe um arquivo.<br \/>\nO uso \u00e9 por sua conta e risco.<\/p>\n<p>O m\u00f3dulo permite desativar o\u00a0 \u00a0CATALIZADOR\u00a0 (DECAT , CATALIZADOR OFF, por exemplo, para verificar os componentes do sistema)<\/p>\n<p>Sempre leia e salve seu original para seguran\u00e7a.<\/p>\n<p>Mande um e-mail ou chame no Whatzapp. (16)991342577<\/p>\n<p>O uso \u00e9 por sua conta e risco.<\/p>\n<p><a href=\"https:\/\/powerchip.com.br\/index.php\/arquivo-destinado-a-profissionais\/\">Arquivo destinado a profissionais<\/a>.<\/p>\n<p><a href=\"https:\/\/powerchip.com.br\/index.php\/como-usar-o-arquivo-comprado\/\">Como usar o arquivo<\/a>.<\/p>\n<p><a href=\"https:\/\/powerchip.com.br\/index.php\/como-comprar\/\">Como comprar<\/a><\/p>\n<p><img loading=\"lazy\" decoding=\"async\" class=\"alignnone size-medium wp-image-948\" src=\"https:\/\/powerchip.com.br\/wp-content\/uploads\/2025\/11\/foto-de-zip-original--300x175.jpg\" sizes=\"auto, (max-width: 300px) 100vw, 300px\" srcset=\"https:\/\/powerchip.com.br\/wp-content\/uploads\/2025\/11\/foto-de-zip-original--300x175.jpg 300w, https:\/\/powerchip.com.br\/wp-content\/uploads\/2025\/11\/foto-de-zip-original--600x350.jpg 600w, https:\/\/powerchip.com.br\/wp-content\/uploads\/2025\/11\/foto-de-zip-original-.jpg 727w\" alt=\"\" width=\"300\" height=\"175\" \/><strong><img loading=\"lazy\" decoding=\"async\" class=\"alignnone size-medium wp-image-944\" src=\"https:\/\/powerchip.com.br\/wp-content\/uploads\/2025\/11\/foto-de-zip-catalizador--300x174.jpg\" sizes=\"auto, (max-width: 300px) 100vw, 300px\" srcset=\"https:\/\/powerchip.com.br\/wp-content\/uploads\/2025\/11\/foto-de-zip-catalizador--300x174.jpg 300w, https:\/\/powerchip.com.br\/wp-content\/uploads\/2025\/11\/foto-de-zip-catalizador--600x348.jpg 600w, https:\/\/powerchip.com.br\/wp-content\/uploads\/2025\/11\/foto-de-zip-catalizador-.jpg 733w\" alt=\"\" width=\"300\" height=\"174\" \/><\/strong><\/p>\n","protected":false},"excerpt":{"rendered":"<p>ARQUIVO BASE 31361735 CHEKSUM OK + DECAT , CATALIZADOR OFF VOLVO DENSO 31361735 XM MB279700-96XX INT_flash SH72546 20260310084319 Um profissional saber\u00e1 utilizar isso , ou ap\u00f3s a compra entre em contato. A Desativa\u00e7\u00e3o da fun\u00e7\u00e3o DECAT , CATALIZADOR OFF \u00a0\u00e9 para diagn\u00f3stico e verifica\u00e7\u00e3o da ECU durante o reparo. Nem todas as vers\u00f5es de software [&hellip;]<\/p>\n","protected":false},"featured_media":1711,"template":"","meta":{"_joinchat":[]},"product_brand":[],"product_cat":[544],"product_tag":[2112,2107,2106,1609,2108,138,858,2110,2111,545,2109],"class_list":{"0":"post-1710","1":"product","2":"type-product","3":"status-publish","4":"has-post-thumbnail","6":"product_cat-volvo","7":"product_tag-2112","8":"product_tag-2107","9":"product_tag-arquivo-base","10":"product_tag-catalizador-off","11":"product_tag-cheksum-ok","12":"product_tag-decat","13":"product_tag-denso","14":"product_tag-mb279700-96xx","15":"product_tag-sh72546","16":"product_tag-volvo","17":"product_tag-xm","19":"first","20":"instock","21":"downloadable","22":"virtual","23":"purchasable","24":"product-type-simple"},"jetpack_sharing_enabled":true,"_links":{"self":[{"href":"https:\/\/powerchip.com.br\/index.php\/wp-json\/wp\/v2\/product\/1710","targetHints":{"allow":["GET"]}}],"collection":[{"href":"https:\/\/powerchip.com.br\/index.php\/wp-json\/wp\/v2\/product"}],"about":[{"href":"https:\/\/powerchip.com.br\/index.php\/wp-json\/wp\/v2\/types\/product"}],"wp:featuredmedia":[{"embeddable":true,"href":"https:\/\/powerchip.com.br\/index.php\/wp-json\/wp\/v2\/media\/1711"}],"wp:attachment":[{"href":"https:\/\/powerchip.com.br\/index.php\/wp-json\/wp\/v2\/media?parent=1710"}],"wp:term":[{"taxonomy":"product_brand","embeddable":true,"href":"https:\/\/powerchip.com.br\/index.php\/wp-json\/wp\/v2\/product_brand?post=1710"},{"taxonomy":"product_cat","embeddable":true,"href":"https:\/\/powerchip.com.br\/index.php\/wp-json\/wp\/v2\/product_cat?post=1710"},{"taxonomy":"product_tag","embeddable":true,"href":"https:\/\/powerchip.com.br\/index.php\/wp-json\/wp\/v2\/product_tag?post=1710"}],"curies":[{"name":"wp","href":"https:\/\/api.w.org\/{rel}","templated":true}]}}