{"id":1676,"date":"2026-03-04T16:19:18","date_gmt":"2026-03-04T16:19:18","guid":{"rendered":"https:\/\/powerchip.com.br\/?post_type=product&#038;p=1676"},"modified":"2026-03-04T16:21:23","modified_gmt":"2026-03-04T16:21:23","slug":"kit-de-arquivos-para-sprinter-0281010921-cr2-35-2-2-4l5eh-j66d-l52h-0j66d-4l52h-imobilizador-injecao","status":"publish","type":"product","link":"https:\/\/powerchip.com.br\/index.php\/produto\/kit-de-arquivos-para-sprinter-0281010921-cr2-35-2-2-4l5eh-j66d-l52h-0j66d-4l52h-imobilizador-injecao\/","title":{"rendered":"KIT DE ARQUIVOS PARA SPRINTER 0281010921 cr2.35 2.2 4L5EH J66D L52H  0J66D 4L52H  IMOBILIZADOR  +  INJE\u00c7\u00c3O"},"content":{"rendered":"<p>KIT DE ARQUIVOS PARA SPRINTER 0281010921 cr2.35 2.2 4L5EH J66D L52H \u00a00J66D 4L52H\u00a0 IMOBILIZADOR\u00a0 +\u00a0 INJE\u00c7\u00c3O.<\/p>\n<p><img loading=\"lazy\" decoding=\"async\" class=\"alignnone size-medium wp-image-948\" src=\"https:\/\/powerchip.com.br\/wp-content\/uploads\/2025\/11\/foto-de-zip-original--300x175.jpg\" alt=\"\" width=\"300\" height=\"175\" srcset=\"https:\/\/powerchip.com.br\/wp-content\/uploads\/2025\/11\/foto-de-zip-original--300x175.jpg 300w, https:\/\/powerchip.com.br\/wp-content\/uploads\/2025\/11\/foto-de-zip-original--600x350.jpg 600w, https:\/\/powerchip.com.br\/wp-content\/uploads\/2025\/11\/foto-de-zip-original-.jpg 727w\" sizes=\"auto, (max-width: 300px) 100vw, 300px\" \/><img loading=\"lazy\" decoding=\"async\" class=\"alignnone size-medium wp-image-752\" src=\"https:\/\/powerchip.com.br\/wp-content\/uploads\/2025\/11\/FOTO-CASAL-ARQUIVOS-ARQUIVOS--300x170.jpg\" alt=\"\" width=\"300\" height=\"170\" srcset=\"https:\/\/powerchip.com.br\/wp-content\/uploads\/2025\/11\/FOTO-CASAL-ARQUIVOS-ARQUIVOS--300x170.jpg 300w, https:\/\/powerchip.com.br\/wp-content\/uploads\/2025\/11\/FOTO-CASAL-ARQUIVOS-ARQUIVOS--600x341.jpg 600w, https:\/\/powerchip.com.br\/wp-content\/uploads\/2025\/11\/FOTO-CASAL-ARQUIVOS-ARQUIVOS-.jpg 733w\" sizes=\"auto, (max-width: 300px) 100vw, 300px\" \/><\/p>\n<p><img loading=\"lazy\" decoding=\"async\" class=\"alignnone size-full wp-image-1040\" src=\"https:\/\/powerchip.com.br\/wp-content\/uploads\/2025\/11\/alto-falante.jpg\" alt=\"\" width=\"67\" height=\"55\" \/>\u00a0 \u00a0<strong>\u00a0<\/strong>\u201cLembrete: Este arquivo N\u00c3O\u00a0 necessita de prepara\u00e7\u00e3o espec\u00edfica para a central (ECU) de destino\u00a0 .\u201d<\/p>\n<p>Voc\u00ea receber\u00e1 ap\u00f3s pagar:<\/p>\n<p><img loading=\"lazy\" decoding=\"async\" class=\"alignnone size-full wp-image-1042\" src=\"https:\/\/powerchip.com.br\/wp-content\/uploads\/2025\/11\/pistao.jpg\" alt=\"\" width=\"17\" height=\"41\" \/> KIT\u00a0 \u00a0ARQUIVOS ORIGINAIS\u00a0 DE IMOBILIZADOR E INJE\u00c7\u00c3O.<\/p>\n<p>VVDI , BEEPROG<\/p>\n<p>Ap\u00f3s gravar os arquivos voc\u00ea poder\u00e1 gerar o transponder T5.<\/p>\n<p>&nbsp;<\/p>\n<p>Um profissional saber\u00e1 utilizar isso , ou ap\u00f3s a compra entre em contato.<\/p>\n<p>A\u00a0 fun\u00e7\u00e3o imobilizador \u00e9 para diagn\u00f3stico e verifica\u00e7\u00e3o da ECU durante o reparo.<br \/>\nNem todas as vers\u00f5es de software podem ser compat\u00edveis.<br \/>\nPara adicionar uma nova vers\u00e3o de software, entre em contato com o portal de suporte e anexe um arquivo.<br \/>\nO uso \u00e9 por sua conta e risco.<\/p>\n<p>O m\u00f3dulo permite ATIVAR o imobilizador (\u00a0 por exemplo, para verificar os componentes do sistema)<\/p>\n<p>Sempre leia e salve seu original para seguran\u00e7a.<\/p>\n<p>Mande um e-mail ou chame no Whatzapp. (16)991342577<\/p>\n<p>O uso \u00e9 por sua conta e risco.<\/p>\n<p><a href=\"https:\/\/powerchip.com.br\/index.php\/arquivo-destinado-a-profissionais\/\">Arquivo destinado a profissionais<\/a>.<\/p>\n<p><a href=\"https:\/\/powerchip.com.br\/index.php\/como-usar-o-arquivo-comprado\/\">Como usar o arquivo<\/a>.<\/p>\n<p><a href=\"https:\/\/powerchip.com.br\/index.php\/como-comprar\/\">Como comprar<\/a><\/p>\n","protected":false},"excerpt":{"rendered":"<p>KIT DE ARQUIVOS PARA SPRINTER 0281010921 cr2.35 2.2 4L5EH J66D L52H \u00a00J66D 4L52H\u00a0 IMOBILIZADOR\u00a0 +\u00a0 INJE\u00c7\u00c3O<\/p>\n","protected":false},"featured_media":1678,"template":"","meta":{"_joinchat":[]},"product_brand":[],"product_cat":[485],"product_tag":[2089,2094,1509,2095,2091,2090,234,2092,792,2093,486],"class_list":{"0":"post-1676","1":"product","2":"type-product","3":"status-publish","4":"has-post-thumbnail","6":"product_cat-mercedes","7":"product_tag-2089","8":"product_tag-0j66d","9":"product_tag-2-2","10":"product_tag-4l52h","11":"product_tag-4l5eh","12":"product_tag-cr2-35","13":"product_tag-imobilizador","14":"product_tag-j66d","15":"product_tag-kit-de-arquivos","16":"product_tag-l52h","17":"product_tag-sprinter","19":"first","20":"instock","21":"downloadable","22":"virtual","23":"purchasable","24":"product-type-simple"},"jetpack_sharing_enabled":true,"_links":{"self":[{"href":"https:\/\/powerchip.com.br\/index.php\/wp-json\/wp\/v2\/product\/1676","targetHints":{"allow":["GET"]}}],"collection":[{"href":"https:\/\/powerchip.com.br\/index.php\/wp-json\/wp\/v2\/product"}],"about":[{"href":"https:\/\/powerchip.com.br\/index.php\/wp-json\/wp\/v2\/types\/product"}],"wp:featuredmedia":[{"embeddable":true,"href":"https:\/\/powerchip.com.br\/index.php\/wp-json\/wp\/v2\/media\/1678"}],"wp:attachment":[{"href":"https:\/\/powerchip.com.br\/index.php\/wp-json\/wp\/v2\/media?parent=1676"}],"wp:term":[{"taxonomy":"product_brand","embeddable":true,"href":"https:\/\/powerchip.com.br\/index.php\/wp-json\/wp\/v2\/product_brand?post=1676"},{"taxonomy":"product_cat","embeddable":true,"href":"https:\/\/powerchip.com.br\/index.php\/wp-json\/wp\/v2\/product_cat?post=1676"},{"taxonomy":"product_tag","embeddable":true,"href":"https:\/\/powerchip.com.br\/index.php\/wp-json\/wp\/v2\/product_tag?post=1676"}],"curies":[{"name":"wp","href":"https:\/\/api.w.org\/{rel}","templated":true}]}}