{"id":1667,"date":"2026-03-03T16:44:18","date_gmt":"2026-03-03T16:44:18","guid":{"rendered":"https:\/\/powerchip.com.br\/?post_type=product&#038;p=1667"},"modified":"2026-03-03T16:50:36","modified_gmt":"2026-03-03T16:50:36","slug":"arquivo-clear-airbag-hyundai-hb20-2021-2025-95910-r1350-vvdi-multiprog-r7f701019-dflash","status":"publish","type":"product","link":"https:\/\/powerchip.com.br\/index.php\/produto\/arquivo-clear-airbag-hyundai-hb20-2021-2025-95910-r1350-vvdi-multiprog-r7f701019-dflash\/","title":{"rendered":"ARQUIVO CLEAR AIRBAG  Hyundai  HB20 2021\/2025 95910 R1350 VVDI, MULTIPROG  R7F701019 DFLASH"},"content":{"rendered":"<p>ARQUIVO CLEAR AIRBAG Hyundai HB20 2021\/2025 95910 R1350 VVDI, MULTIPROG R7F701019 DFLASH<\/p>\n<p>&nbsp;<\/p>\n<p><img loading=\"lazy\" decoding=\"async\" class=\"alignnone size-full wp-image-1040\" src=\"https:\/\/powerchip.com.br\/wp-content\/uploads\/2025\/11\/alto-falante.jpg\" alt=\"\" width=\"67\" height=\"55\" \/>\u00a0 \u00a0<strong>\u00a0<\/strong>\u201cLembrete: CUIDADO COM MANUSEIO DE AIRBAG N\u00c3O SOMOS RESPONS\u00c1VEIS POR ERROS\u00a0 CAUSADOS\u00a0 OU BOLSAS ESTOURADAS .<\/p>\n<p>Voc\u00ea receber\u00e1 ap\u00f3s pagar:<\/p>\n<p>&nbsp;<\/p>\n<p><strong><img loading=\"lazy\" decoding=\"async\" class=\"alignnone size-full wp-image-1044\" src=\"https:\/\/powerchip.com.br\/wp-content\/uploads\/2025\/11\/AIRBAG-PEQUENO.jpg\" alt=\"\" width=\"28\" height=\"31\" \/>\u00a001<\/strong><strong>\u00a0<\/strong>AIRBAG\u00a0 ARQUIVO\u00a0 DFLASH CLEAR VVDI, MULTIPROG R7F701019 R151<\/p>\n<p>Um profissional saber\u00e1 utilizar isso , ou ap\u00f3s a compra entre em contato.<\/p>\n<p>DUVIDAS? Mande um e-mail ou chame no Whatzapp. (16)991342577<\/p>\n<p><a href=\"https:\/\/powerchip.com.br\/index.php\/arquivo-destinado-a-profissionais\/\">Arquivo destinado a profissionais<\/a>.<\/p>\n<p><a href=\"https:\/\/powerchip.com.br\/index.php\/como-usar-o-arquivo-comprado\/\">Como usar o arquivo<\/a>.<\/p>\n<p><a href=\"https:\/\/powerchip.com.br\/index.php\/como-comprar\/\">Como comprar<\/a><\/p>\n","protected":false},"excerpt":{"rendered":"<p>ARQUIVO CLEAR AIRBAG Hyundai HB20 2021\/2025 95910 R1350 VVDI, MULTIPROG R7F701019 DFLASH<\/p>\n","protected":false},"featured_media":1127,"template":"","meta":{"_joinchat":[]},"product_brand":[],"product_cat":[2079],"product_tag":[2081,2080,2085,1229,2083,2084,2082],"class_list":{"0":"post-1667","1":"product","2":"type-product","3":"status-publish","4":"has-post-thumbnail","6":"product_cat-hyundai-kia","7":"product_tag-95910-r1350","8":"product_tag-arquivo-clear-airbag-hyundai","9":"product_tag-dflash","10":"product_tag-hb20","11":"product_tag-multiprog","12":"product_tag-r7f701019","13":"product_tag-vvdi","15":"first","16":"instock","17":"downloadable","18":"virtual","19":"purchasable","20":"product-type-simple"},"jetpack_sharing_enabled":true,"_links":{"self":[{"href":"https:\/\/powerchip.com.br\/index.php\/wp-json\/wp\/v2\/product\/1667","targetHints":{"allow":["GET"]}}],"collection":[{"href":"https:\/\/powerchip.com.br\/index.php\/wp-json\/wp\/v2\/product"}],"about":[{"href":"https:\/\/powerchip.com.br\/index.php\/wp-json\/wp\/v2\/types\/product"}],"wp:featuredmedia":[{"embeddable":true,"href":"https:\/\/powerchip.com.br\/index.php\/wp-json\/wp\/v2\/media\/1127"}],"wp:attachment":[{"href":"https:\/\/powerchip.com.br\/index.php\/wp-json\/wp\/v2\/media?parent=1667"}],"wp:term":[{"taxonomy":"product_brand","embeddable":true,"href":"https:\/\/powerchip.com.br\/index.php\/wp-json\/wp\/v2\/product_brand?post=1667"},{"taxonomy":"product_cat","embeddable":true,"href":"https:\/\/powerchip.com.br\/index.php\/wp-json\/wp\/v2\/product_cat?post=1667"},{"taxonomy":"product_tag","embeddable":true,"href":"https:\/\/powerchip.com.br\/index.php\/wp-json\/wp\/v2\/product_tag?post=1667"}],"curies":[{"name":"wp","href":"https:\/\/api.w.org\/{rel}","templated":true}]}}