{"id":1647,"date":"2026-02-27T14:12:22","date_gmt":"2026-02-27T14:12:22","guid":{"rendered":"https:\/\/powerchip.com.br\/?post_type=product&#038;p=1647"},"modified":"2026-02-27T14:12:24","modified_gmt":"2026-02-27T14:12:24","slug":"arquivo-egr-dpf-para-crd2-36-sprinter-hw-10-14-pd-12-m01-a6519001701-a6519010501-om651-solenoid-28277629-sm05a001_deliv_2-28254783xr10mwb-28277629bxr10mwbq01-sm05b006_deliv_1-6519020100-crd2-6","status":"publish","type":"product","link":"https:\/\/powerchip.com.br\/index.php\/produto\/arquivo-egr-dpf-para-crd2-36-sprinter-hw-10-14-pd-12-m01-a6519001701-a6519010501-om651-solenoid-28277629-sm05a001_deliv_2-28254783xr10mwb-28277629bxr10mwbq01-sm05b006_deliv_1-6519020100-crd2-6\/","title":{"rendered":"ARQUIVO EGR DPF PARA CRD2.36  SPRINTER  HW 10.14  PD 12 M01  A6519001701  A6519010501  OM651  SOLENOID  28277629 SM05A001_DELIV_2 28254783XR10MWB 28277629BXR10MWBQ01 SM05B006_DELIV_1 6519020100 CRD2-651CRD2-6518"},"content":{"rendered":"<p>ARQUIVO EGR DPF PARA CRD2.36 SPRINTER HW 10.14 PD 12 M01 A6519001701 A6519010501 OM651 SOLENOID 28277629 SM05A001_DELIV_2 28254783XR10MWB 28277629BXR10MWBQ01 SM05B006_DELIV_1 6519020100 CRD2-651CRD2-6518<\/p>\n<p><img loading=\"lazy\" decoding=\"async\" class=\"alignnone size-full wp-image-1040\" src=\"https:\/\/powerchip.com.br\/wp-content\/uploads\/2025\/11\/alto-falante.jpg\" alt=\"\" width=\"67\" height=\"55\" \/>\u00a0 \u00a0<strong>\u00a0<\/strong>\u201cLembrete: Este arquivo SIM \/ N\u00c3O\u00a0 necessita de prepara\u00e7\u00e3o espec\u00edfica para a central (ECU) de destino ( N\u00c3O USE\u00a0 EM ECU OPEN ) .\u201d<\/p>\n<p>Voc\u00ea receber\u00e1 ap\u00f3s pagar:<\/p>\n<p><strong>A PROMO\u00c7\u00c3O 2 CILINDROS POWERCHIP.<\/strong><\/p>\n<p><img loading=\"lazy\" decoding=\"async\" class=\"alignnone size-full wp-image-1039\" src=\"https:\/\/powerchip.com.br\/wp-content\/uploads\/2025\/11\/veja-acima.jpg\" alt=\"\" width=\"21\" height=\"34\" \/><\/p>\n<p>&nbsp;<\/p>\n<p><img loading=\"lazy\" decoding=\"async\" class=\"alignnone size-full wp-image-1042\" src=\"https:\/\/powerchip.com.br\/wp-content\/uploads\/2025\/11\/pistao.jpg\" alt=\"\" width=\"17\" height=\"41\" \/> \u00a0ARQUIVO ORIGINAL<\/p>\n<p><img loading=\"lazy\" decoding=\"async\" class=\"alignnone size-full wp-image-1042\" src=\"https:\/\/powerchip.com.br\/wp-content\/uploads\/2025\/11\/pistao.jpg\" alt=\"\" width=\"17\" height=\"41\" \/><img loading=\"lazy\" decoding=\"async\" class=\"alignnone size-full wp-image-1042\" src=\"https:\/\/powerchip.com.br\/wp-content\/uploads\/2025\/11\/pistao.jpg\" alt=\"\" width=\"17\" height=\"41\" \/> ARQUIVO DE\u00a0 EGR DPF<\/p>\n<p>Um profissional saber\u00e1 utilizar isso , ou ap\u00f3s a compra entre em contato.<\/p>\n<p>A Desativa\u00e7\u00e3o da fun\u00e7\u00e3o EGR DPF \u00e9 para diagn\u00f3stico e verifica\u00e7\u00e3o da ECU durante o reparo.<br \/>\nNem todas as vers\u00f5es de software podem ser compat\u00edveis.<br \/>\nPara adicionar uma nova vers\u00e3o de software, entre em contato com o portal de suporte e anexe um arquivo.<br \/>\nO uso \u00e9 por sua conta e risco.<\/p>\n<p>O m\u00f3dulo permite desativar o EGR DPF ( EGR DPF, por exemplo, para verificar os componentes do sistema)<\/p>\n<p>Sempre leia e salve seu original para seguran\u00e7a.<\/p>\n<p>Mande um e-mail ou chame no Whatzapp. (16)991342577<\/p>\n<p>O uso \u00e9 por sua conta e risco.<\/p>\n<p><a href=\"https:\/\/powerchip.com.br\/index.php\/arquivo-destinado-a-profissionais\/\">Arquivo destinado a profissionais<\/a>.<\/p>\n<p><a href=\"https:\/\/powerchip.com.br\/index.php\/como-usar-o-arquivo-comprado\/\">Como usar o arquivo<\/a>.<\/p>\n<p><a href=\"https:\/\/powerchip.com.br\/index.php\/como-comprar\/\">Como comprar<\/a><\/p>\n","protected":false},"excerpt":{"rendered":"<p>ARQUIVO EGR DPF PARA CRD2.36 SPRINTER HW 10.14 PD 12 M01 A6519001701 A6519010501 OM651 SOLENOID 28277629 SM05A001_DELIV_2 28254783XR10MWB 28277629BXR10MWBQ01 SM05B006_DELIV_1 6519020100 CRD2-651CRD2-6518<\/p>\n","protected":false},"featured_media":1649,"template":"","meta":{"_joinchat":[]},"product_brand":[],"product_cat":[485],"product_tag":[2053,2051,2054,2056,2047,2048,2057,2044,2045,2049,2046,2052,2055,2050,486],"class_list":{"0":"post-1647","1":"product","2":"type-product","3":"status-publish","4":"has-post-thumbnail","6":"product_cat-mercedes","7":"product_tag-28254783xr10mwb","8":"product_tag-2051","9":"product_tag-28277629bxr10mwbq01","10":"product_tag-2056","11":"product_tag-a6519001701","12":"product_tag-a6519010501","13":"product_tag-crd2-651crd2-6518","14":"product_tag-crd2-36","15":"product_tag-hw-10-14","16":"product_tag-om651","17":"product_tag-pd-12-m01","18":"product_tag-sm05a001_deliv_2","19":"product_tag-sm05b006_deliv_1","20":"product_tag-solenoid","21":"product_tag-sprinter","23":"first","24":"instock","25":"downloadable","26":"virtual","27":"purchasable","28":"product-type-simple"},"jetpack_sharing_enabled":true,"_links":{"self":[{"href":"https:\/\/powerchip.com.br\/index.php\/wp-json\/wp\/v2\/product\/1647","targetHints":{"allow":["GET"]}}],"collection":[{"href":"https:\/\/powerchip.com.br\/index.php\/wp-json\/wp\/v2\/product"}],"about":[{"href":"https:\/\/powerchip.com.br\/index.php\/wp-json\/wp\/v2\/types\/product"}],"wp:featuredmedia":[{"embeddable":true,"href":"https:\/\/powerchip.com.br\/index.php\/wp-json\/wp\/v2\/media\/1649"}],"wp:attachment":[{"href":"https:\/\/powerchip.com.br\/index.php\/wp-json\/wp\/v2\/media?parent=1647"}],"wp:term":[{"taxonomy":"product_brand","embeddable":true,"href":"https:\/\/powerchip.com.br\/index.php\/wp-json\/wp\/v2\/product_brand?post=1647"},{"taxonomy":"product_cat","embeddable":true,"href":"https:\/\/powerchip.com.br\/index.php\/wp-json\/wp\/v2\/product_cat?post=1647"},{"taxonomy":"product_tag","embeddable":true,"href":"https:\/\/powerchip.com.br\/index.php\/wp-json\/wp\/v2\/product_tag?post=1647"}],"curies":[{"name":"wp","href":"https:\/\/api.w.org\/{rel}","templated":true}]}}