{"id":1586,"date":"2026-02-07T13:30:09","date_gmt":"2026-02-07T13:30:09","guid":{"rendered":"https:\/\/powerchip.com.br\/?post_type=product&#038;p=1586"},"modified":"2026-02-07T13:31:48","modified_gmt":"2026-02-07T13:31:48","slug":"manual-conserto-modulo-injecao-da-gm-captiva-e39-e39a-erro-5v-sensores-aaxp-etc","status":"publish","type":"product","link":"https:\/\/powerchip.com.br\/index.php\/produto\/manual-conserto-modulo-injecao-da-gm-captiva-e39-e39a-erro-5v-sensores-aaxp-etc\/","title":{"rendered":"MANUAL CONSERTO MODULO INJE\u00c7\u00c3O DA GM CAPTIVA E39 E39A ERRO 5V SENSORES  AAXP ETC."},"content":{"rendered":"<p>MANUAL CONSERTO MODULO INJE\u00c7\u00c3O DA GM CAPTIVA E39 E39A ERRO 5V SENSORES AAXP ETC.<\/p>\n<p>&nbsp;<\/p>\n<p><img loading=\"lazy\" decoding=\"async\" class=\"alignnone size-full wp-image-1040\" src=\"https:\/\/powerchip.com.br\/wp-content\/uploads\/2025\/11\/alto-falante.jpg\" alt=\"\" width=\"67\" height=\"55\" \/>\u00a0 \u00a0<strong>\u00a0<\/strong>\u201cLembrete: MANUAL SOMENTE\u00a0 PARA TECNICOS SEM GARANTIAS DE VOCE CONSERTAR\u00a0 SUA CENTRAL. .\u201d<\/p>\n<p>Voc\u00ea receber\u00e1 ap\u00f3s pagar:<\/p>\n<p><strong>\u00a0 01 MANUAL POWERCHIP GM CAPTIVA E39 E39A ERRO 5V SENSORES<\/strong><\/p>\n<p>01 COMO\u00a0 CONSTRUIR UMA FERRAMENTA\u00a0 SIMPLE PARA ABRIR A CENTRAL COM SEGURAN\u00c7A.<\/p>\n<p>&nbsp;<\/p>\n<p><img loading=\"lazy\" decoding=\"async\" class=\"alignnone size-full wp-image-1039\" src=\"https:\/\/powerchip.com.br\/wp-content\/uploads\/2025\/11\/veja-acima.jpg\" alt=\"\" width=\"21\" height=\"34\" \/><\/p>\n<p>&nbsp;<\/p>\n<p>VEICULO NAO PEGA N\u00c3O TEM OS\u00a0 5V NOS SENSORES.<\/p>\n<p>Um profissional saber\u00e1 utilizar isso , ou ap\u00f3s a compra entre em contato.<\/p>\n<p>O uso \u00e9 por sua conta e risco.<\/p>\n<p>&nbsp;<\/p>\n<p>Mande um e-mail ou chame no Whatzapp. (16)991342577<\/p>\n<p>O uso \u00e9 por sua conta e risco.<\/p>\n<p><a href=\"https:\/\/powerchip.com.br\/index.php\/arquivo-destinado-a-profissionais\/\">Arquivo destinado a profissionais<\/a>.<\/p>\n<p><a href=\"https:\/\/powerchip.com.br\/index.php\/como-usar-o-arquivo-comprado\/\">Como usar o arquivo<\/a>.<\/p>\n<p><a href=\"https:\/\/powerchip.com.br\/index.php\/como-comprar\/\">Como comprar<\/a><\/p>\n","protected":false},"excerpt":{"rendered":"<p>MANUAL CONSERTO MODULO INJE\u00c7\u00c3O DA GM CAPTIVA E39 E39A ERRO 5V SENSORES AAXP ETC.<\/p>\n","protected":false},"featured_media":1588,"template":"","meta":{"_joinchat":[]},"product_brand":[],"product_cat":[81],"product_tag":[1981,1687,84,740,741,1980,82,1978,1979,1982],"class_list":{"0":"post-1586","1":"product","2":"type-product","3":"status-publish","4":"has-post-thumbnail","6":"product_cat-gm","7":"product_tag-5v","8":"product_tag-aaxp","9":"product_tag-captiva","10":"product_tag-e39","11":"product_tag-e39a","12":"product_tag-erro","13":"product_tag-gm","14":"product_tag-manual-conserto","15":"product_tag-modulo-injecao-da","16":"product_tag-sensores","18":"first","19":"instock","20":"downloadable","21":"virtual","22":"purchasable","23":"product-type-simple"},"jetpack_sharing_enabled":true,"_links":{"self":[{"href":"https:\/\/powerchip.com.br\/index.php\/wp-json\/wp\/v2\/product\/1586","targetHints":{"allow":["GET"]}}],"collection":[{"href":"https:\/\/powerchip.com.br\/index.php\/wp-json\/wp\/v2\/product"}],"about":[{"href":"https:\/\/powerchip.com.br\/index.php\/wp-json\/wp\/v2\/types\/product"}],"wp:featuredmedia":[{"embeddable":true,"href":"https:\/\/powerchip.com.br\/index.php\/wp-json\/wp\/v2\/media\/1588"}],"wp:attachment":[{"href":"https:\/\/powerchip.com.br\/index.php\/wp-json\/wp\/v2\/media?parent=1586"}],"wp:term":[{"taxonomy":"product_brand","embeddable":true,"href":"https:\/\/powerchip.com.br\/index.php\/wp-json\/wp\/v2\/product_brand?post=1586"},{"taxonomy":"product_cat","embeddable":true,"href":"https:\/\/powerchip.com.br\/index.php\/wp-json\/wp\/v2\/product_cat?post=1586"},{"taxonomy":"product_tag","embeddable":true,"href":"https:\/\/powerchip.com.br\/index.php\/wp-json\/wp\/v2\/product_tag?post=1586"}],"curies":[{"name":"wp","href":"https:\/\/api.w.org\/{rel}","templated":true}]}}