{"id":1581,"date":"2026-02-07T12:42:33","date_gmt":"2026-02-07T12:42:33","guid":{"rendered":"https:\/\/powerchip.com.br\/?post_type=product&#038;p=1581"},"modified":"2026-02-07T12:46:13","modified_gmt":"2026-02-07T12:46:13","slug":"manual-para-conserto-erro-de-saida-de-partido-para-o-motor-de-arranque-e-falha-no-funcionanmento-da-mercedes-sim271-ke2-0","status":"publish","type":"product","link":"https:\/\/powerchip.com.br\/index.php\/produto\/manual-para-conserto-erro-de-saida-de-partido-para-o-motor-de-arranque-e-falha-no-funcionanmento-da-mercedes-sim271-ke2-0\/","title":{"rendered":"MANUAL PARA CONSERTO ERRO  DE  SAIDA DE PARTIDO PARA O MOTOR DE ARRANQUE E FALHA NO FUNCIONANMENTO DA MERCEDES  SIM271   KE2.0"},"content":{"rendered":"<p>MANUAL PARA CONSERTO ERRO DE SAIDA DE PARTIDO PARA O MOTOR DE ARRANQUE E FALHA NO FUNCIONANMENTO DA MERCEDES SIM271 KE2.0<\/p>\n<p><img loading=\"lazy\" decoding=\"async\" class=\"alignnone size-full wp-image-1040\" src=\"https:\/\/powerchip.com.br\/wp-content\/uploads\/2025\/11\/alto-falante.jpg\" alt=\"\" width=\"67\" height=\"55\" \/>\u00a0 \u00a0<strong>\u00a0<\/strong>\u201cLembrete: MANUAL SOMENTE\u00a0 PARA TECNICOS SEM GARANTIAS DE VOCE CONSERTAR\u00a0 SUA CENTRAL. .\u201d<\/p>\n<p>Voc\u00ea receber\u00e1 ap\u00f3s pagar:<\/p>\n<p><strong>\u00a0 1 MANUAL POWERCHIP\u00a0 SIM271 KE2.0.<\/strong><\/p>\n<p><img loading=\"lazy\" decoding=\"async\" class=\"alignnone size-full wp-image-1039\" src=\"https:\/\/powerchip.com.br\/wp-content\/uploads\/2025\/11\/veja-acima.jpg\" alt=\"\" width=\"21\" height=\"34\" \/><\/p>\n<p>&nbsp;<\/p>\n<p>Carro pode perder a partida e n\u00e3o pegar , as vezes pega dando partida direto\u00a0 no arranque,<\/p>\n<p>Um profissional saber\u00e1 utilizar isso , ou ap\u00f3s a compra entre em contato.<\/p>\n<p>O uso \u00e9 por sua conta e risco.<\/p>\n<p>&nbsp;<\/p>\n<p>Mande um e-mail ou chame no Whatzapp. (16)991342577<\/p>\n<p>O uso \u00e9 por sua conta e risco.<\/p>\n<p><a href=\"https:\/\/powerchip.com.br\/index.php\/arquivo-destinado-a-profissionais\/\">Arquivo destinado a profissionais<\/a>.<\/p>\n<p><a href=\"https:\/\/powerchip.com.br\/index.php\/como-usar-o-arquivo-comprado\/\">Como usar o arquivo<\/a>.<\/p>\n<p><a href=\"https:\/\/powerchip.com.br\/index.php\/como-comprar\/\">Como comprar<\/a><\/p>\n","protected":false},"excerpt":{"rendered":"<p>MANUAL PARA CONSERTO ERRO DE SAIDA DE PARTIDO PARA O MOTOR DE ARRANQUE E FALHA NO FUNCIONANMENTO DA MERCEDES SIM271 KE2.0<\/p>\n","protected":false},"featured_media":1583,"template":"","meta":{"_joinchat":[]},"product_brand":[],"product_cat":[485],"product_tag":[1974,1972,1975,1971,1976,1973,1977],"class_list":{"0":"post-1581","1":"product","2":"type-product","3":"status-publish","4":"has-post-thumbnail","6":"product_cat-mercedes","7":"product_tag-e-falha","8":"product_tag-erro-de-saida-de-partido","9":"product_tag-funcionanmento","10":"product_tag-manual-para-conserto","11":"product_tag-mercedes","12":"product_tag-para-o-motor-de-arranque","13":"product_tag-sim271-ke2-0","15":"first","16":"instock","17":"downloadable","18":"virtual","19":"purchasable","20":"product-type-simple"},"jetpack_sharing_enabled":true,"_links":{"self":[{"href":"https:\/\/powerchip.com.br\/index.php\/wp-json\/wp\/v2\/product\/1581","targetHints":{"allow":["GET"]}}],"collection":[{"href":"https:\/\/powerchip.com.br\/index.php\/wp-json\/wp\/v2\/product"}],"about":[{"href":"https:\/\/powerchip.com.br\/index.php\/wp-json\/wp\/v2\/types\/product"}],"wp:featuredmedia":[{"embeddable":true,"href":"https:\/\/powerchip.com.br\/index.php\/wp-json\/wp\/v2\/media\/1583"}],"wp:attachment":[{"href":"https:\/\/powerchip.com.br\/index.php\/wp-json\/wp\/v2\/media?parent=1581"}],"wp:term":[{"taxonomy":"product_brand","embeddable":true,"href":"https:\/\/powerchip.com.br\/index.php\/wp-json\/wp\/v2\/product_brand?post=1581"},{"taxonomy":"product_cat","embeddable":true,"href":"https:\/\/powerchip.com.br\/index.php\/wp-json\/wp\/v2\/product_cat?post=1581"},{"taxonomy":"product_tag","embeddable":true,"href":"https:\/\/powerchip.com.br\/index.php\/wp-json\/wp\/v2\/product_tag?post=1581"}],"curies":[{"name":"wp","href":"https:\/\/api.w.org\/{rel}","templated":true}]}}