{"id":1577,"date":"2026-02-06T21:38:19","date_gmt":"2026-02-06T21:38:19","guid":{"rendered":"https:\/\/powerchip.com.br\/?post_type=product&#038;p=1577"},"modified":"2026-03-03T17:00:08","modified_gmt":"2026-03-03T17:00:08","slug":"arquivo-potencia-original-pops-sim2k-341-com-checksum-acertado-yab4rl0c-3111691f1l000-kr772852_s01xxxx-ichokr77215452-10083530231634-kr77285016-kmhec41cbba202556-kr772852_c02xxxxnb0-39","status":"publish","type":"product","link":"https:\/\/powerchip.com.br\/index.php\/produto\/arquivo-potencia-original-pops-sim2k-341-com-checksum-acertado-yab4rl0c-3111691f1l000-kr772852_s01xxxx-ichokr77215452-10083530231634-kr77285016-kmhec41cbba202556-kr772852_c02xxxxnb0-39\/","title":{"rendered":"ARQUIVO POT\u00caNCIA + ORIGINAL +DECAT + POPS SIM2K 341 COM CHECKSUM ACERTADO YAB4RL0C 3111691F1L000 KR772852_S01XXXX ICHOKR77215452\u00a0 10083530231634\u00a0 KR77285016 KMHEC41CBBA202556 KR772852_C02XXXXNB0 39155-2G640 39105-2G841 CE6 SIM2K-341 5WPY4P40B 3111691F1L000 KR772852_S01XXXX ICHOKR77215452 10083530231634 KR77285016 KMHEC41CBBA202556 KR772852_C02XXXXNB0."},"content":{"rendered":"<p>ARQUIVO POT\u00caNCIA + ORIGINAL + POPS SIM2K 341 COM CHECKSUM ACERTADO YAB4RL0C 3111691F1L000 KR772852_S01XXXX ICHOKR77215452\u00a0 10083530231634\u00a0 KR77285016 KMHEC41CBBA202556 KR772852_C02XXXXNB0 39155-2G640 39105-2G841 CE6 SIM2K-341 5WPY4P40B 3111691F1L000 KR772852_S01XXXX ICHOKR77215452 10083530231634 KR77285016 KMHEC41CBBA202556 KR772852_C02XXXXNB0.<\/p>\n<p><img loading=\"lazy\" decoding=\"async\" class=\"alignnone size-full wp-image-1040\" src=\"https:\/\/powerchip.com.br\/wp-content\/uploads\/2025\/11\/alto-falante.jpg\" alt=\"\" width=\"67\" height=\"55\" \/>\u00a0 \u00a0<strong>\u00a0<\/strong>\u201cLembrete: Este arquivo SIM E N\u00c3O\u00a0 necessita de prepara\u00e7\u00e3o espec\u00edfica para a central (ECU) de destino ( N\u00c3O USE\u00a0 EM ECU OPEN SE MESMO SW\u00a0 )\u00a0 FERRAMENTA USADA PCMFLASH\u00a0 OBD2 COM AUTORIZA\u00c7\u00c3O PELO IMOBILZIADOR.\u201d<\/p>\n<p>Voc\u00ea receber\u00e1 ap\u00f3s pagar:<\/p>\n<p><strong>A PROMO\u00c7\u00c3O 3 CILINDROS POWERCHIP.<\/strong><\/p>\n<p><img loading=\"lazy\" decoding=\"async\" class=\"alignnone size-full wp-image-1039\" src=\"https:\/\/powerchip.com.br\/wp-content\/uploads\/2025\/11\/veja-acima.jpg\" alt=\"\" width=\"21\" height=\"34\" \/><\/p>\n<p>&nbsp;<\/p>\n<p><img loading=\"lazy\" decoding=\"async\" class=\"alignnone size-full wp-image-1042\" src=\"https:\/\/powerchip.com.br\/wp-content\/uploads\/2025\/11\/pistao.jpg\" alt=\"\" width=\"17\" height=\"41\" \/> \u00a0ARQUIVO ORIGINAL<\/p>\n<p><img loading=\"lazy\" decoding=\"async\" class=\"alignnone size-full wp-image-1042\" src=\"https:\/\/powerchip.com.br\/wp-content\/uploads\/2025\/11\/pistao.jpg\" alt=\"\" width=\"17\" height=\"41\" \/><img loading=\"lazy\" decoding=\"async\" class=\"alignnone size-full wp-image-1042\" src=\"https:\/\/powerchip.com.br\/wp-content\/uploads\/2025\/11\/pistao.jpg\" alt=\"\" width=\"17\" height=\"41\" \/> ARQUIVO DE \u00a0POT\u00caNCIA<\/p>\n<p><img loading=\"lazy\" decoding=\"async\" class=\"alignnone size-full wp-image-1042\" src=\"https:\/\/powerchip.com.br\/wp-content\/uploads\/2025\/11\/pistao.jpg\" alt=\"\" width=\"17\" height=\"41\" \/><img loading=\"lazy\" decoding=\"async\" class=\"alignnone size-full wp-image-1042\" src=\"https:\/\/powerchip.com.br\/wp-content\/uploads\/2025\/11\/pistao.jpg\" alt=\"\" width=\"17\" height=\"41\" \/> ARQUIVO DE \u00a0POT\u00caNCIA + POPS (BETA TEST)<\/p>\n<p>Um profissional saber\u00e1 utilizar isso , ou ap\u00f3s a compra entre em contato.<\/p>\n<p>Nem todas as vers\u00f5es de software podem ser compat\u00edveis.<br \/>\nPara adicionar uma nova vers\u00e3o de software, entre em contato com o portal de suporte e anexe um arquivo.<br \/>\nO uso \u00e9 por sua conta e risco.<\/p>\n<p>&nbsp;<\/p>\n<p>Sempre leia e salve seu original para seguran\u00e7a.<\/p>\n<p>Mande um e-mail ou chame no Whatzapp. (16)991342577<\/p>\n<p>O uso \u00e9 por sua conta e risco.<\/p>\n<p><a href=\"https:\/\/powerchip.com.br\/index.php\/arquivo-destinado-a-profissionais\/\">Arquivo destinado a profissionais<\/a>.<\/p>\n<p><a href=\"https:\/\/powerchip.com.br\/index.php\/como-usar-o-arquivo-comprado\/\">Como usar o arquivo<\/a>.<\/p>\n<p><a href=\"https:\/\/powerchip.com.br\/index.php\/como-comprar\/\">Como comprar<\/a><\/p>\n","protected":false},"excerpt":{"rendered":"<p>ARQUIVO POT\u00caNCIA + ORIGINAL + POPS SIM2K 341 COM CHECKSUM ACERTADO YAB4RL0C 3111691F1L000 KR772852_S01XXXX ICHOKR77215452\u00a0 10083530231634\u00a0 KR77285016 KMHEC41CBBA202556 KR772852_C02XXXXNB0 39155-2G640 39105-2G841 CE6 SIM2K-341 5WPY4P40B 3111691F1L000 KR772852_S01XXXX ICHOKR77215452 10083530231634 KR77285016 KMHEC41CBBA202556 KR772852_C02XXXXNB0.<\/p>\n<p>&nbsp;<\/p>\n","protected":false},"featured_media":329,"template":"","meta":{"_joinchat":[]},"product_brand":[],"product_cat":[2079],"product_tag":[1963,1960,1968,1967,1970,1969,1962,1965,1964,1966,1961,1958,1959],"class_list":{"0":"post-1577","1":"product","2":"type-product","3":"status-publish","4":"has-post-thumbnail","6":"product_cat-hyundai-kia","7":"product_tag-1963","8":"product_tag-3111691f1l000","9":"product_tag-39105-2g841","10":"product_tag-39155-2g640","11":"product_tag-5wpy4p40b","12":"product_tag-ce6","13":"product_tag-ichokr77215452","14":"product_tag-kmhec41cbba202556","15":"product_tag-kr77285016","16":"product_tag-kr772852_c02xxxxnb0","17":"product_tag-kr772852_s01xxxx","18":"product_tag-sim2k-341","19":"product_tag-yab4rl0c","21":"first","22":"instock","23":"downloadable","24":"virtual","25":"purchasable","26":"product-type-simple"},"jetpack_sharing_enabled":true,"_links":{"self":[{"href":"https:\/\/powerchip.com.br\/index.php\/wp-json\/wp\/v2\/product\/1577","targetHints":{"allow":["GET"]}}],"collection":[{"href":"https:\/\/powerchip.com.br\/index.php\/wp-json\/wp\/v2\/product"}],"about":[{"href":"https:\/\/powerchip.com.br\/index.php\/wp-json\/wp\/v2\/types\/product"}],"wp:featuredmedia":[{"embeddable":true,"href":"https:\/\/powerchip.com.br\/index.php\/wp-json\/wp\/v2\/media\/329"}],"wp:attachment":[{"href":"https:\/\/powerchip.com.br\/index.php\/wp-json\/wp\/v2\/media?parent=1577"}],"wp:term":[{"taxonomy":"product_brand","embeddable":true,"href":"https:\/\/powerchip.com.br\/index.php\/wp-json\/wp\/v2\/product_brand?post=1577"},{"taxonomy":"product_cat","embeddable":true,"href":"https:\/\/powerchip.com.br\/index.php\/wp-json\/wp\/v2\/product_cat?post=1577"},{"taxonomy":"product_tag","embeddable":true,"href":"https:\/\/powerchip.com.br\/index.php\/wp-json\/wp\/v2\/product_tag?post=1577"}],"curies":[{"name":"wp","href":"https:\/\/api.w.org\/{rel}","templated":true}]}}