{"id":1573,"date":"2026-02-06T21:19:22","date_gmt":"2026-02-06T21:19:22","guid":{"rendered":"https:\/\/powerchip.com.br\/?post_type=product&#038;p=1573"},"modified":"2026-03-03T16:57:28","modified_gmt":"2026-03-03T16:57:28","slug":"arquivo-de-reset-clear-original-arquivo-virgem-lido-para-hb20-e-manual-de-resetar-seu-arquivo-95910-1s500-25lc256","status":"publish","type":"product","link":"https:\/\/powerchip.com.br\/index.php\/produto\/arquivo-de-reset-clear-original-arquivo-virgem-lido-para-hb20-e-manual-de-resetar-seu-arquivo-95910-1s500-25lc256\/","title":{"rendered":"ARQUIVO DE RESET , CLEAR + ORIGINAL + ARQUIVO VIRGEM LIDO PARA HB20 E MANUAL DE RESETAR SEU ARQUIVO 95910-1S500 25lc256."},"content":{"rendered":"<p>ARQUIVO DE RESET , CLEAR + ORIGINAL + ARQUIVO VIRGEM LIDO PARA HB20 E MANUAL DE RESETAR SEU ARQUIVO 95910 1S500-25lc256.<\/p>\n<p><img loading=\"lazy\" decoding=\"async\" class=\"alignnone size-full wp-image-1040\" src=\"https:\/\/powerchip.com.br\/wp-content\/uploads\/2025\/11\/alto-falante.jpg\" alt=\"\" width=\"67\" height=\"55\" \/>\u00a0 \u00a0<strong>\u00a0<\/strong>\u201cLembrete: \u00a0\u00a0CUIDADO COM MANUSEIO DE AIRBAG N\u00c3O SOMOS RESPONS\u00c1VEIS POR ERROS\u00a0 CAUSADOS\u00a0 OU BOLSAS ESTOURADAS .<\/p>\n<p>Voc\u00ea receber\u00e1 ap\u00f3s pagar:<\/p>\n<p><strong>A PROMO\u00c7\u00c3O 2\u00a0 BOLSAS POWERCHIP.<\/strong><\/p>\n<p><img loading=\"lazy\" decoding=\"async\" class=\"alignnone size-full wp-image-1039\" src=\"https:\/\/powerchip.com.br\/wp-content\/uploads\/2025\/11\/veja-acima.jpg\" alt=\"\" width=\"21\" height=\"34\" \/><\/p>\n<p>&nbsp;<\/p>\n<p><strong><img loading=\"lazy\" decoding=\"async\" class=\"alignnone size-full wp-image-1044\" src=\"https:\/\/powerchip.com.br\/wp-content\/uploads\/2025\/11\/AIRBAG-PEQUENO.jpg\" alt=\"\" width=\"28\" height=\"31\" \/> <\/strong>ARQUIVO VIRGEM 95910-1S500.<\/p>\n<p><strong><img loading=\"lazy\" decoding=\"async\" class=\"alignnone size-full wp-image-1044\" src=\"https:\/\/powerchip.com.br\/wp-content\/uploads\/2025\/11\/AIRBAG-PEQUENO.jpg\" alt=\"\" width=\"28\" height=\"31\" \/><\/strong><strong><img loading=\"lazy\" decoding=\"async\" class=\"alignnone size-full wp-image-1044\" src=\"https:\/\/powerchip.com.br\/wp-content\/uploads\/2025\/11\/AIRBAG-PEQUENO.jpg\" alt=\"\" width=\"28\" height=\"31\" \/><\/strong><strong>\u00a0<\/strong>01 MANUAL RESET PARA\u00a0<strong> 95910-1S500.<\/strong><\/p>\n<p>Um profissional saber\u00e1 utilizar isso , ou ap\u00f3s a compra entre em contato.<\/p>\n<p>A\u00a0 fun\u00e7\u00e3o\u00a0 RESET\u00a0 da ECU DE AIRBAG DEIXA\u00a0 sua unidade DE volta a ser nova.<br \/>\nNem todas as vers\u00f5es de software podem ser compat\u00edveis.<br \/>\nPara adicionar uma nova vers\u00e3o de software, entre em contato com o portal de suporte e anexe um arquivo.<br \/>\nO uso \u00e9 por sua conta e risco.<\/p>\n<p>CUIDADO COM MANUSEIO DE AIRBAG N\u00c3O SOMOS RESPONS\u00c1VEIS POR ERROS\u00a0 CAUSADOS\u00a0 OU BOLSAS ESTOURADAS .<\/p>\n<p>Sempre leia e salve seu original para seguran\u00e7a.<\/p>\n<p>Mande um e-mail ou chame no Whatzapp. (16)991342577<\/p>\n<p>O uso \u00e9 por sua conta e risco.<\/p>\n<p><a href=\"https:\/\/powerchip.com.br\/index.php\/arquivo-destinado-a-profissionais\/\">Arquivo destinado a profissionais<\/a>.<\/p>\n<p><a href=\"https:\/\/powerchip.com.br\/index.php\/como-usar-o-arquivo-comprado\/\">Como usar o arquivo<\/a>.<\/p>\n<p><a href=\"https:\/\/powerchip.com.br\/index.php\/como-comprar\/\">Como comprar<\/a><\/p>\n","protected":false},"excerpt":{"rendered":"<p>ARQUIVO DE RESET , CLEAR + ORIGINAL + ARQUIVO VIRGEM LIDO PARA HB20 E MANUAL DE RESETAR SEU ARQUIVO 95910 1S500-25lc256. \u00a0 \u00a0\u00a0\u201cLembrete: \u00a0\u00a0CUIDADO COM MANUSEIO DE AIRBAG N\u00c3O SOMOS RESPONS\u00c1VEIS POR ERROS\u00a0 CAUSADOS\u00a0 OU BOLSAS ESTOURADAS . Voc\u00ea receber\u00e1 ap\u00f3s pagar: A PROMO\u00c7\u00c3O 2\u00a0 BOLSAS POWERCHIP. &nbsp; ARQUIVO VIRGEM 95910-1S500. \u00a001 MANUAL RESET PARA\u00a0 [&hellip;]<\/p>\n","protected":false},"featured_media":1126,"template":"","meta":{"_joinchat":[]},"product_brand":[],"product_cat":[2079],"product_tag":[1957,1956,1955],"class_list":{"0":"post-1573","1":"product","2":"type-product","3":"status-publish","4":"has-post-thumbnail","6":"product_cat-hyundai-kia","7":"product_tag-95910-1s500","8":"product_tag-manual-reset","9":"product_tag-r161","11":"first","12":"instock","13":"downloadable","14":"virtual","15":"purchasable","16":"product-type-simple"},"jetpack_sharing_enabled":true,"_links":{"self":[{"href":"https:\/\/powerchip.com.br\/index.php\/wp-json\/wp\/v2\/product\/1573","targetHints":{"allow":["GET"]}}],"collection":[{"href":"https:\/\/powerchip.com.br\/index.php\/wp-json\/wp\/v2\/product"}],"about":[{"href":"https:\/\/powerchip.com.br\/index.php\/wp-json\/wp\/v2\/types\/product"}],"wp:featuredmedia":[{"embeddable":true,"href":"https:\/\/powerchip.com.br\/index.php\/wp-json\/wp\/v2\/media\/1126"}],"wp:attachment":[{"href":"https:\/\/powerchip.com.br\/index.php\/wp-json\/wp\/v2\/media?parent=1573"}],"wp:term":[{"taxonomy":"product_brand","embeddable":true,"href":"https:\/\/powerchip.com.br\/index.php\/wp-json\/wp\/v2\/product_brand?post=1573"},{"taxonomy":"product_cat","embeddable":true,"href":"https:\/\/powerchip.com.br\/index.php\/wp-json\/wp\/v2\/product_cat?post=1573"},{"taxonomy":"product_tag","embeddable":true,"href":"https:\/\/powerchip.com.br\/index.php\/wp-json\/wp\/v2\/product_tag?post=1573"}],"curies":[{"name":"wp","href":"https:\/\/api.w.org\/{rel}","templated":true}]}}