{"id":1561,"date":"2026-02-03T23:49:15","date_gmt":"2026-02-03T23:49:15","guid":{"rendered":"https:\/\/powerchip.com.br\/?post_type=product&#038;p=1561"},"modified":"2026-02-25T17:06:27","modified_gmt":"2026-02-25T17:06:27","slug":"pacote-arquivo-calibracao-powershift-bv6p-7j104-dd-bv6p-7j104-eb-ca6p-7j104-ba-ca6p-7j104-bb-ca6p-7j104-ca-ca6p-7j104-cb-ca6p-7j104-fa-ca6p-7j104-ga-ca6p-7j104-hl-ca6p-7j104-jl-ca6p-7j104-j","status":"publish","type":"product","link":"https:\/\/powerchip.com.br\/index.php\/produto\/pacote-arquivo-calibracao-powershift-bv6p-7j104-dd-bv6p-7j104-eb-ca6p-7j104-ba-ca6p-7j104-bb-ca6p-7j104-ca-ca6p-7j104-cb-ca6p-7j104-fa-ca6p-7j104-ga-ca6p-7j104-hl-ca6p-7j104-jl-ca6p-7j104-j\/","title":{"rendered":"PACOTE ARQUIVO CALIBRA\u00c7\u00c3O POWERSHIFT  BV6P-7J104-DD, BV6P-7J104-EB, CA6P-7J104-BA, CA6P-7J104-BB, CA6P-7J104-CA, CA6P-7J104-CB, CA6P-7J104-FA, CA6P-7J104-GA, CA6P-7J104-HL, CA6P-7J104-JL, CA6P-7J104-JJ, FA6P-7J104-DA, FA6P-7J104-KD, FA6P-7J104-LC, FN1P-7J104-CD, FN1P-7J104-DE, FV6P-7J104-GE, FV6P-7J104-GB,, FV6P-7J104-GC, FV6P-7J104-GD, FV6P-7J104-GE, FV6P-7J104-JB, TCM VIRGEM"},"content":{"rendered":"<p><img loading=\"lazy\" decoding=\"async\" class=\"alignnone size-full wp-image-1040\" src=\"https:\/\/powerchip.com.br\/wp-content\/uploads\/2025\/11\/alto-falante.jpg\" alt=\"\" width=\"67\" height=\"55\" \/>\u00a0 \u00a0<strong>\u00a0<\/strong>\u201cLembrete: Este arquivo SIM , N\u00c3O\u00a0 necessita de prepara\u00e7\u00e3o espec\u00edfica para a central (ECU) de destino\u00a0 .\u201d<\/p>\n<p>Voc\u00ea receber\u00e1 ap\u00f3s pagar:<\/p>\n<p><strong>1 arquivo zipado CONTENDO\u00a0 BIN E VBF<\/strong><\/p>\n<p>PACOTE ARQUIVO CALIBRA\u00c7\u00c3O POWERSHIFT VBF E BINARIO.<\/p>\n<p>BV6P-7J104-DD<br \/>\nBV6P-7J104-EB<br \/>\nCA6P-7J104-BA<br \/>\nCA6P-7J104-BB<br \/>\nCA6P-7J104-CA<br \/>\nCA6P-7J104-CB<br \/>\nCA6P-7J104-FA<br \/>\nCA6P-7J104-GA<br \/>\nCA6P-7J104-HL<br \/>\nCA6P-7J104-JL<br \/>\nCA6P-7J104-JJ<br \/>\nFA6P-7J104-DA<br \/>\nFA6P-7J104-KD<br \/>\nFA6P-7J104-LC<br \/>\nFN1P-7J104-CD<br \/>\nFN1P-7J104-DE<br \/>\nFV6P-7J104-GE<br \/>\nFV6P-7J104-GB<br \/>\nFV6P-7J104-GC<br \/>\nFV6P-7J104-GD<br \/>\nFV6P-7J104-GE<br \/>\nFV6P-7J104-JB<br \/>\nTCM VIRGEM<\/p>\n<p>Sempre leia e salve seu original para seguran\u00e7a.<\/p>\n<p>Mande um e-mail ou chame no Whatzapp. (16)991342577<\/p>\n<p>O uso \u00e9 por sua conta e risco.<\/p>\n<p><a href=\"https:\/\/powerchip.com.br\/index.php\/arquivo-destinado-a-profissionais\/\">Arquivo destinado a profissionais<\/a>.<\/p>\n<p><a href=\"https:\/\/powerchip.com.br\/index.php\/como-usar-o-arquivo-comprado\/\">Como usar o arquivo<\/a>.<\/p>\n<p><a href=\"https:\/\/powerchip.com.br\/index.php\/como-comprar\/\">Como comprar<\/a><\/p>\n<p><b>\u00a0<\/b><\/p>\n","protected":false},"excerpt":{"rendered":"<p>PACOTE ARQUIVO CALIBRA\u00c7\u00c3O POWERSHIFT BV6P-7J104-DD, BV6P-7J104-EB, CA6P-7J104-BA, CA6P-7J104-BB, CA6P-7J104-CA, CA6P-7J104-CB, CA6P-7J104-FA, CA6P-7J104-GA, CA6P-7J104-HL, CA6P-7J104-JL, CA6P-7J104-JJ, FA6P-7J104-DA, FA6P-7J104-KD, FA6P-7J104-LC, FN1P-7J104-CD, FN1P-7J104-DE, FV6P-7J104-GE, FV6P-7J104-GB,, FV6P-7J104-GC, FV6P-7J104-GD, FV6P-7J104-GE, FV6P-7J104-JB, TCM VIRGEM<\/p>\n","protected":false},"featured_media":948,"template":"","meta":{"_joinchat":[]},"product_brand":[],"product_cat":[69],"product_tag":[1922,1923,1924,1925,1926,1927,1928,1929,1930,1932,1931,1933,1934,1935,1936,1937,1939,1940,1941,1938,1942,1943],"class_list":{"0":"post-1561","1":"product","2":"type-product","3":"status-publish","4":"has-post-thumbnail","6":"product_cat-ford","7":"product_tag-bv6p-7j104-dd","8":"product_tag-bv6p-7j104-eb","9":"product_tag-ca6p-7j104-ba","10":"product_tag-ca6p-7j104-bb","11":"product_tag-ca6p-7j104-ca","12":"product_tag-ca6p-7j104-cb","13":"product_tag-ca6p-7j104-fa","14":"product_tag-ca6p-7j104-ga","15":"product_tag-ca6p-7j104-hl","16":"product_tag-ca6p-7j104-jj","17":"product_tag-ca6p-7j104-jl","18":"product_tag-fa6p-7j104-da","19":"product_tag-fa6p-7j104-kd","20":"product_tag-fa6p-7j104-lc","21":"product_tag-fn1p-7j104-cd","22":"product_tag-fn1p-7j104-de","23":"product_tag-fv6p-7j104-gb","24":"product_tag-fv6p-7j104-gc","25":"product_tag-fv6p-7j104-gd","26":"product_tag-fv6p-7j104-ge","27":"product_tag-fv6p-7j104-jb","28":"product_tag-tcm-virgem","30":"first","31":"instock","32":"downloadable","33":"virtual","34":"purchasable","35":"product-type-simple"},"jetpack_sharing_enabled":true,"_links":{"self":[{"href":"https:\/\/powerchip.com.br\/index.php\/wp-json\/wp\/v2\/product\/1561","targetHints":{"allow":["GET"]}}],"collection":[{"href":"https:\/\/powerchip.com.br\/index.php\/wp-json\/wp\/v2\/product"}],"about":[{"href":"https:\/\/powerchip.com.br\/index.php\/wp-json\/wp\/v2\/types\/product"}],"wp:featuredmedia":[{"embeddable":true,"href":"https:\/\/powerchip.com.br\/index.php\/wp-json\/wp\/v2\/media\/948"}],"wp:attachment":[{"href":"https:\/\/powerchip.com.br\/index.php\/wp-json\/wp\/v2\/media?parent=1561"}],"wp:term":[{"taxonomy":"product_brand","embeddable":true,"href":"https:\/\/powerchip.com.br\/index.php\/wp-json\/wp\/v2\/product_brand?post=1561"},{"taxonomy":"product_cat","embeddable":true,"href":"https:\/\/powerchip.com.br\/index.php\/wp-json\/wp\/v2\/product_cat?post=1561"},{"taxonomy":"product_tag","embeddable":true,"href":"https:\/\/powerchip.com.br\/index.php\/wp-json\/wp\/v2\/product_tag?post=1561"}],"curies":[{"name":"wp","href":"https:\/\/api.w.org\/{rel}","templated":true}]}}