{"id":1558,"date":"2026-02-03T23:30:08","date_gmt":"2026-02-03T23:30:08","guid":{"rendered":"https:\/\/powerchip.com.br\/?post_type=product&#038;p=1558"},"modified":"2026-02-03T23:33:14","modified_gmt":"2026-02-03T23:33:14","slug":"1558","status":"publish","type":"product","link":"https:\/\/powerchip.com.br\/index.php\/produto\/1558\/","title":{"rendered":"ARQUIVO PARA FORD FOCUS POWERSHIFT\u00a0 EMS2215 HM5A-12B684-AD HM51PD DA6A-14C558-BC HM51-12A650-PB HM51-14C204-PD ES-XS7F-12A650-TB2 A2C8086230500 A2C80862305JAAB A2C8086230599"},"content":{"rendered":"<p>ARQUIVO PARA FORD FOCUS POWERSHIFT\u00a0 EMS2215 HM5A-12B684-AD HM51PD DA6A-14C558-BC HM51-12A650-PB HM51-14C204-PD ES-XS7F-12A650-TB2 A2C8086230500 A2C80862305JAAB A2C8086230599<\/p>\n<p><img loading=\"lazy\" decoding=\"async\" class=\"alignnone size-medium wp-image-948\" src=\"https:\/\/powerchip.com.br\/wp-content\/uploads\/2025\/11\/foto-de-zip-original--300x175.jpg\" alt=\"\" width=\"300\" height=\"175\" srcset=\"https:\/\/powerchip.com.br\/wp-content\/uploads\/2025\/11\/foto-de-zip-original--300x175.jpg 300w, https:\/\/powerchip.com.br\/wp-content\/uploads\/2025\/11\/foto-de-zip-original--600x350.jpg 600w, https:\/\/powerchip.com.br\/wp-content\/uploads\/2025\/11\/foto-de-zip-original-.jpg 727w\" sizes=\"auto, (max-width: 300px) 100vw, 300px\" \/><\/p>\n<p><img loading=\"lazy\" decoding=\"async\" class=\"alignnone size-full wp-image-1040\" src=\"https:\/\/powerchip.com.br\/wp-content\/uploads\/2025\/11\/alto-falante.jpg\" alt=\"\" width=\"67\" height=\"55\" \/>\u00a0 \u00a0<strong>\u00a0<\/strong>\u201cLembrete: Este arquivo N\u00c3O\u00a0 necessita de prepara\u00e7\u00e3o espec\u00edfica para a central (ECU) de destino GRAVE VIA PCMFLASH, BITBOX ETC&#8230; .\u201d<\/p>\n<p>Voc\u00ea receber\u00e1 ap\u00f3s pagar:<\/p>\n<p><b>\u00a0<\/b><\/p>\n<p><img loading=\"lazy\" decoding=\"async\" class=\"alignnone size-full wp-image-1039\" src=\"https:\/\/powerchip.com.br\/wp-content\/uploads\/2025\/11\/veja-acima.jpg\" alt=\"\" width=\"21\" height=\"34\" \/><\/p>\n<p>&nbsp;<\/p>\n<p><img loading=\"lazy\" decoding=\"async\" class=\"alignnone size-full wp-image-1042\" src=\"https:\/\/powerchip.com.br\/wp-content\/uploads\/2025\/11\/pistao.jpg\" alt=\"\" width=\"17\" height=\"41\" \/> \u00a0ARQUIVO ORIGINAL EMS2215 PARA CAMBIO\u00a0 POWERSHIFT<\/p>\n<p>&nbsp;<\/p>\n<p>Um profissional saber\u00e1 utilizar isso , ou ap\u00f3s a compra entre em contato.<\/p>\n<p>&nbsp;<\/p>\n<p>Sempre leia e salve seu original para seguran\u00e7a.<\/p>\n<p>Mande um e-mail ou chame no Whatzapp. (16)991342577<\/p>\n<p>O uso \u00e9 por sua conta e risco.<\/p>\n<p><a href=\"https:\/\/powerchip.com.br\/index.php\/arquivo-destinado-a-profissionais\/\">Arquivo destinado a profissionais<\/a>.<\/p>\n<p><a href=\"https:\/\/powerchip.com.br\/index.php\/como-usar-o-arquivo-comprado\/\">Como usar o arquivo<\/a>.<\/p>\n<p><a href=\"https:\/\/powerchip.com.br\/index.php\/como-comprar\/\">Como comprar<\/a><\/p>\n","protected":false},"excerpt":{"rendered":"<p>ARQUIVO PARA FORD FOCUS POWERSHIFT\u00a0 EMS2215 HM5A-12B684-AD HM51PD DA6A-14C558-BC HM51-12A650-PB HM51-14C204-PD ES-XS7F-12A650-TB2 A2C8086230500 A2C80862305JAAB A2C8086230599<\/p>\n","protected":false},"featured_media":948,"template":"","meta":{"_joinchat":[]},"product_brand":[],"product_cat":[69],"product_tag":[1914,1915,1916,1920,1918,1909,1921,1919,1912,1917],"class_list":{"0":"post-1558","1":"product","2":"type-product","3":"status-publish","4":"has-post-thumbnail","6":"product_cat-ford","7":"product_tag-a2c8086230500","8":"product_tag-a2c8086230599","9":"product_tag-a2c80862305jaab","10":"product_tag-da6a-14c558-bc-hm51-12a650-pb","11":"product_tag-ems2215","12":"product_tag-focus","13":"product_tag-hm51-14c204-pd-es-xs7f-12a650-tb2","14":"product_tag-hm51pd","15":"product_tag-hm5a-12b684-ad","16":"product_tag-powershift","18":"first","19":"instock","20":"downloadable","21":"virtual","22":"purchasable","23":"product-type-simple"},"jetpack_sharing_enabled":true,"_links":{"self":[{"href":"https:\/\/powerchip.com.br\/index.php\/wp-json\/wp\/v2\/product\/1558","targetHints":{"allow":["GET"]}}],"collection":[{"href":"https:\/\/powerchip.com.br\/index.php\/wp-json\/wp\/v2\/product"}],"about":[{"href":"https:\/\/powerchip.com.br\/index.php\/wp-json\/wp\/v2\/types\/product"}],"wp:featuredmedia":[{"embeddable":true,"href":"https:\/\/powerchip.com.br\/index.php\/wp-json\/wp\/v2\/media\/948"}],"wp:attachment":[{"href":"https:\/\/powerchip.com.br\/index.php\/wp-json\/wp\/v2\/media?parent=1558"}],"wp:term":[{"taxonomy":"product_brand","embeddable":true,"href":"https:\/\/powerchip.com.br\/index.php\/wp-json\/wp\/v2\/product_brand?post=1558"},{"taxonomy":"product_cat","embeddable":true,"href":"https:\/\/powerchip.com.br\/index.php\/wp-json\/wp\/v2\/product_cat?post=1558"},{"taxonomy":"product_tag","embeddable":true,"href":"https:\/\/powerchip.com.br\/index.php\/wp-json\/wp\/v2\/product_tag?post=1558"}],"curies":[{"name":"wp","href":"https:\/\/api.w.org\/{rel}","templated":true}]}}