{"id":1528,"date":"2026-02-02T21:08:02","date_gmt":"2026-02-02T21:08:02","guid":{"rendered":"https:\/\/powerchip.com.br\/?post_type=product&#038;p=1528"},"modified":"2026-02-02T21:09:33","modified_gmt":"2026-02-02T21:09:33","slug":"arquivo-potencia-pops-original-vw-polo-tsi-2024-10sw1019470-04c907309cd-04c906025fr-3325-med17-1-27-10sw1019470-d17127v51c001_m33v60","status":"publish","type":"product","link":"https:\/\/powerchip.com.br\/index.php\/produto\/arquivo-potencia-pops-original-vw-polo-tsi-2024-10sw1019470-04c907309cd-04c906025fr-3325-med17-1-27-10sw1019470-d17127v51c001_m33v60\/","title":{"rendered":"ARQUIVO\u00a0 POT\u00caNCIA + POPS + ORIGINAL ,VW Polo TSI 2024 10SW1019470\u00a0 04C907309CD 04C906025FR 3325 MED17.1.27 10SW1019470 D17127V51C001_M33V60"},"content":{"rendered":"<p>ARQUIVO\u00a0 POT\u00caNCIA + POPS + ORIGINAL ,VW Polo TSI 2024 10SW1019470\u00a0 04C907309CD 04C906025FR 3325 MED17.1.27 10SW1019470 D17127V51C001_M33V60<\/p>\n<p><img loading=\"lazy\" decoding=\"async\" class=\"alignnone size-full wp-image-1040\" src=\"https:\/\/powerchip.com.br\/wp-content\/uploads\/2025\/11\/alto-falante.jpg\" alt=\"\" width=\"67\" height=\"55\" \/>\u00a0 \u00a0<strong>\u00a0<\/strong>\u201cLembrete: Este arquivo\u00a0 SIM\u00a0 necessita de prepara\u00e7\u00e3o espec\u00edfica para a central (ECU) de destino ( N\u00c3O USE\u00a0 EM ECU OPEN ) .\u201d<\/p>\n<p>Voc\u00ea receber\u00e1 ap\u00f3s pagar:<\/p>\n<p><strong>A PROMO\u00c7\u00c3O 3 CILINDROS POWERCHIP.<\/strong><\/p>\n<p><img loading=\"lazy\" decoding=\"async\" class=\"alignnone size-full wp-image-1039\" src=\"https:\/\/powerchip.com.br\/wp-content\/uploads\/2025\/11\/veja-acima.jpg\" alt=\"\" width=\"21\" height=\"34\" \/><\/p>\n<p>&nbsp;<\/p>\n<p><img loading=\"lazy\" decoding=\"async\" class=\"alignnone size-full wp-image-1042\" src=\"https:\/\/powerchip.com.br\/wp-content\/uploads\/2025\/11\/pistao.jpg\" alt=\"\" width=\"17\" height=\"41\" \/> \u00a0ARQUIVO ORIGINAL<\/p>\n<p><img loading=\"lazy\" decoding=\"async\" class=\"alignnone size-full wp-image-1042\" src=\"https:\/\/powerchip.com.br\/wp-content\/uploads\/2025\/11\/pistao.jpg\" alt=\"\" width=\"17\" height=\"41\" \/><img loading=\"lazy\" decoding=\"async\" class=\"alignnone size-full wp-image-1042\" src=\"https:\/\/powerchip.com.br\/wp-content\/uploads\/2025\/11\/pistao.jpg\" alt=\"\" width=\"17\" height=\"41\" \/> ARQUIVO DE \u00a0POT\u00caNCIA<\/p>\n<p><img loading=\"lazy\" decoding=\"async\" class=\"alignnone size-full wp-image-1042\" src=\"https:\/\/powerchip.com.br\/wp-content\/uploads\/2025\/11\/pistao.jpg\" alt=\"\" width=\"17\" height=\"41\" \/><img loading=\"lazy\" decoding=\"async\" class=\"alignnone size-full wp-image-1042\" src=\"https:\/\/powerchip.com.br\/wp-content\/uploads\/2025\/11\/pistao.jpg\" alt=\"\" width=\"17\" height=\"41\" \/><img loading=\"lazy\" decoding=\"async\" class=\"alignnone size-full wp-image-1042\" src=\"https:\/\/powerchip.com.br\/wp-content\/uploads\/2025\/11\/pistao.jpg\" alt=\"\" width=\"17\" height=\"41\" \/>\u00a0ARQUIVO DE \u00a0POT\u00caNCIA + POPS<\/p>\n<p>Um profissional saber\u00e1 utilizar isso , ou ap\u00f3s a compra entre em contato.<\/p>\n<p>Nem todas as vers\u00f5es de software podem ser compat\u00edveis.<br \/>\nPara adicionar uma nova vers\u00e3o de software, entre em contato com o portal de suporte e anexe um arquivo.<br \/>\nO uso \u00e9 por sua conta e risco.<\/p>\n<p>&nbsp;<\/p>\n<p>Sempre leia e salve seu original para seguran\u00e7a.<\/p>\n<p>Mande um e-mail ou chame no Whatzapp. (16)991342577<\/p>\n<p>O uso \u00e9 por sua conta e risco.<\/p>\n<p><a href=\"https:\/\/powerchip.com.br\/index.php\/arquivo-destinado-a-profissionais\/\">Arquivo destinado a profissionais<\/a>.<\/p>\n<p><a href=\"https:\/\/powerchip.com.br\/index.php\/como-usar-o-arquivo-comprado\/\">Como usar o arquivo<\/a>.<\/p>\n<p><a href=\"https:\/\/powerchip.com.br\/index.php\/como-comprar\/\">Como comprar<\/a><\/p>\n","protected":false},"excerpt":{"rendered":"<p>ARQUIVO\u00a0 POT\u00caNCIA + POPS + ORIGINAL ,VW Polo TSI 2024 10SW1019470\u00a0 04C907309CD 04C906025FR 3325 MED17.1.27 10SW1019470 D17127V51C001_M33V60<\/p>\n","protected":false},"featured_media":329,"template":"","meta":{"_joinchat":[]},"product_brand":[],"product_cat":[32],"product_tag":[1877,515,1876,1463,1878,516,508,348,1373],"class_list":{"0":"post-1528","1":"product","2":"type-product","3":"status-publish","4":"has-post-thumbnail","6":"product_cat-vw","7":"product_tag-04c906025fr","8":"product_tag-04c907309cd","9":"product_tag-10sw1019470","10":"product_tag-1463","11":"product_tag-1878","12":"product_tag-d17127v51c001_m33v60","13":"product_tag-med17-1-27","14":"product_tag-polo","15":"product_tag-tsi","17":"first","18":"instock","19":"downloadable","20":"virtual","21":"purchasable","22":"product-type-simple"},"jetpack_sharing_enabled":true,"_links":{"self":[{"href":"https:\/\/powerchip.com.br\/index.php\/wp-json\/wp\/v2\/product\/1528","targetHints":{"allow":["GET"]}}],"collection":[{"href":"https:\/\/powerchip.com.br\/index.php\/wp-json\/wp\/v2\/product"}],"about":[{"href":"https:\/\/powerchip.com.br\/index.php\/wp-json\/wp\/v2\/types\/product"}],"wp:featuredmedia":[{"embeddable":true,"href":"https:\/\/powerchip.com.br\/index.php\/wp-json\/wp\/v2\/media\/329"}],"wp:attachment":[{"href":"https:\/\/powerchip.com.br\/index.php\/wp-json\/wp\/v2\/media?parent=1528"}],"wp:term":[{"taxonomy":"product_brand","embeddable":true,"href":"https:\/\/powerchip.com.br\/index.php\/wp-json\/wp\/v2\/product_brand?post=1528"},{"taxonomy":"product_cat","embeddable":true,"href":"https:\/\/powerchip.com.br\/index.php\/wp-json\/wp\/v2\/product_cat?post=1528"},{"taxonomy":"product_tag","embeddable":true,"href":"https:\/\/powerchip.com.br\/index.php\/wp-json\/wp\/v2\/product_tag?post=1528"}],"curies":[{"name":"wp","href":"https:\/\/api.w.org\/{rel}","templated":true}]}}