{"id":1524,"date":"2026-02-02T20:55:27","date_gmt":"2026-02-02T20:55:27","guid":{"rendered":"https:\/\/powerchip.com.br\/?post_type=product&#038;p=1524"},"modified":"2026-02-02T21:16:19","modified_gmt":"2026-02-02T21:16:19","slug":"pacotao-de-reset-e-decode-4afb-21-arquivos-para-soic-95160","status":"publish","type":"product","link":"https:\/\/powerchip.com.br\/index.php\/produto\/pacotao-de-reset-e-decode-4afb-21-arquivos-para-soic-95160\/","title":{"rendered":"PACOTAO DE  RESET E DECODE 4AFB  21 ARQUIVOS PARA SOIC 95160."},"content":{"rendered":"<p>PACOTAO DE RESET E DECODE 4AFB 21 ARQUIVOS PARA SOIC 95160, BEEPROG, UPA USB, ETC<\/p>\n<p>1 4AFB.BH 95160<br \/>\n2 4AFB.CF 95160<br \/>\n3 4AFB.F1 95160<br \/>\n4 4AFB.F3 95160<br \/>\n5 4AFB.FF 95160<br \/>\n6 4AFB.FL 95160<br \/>\n7 4AFB.FR 95160<br \/>\n8 4AFB.P1 95160<br \/>\n94 AFB.P2 95160<br \/>\n10 4AFB.P3 95160<br \/>\n11 4AFB.PF 95160<br \/>\n12 4AFB.PK 95160<br \/>\n13 4AFB.T1 95160<br \/>\n14 4AFB.T3 95160<br \/>\n15 4AFB.TH 95160<br \/>\n16 4AFB.UF 95160<br \/>\n17 4AFB.UF1 95160<br \/>\n18 4AFB.UG 95160<br \/>\n19 4AFB.UN 95160<br \/>\n20 4AFB.UB2 95160<br \/>\n21 4AFB.UE 95160<\/p>\n<p>Quando \u00e9 rede Can \u00e9 somente reset e n\u00e3o Decode<br \/>\nQuando \u00e9 caixa de imobilizador \u00e9 s\u00f3 desligar o imo e \u00e9 Decode, com imo \u00e9 reset.<\/p>\n<p><img loading=\"lazy\" decoding=\"async\" class=\"alignnone size-medium wp-image-1533\" src=\"https:\/\/powerchip.com.br\/wp-content\/uploads\/2026\/02\/4AFB-_FIAT_FIRE-300x258.jpg\" alt=\"\" width=\"300\" height=\"258\" srcset=\"https:\/\/powerchip.com.br\/wp-content\/uploads\/2026\/02\/4AFB-_FIAT_FIRE-300x258.jpg 300w, https:\/\/powerchip.com.br\/wp-content\/uploads\/2026\/02\/4AFB-_FIAT_FIRE.jpg 409w\" sizes=\"auto, (max-width: 300px) 100vw, 300px\" \/><\/p>\n<p>&nbsp;<\/p>\n<p><img loading=\"lazy\" decoding=\"async\" class=\"alignnone size-full wp-image-1040\" src=\"https:\/\/powerchip.com.br\/wp-content\/uploads\/2025\/11\/alto-falante.jpg\" alt=\"\" width=\"67\" height=\"55\" \/>\u00a0 \u00a0<strong>\u00a0<\/strong>\u201cLembrete: Este arquivo N\u00c3O\u00a0 necessita de prepara\u00e7\u00e3o espec\u00edfica para a central (ECU) de destino\u00a0 \u00a0.\u201d<\/p>\n<p>Voc\u00ea receber\u00e1 ap\u00f3s pagar:<\/p>\n<p><strong>A PROMO\u00c7\u00c3O 21\u00a0<\/strong><\/p>\n<p><img loading=\"lazy\" decoding=\"async\" class=\"alignnone size-full wp-image-1039\" src=\"https:\/\/powerchip.com.br\/wp-content\/uploads\/2025\/11\/veja-acima.jpg\" alt=\"\" width=\"21\" height=\"34\" \/><\/p>\n<p>&nbsp;<\/p>\n<p>21 ARQUIVOS NO PACOTE ZIPADO<\/p>\n<p>Um profissional saber\u00e1 utilizar isso , ou ap\u00f3s a compra entre em contato.<\/p>\n<p>A Desativa\u00e7\u00e3o\u00a0 OU Reset da fun\u00e7\u00e3o imobilizador \u00e9 para diagn\u00f3stico e verifica\u00e7\u00e3o da ECU durante o reparo.<br \/>\nNem todas as vers\u00f5es de software podem ser compat\u00edveis.<br \/>\nPara adicionar uma nova vers\u00e3o de software, entre em contato com o portal de suporte e anexe um arquivo.<br \/>\nO uso \u00e9 por sua conta e risco.<\/p>\n<p>O m\u00f3dulo permite desativar ou resetar\u00a0 o imobilizador (IMMO OFF, por exemplo, para verificar os componentes do sistema)<\/p>\n<p>Sempre leia e salve seu original para seguran\u00e7a.<\/p>\n<p>Mande um e-mail ou chame no Whatzapp. (16)991342577<\/p>\n<p>O uso \u00e9 por sua conta e risco.<\/p>\n<p><a href=\"https:\/\/powerchip.com.br\/index.php\/arquivo-destinado-a-profissionais\/\">Arquivo destinado a profissionais<\/a>.<\/p>\n<p><a href=\"https:\/\/powerchip.com.br\/index.php\/como-usar-o-arquivo-comprado\/\">Como usar o arquivo<\/a>.<\/p>\n<p><a href=\"https:\/\/powerchip.com.br\/index.php\/como-comprar\/\">Como comprar<\/a><\/p>\n<p>&nbsp;<\/p>\n","protected":false},"excerpt":{"rendered":"<p>PACOTAO DE RESET E DECODE 4AFB 21 ARQUIVOS PARA SOIC 95160, BEEPROG, UPA USB, ETC 1 4AFB.BH 95160 2 4AFB.CF 95160 3 4AFB.F1 95160 4 4AFB.F3 95160 5 4AFB.FF 95160 6 4AFB.FL 95160 7 4AFB.FR 95160 8 4AFB.P1 95160 94 AFB.P2 95160 10 4AFB.P3 95160 11 4AFB.PF 95160 12 4AFB.PK 95160 13 4AFB.T1 95160 14 [&hellip;]<\/p>\n","protected":false},"featured_media":1533,"template":"","meta":{"_joinchat":[]},"product_brand":[],"product_cat":[21],"product_tag":[1855,1864,1865,1866,1867,1868,1869,1870,1871,1872,1873,1856,1874,1875,1857,1858,1859,1860,1861,1862,1863],"class_list":{"0":"post-1524","1":"product","2":"type-product","3":"status-publish","4":"has-post-thumbnail","6":"product_cat-fiat","7":"product_tag-1-4afb-bh-95160","8":"product_tag-10-4afb-p3-95160","9":"product_tag-11-4afb-pf-95160","10":"product_tag-12-4afb-pk-95160","11":"product_tag-13-4afb-t1-95160","12":"product_tag-14-4afb-t3-95160","13":"product_tag-15-4afb-th-95160","14":"product_tag-16-4afb-uf-95160","15":"product_tag-17-4afb-uf1-95160","16":"product_tag-18-4afb-ug-95160","17":"product_tag-19-4afb-un-95160","18":"product_tag-2-4afb-cf-95160","19":"product_tag-20-4afb-ub2-95160","20":"product_tag-21-4afb-ue-95160","21":"product_tag-3-4afb-f1-95160","22":"product_tag-4-4afb-f3-95160","23":"product_tag-5-4afb-ff-95160","24":"product_tag-6-4afb-fl-95160","25":"product_tag-7-4afb-fr-95160","26":"product_tag-8-4afb-p1-95160","27":"product_tag-94-afb-p2-95160","29":"first","30":"instock","31":"downloadable","32":"virtual","33":"purchasable","34":"product-type-simple"},"jetpack_sharing_enabled":true,"_links":{"self":[{"href":"https:\/\/powerchip.com.br\/index.php\/wp-json\/wp\/v2\/product\/1524","targetHints":{"allow":["GET"]}}],"collection":[{"href":"https:\/\/powerchip.com.br\/index.php\/wp-json\/wp\/v2\/product"}],"about":[{"href":"https:\/\/powerchip.com.br\/index.php\/wp-json\/wp\/v2\/types\/product"}],"wp:featuredmedia":[{"embeddable":true,"href":"https:\/\/powerchip.com.br\/index.php\/wp-json\/wp\/v2\/media\/1533"}],"wp:attachment":[{"href":"https:\/\/powerchip.com.br\/index.php\/wp-json\/wp\/v2\/media?parent=1524"}],"wp:term":[{"taxonomy":"product_brand","embeddable":true,"href":"https:\/\/powerchip.com.br\/index.php\/wp-json\/wp\/v2\/product_brand?post=1524"},{"taxonomy":"product_cat","embeddable":true,"href":"https:\/\/powerchip.com.br\/index.php\/wp-json\/wp\/v2\/product_cat?post=1524"},{"taxonomy":"product_tag","embeddable":true,"href":"https:\/\/powerchip.com.br\/index.php\/wp-json\/wp\/v2\/product_tag?post=1524"}],"curies":[{"name":"wp","href":"https:\/\/api.w.org\/{rel}","templated":true}]}}