{"id":1521,"date":"2026-02-02T16:54:49","date_gmt":"2026-02-02T16:54:49","guid":{"rendered":"https:\/\/powerchip.com.br\/?post_type=product&#038;p=1521"},"modified":"2026-02-02T16:55:57","modified_gmt":"2026-02-02T16:55:57","slug":"arquivo-decode-sem-imobilizador-fiat-ducato-0281016223-dc16c39-mpc561-m58bw016db-com-95640","status":"publish","type":"product","link":"https:\/\/powerchip.com.br\/index.php\/produto\/arquivo-decode-sem-imobilizador-fiat-ducato-0281016223-dc16c39-mpc561-m58bw016db-com-95640\/","title":{"rendered":"ARQUIVO DECODE , SEM IMOBILIZADOR FIAT DUCATO 0281016223 DC16C39 MPC561 M58BW016DB COM 95640"},"content":{"rendered":"<p>ARQUIVO DECODE , SEM IMOBILIZADOR FIAT DUCATO 0281016223 DC16C39 MPC561 M58BW016DB COM 95640, DECODE NA MPC.<\/p>\n<p><img loading=\"lazy\" decoding=\"async\" class=\"alignnone size-medium wp-image-360\" src=\"https:\/\/powerchip.com.br\/wp-content\/uploads\/2025\/10\/foto-de-zip-INJECAO-DECODE--300x198.jpg\" alt=\"\" width=\"300\" height=\"198\" srcset=\"https:\/\/powerchip.com.br\/wp-content\/uploads\/2025\/10\/foto-de-zip-INJECAO-DECODE--300x198.jpg 300w, https:\/\/powerchip.com.br\/wp-content\/uploads\/2025\/10\/foto-de-zip-INJECAO-DECODE--768x506.jpg 768w, https:\/\/powerchip.com.br\/wp-content\/uploads\/2025\/10\/foto-de-zip-INJECAO-DECODE--600x396.jpg 600w, https:\/\/powerchip.com.br\/wp-content\/uploads\/2025\/10\/foto-de-zip-INJECAO-DECODE-.jpg 775w\" sizes=\"auto, (max-width: 300px) 100vw, 300px\" \/><\/p>\n<p><img loading=\"lazy\" decoding=\"async\" class=\"alignnone size-full wp-image-1040\" src=\"https:\/\/powerchip.com.br\/wp-content\/uploads\/2025\/11\/alto-falante.jpg\" alt=\"\" width=\"67\" height=\"55\" \/>\u00a0 \u00a0<strong>\u00a0<\/strong>\u201cLembrete: Este arquivo N\u00c3O\u00a0 necessita de prepara\u00e7\u00e3o espec\u00edfica para a central (ECU) de destino (OU COPIE DADOS E FA\u00c7A O SUM ANTES DE GRAVAR O SEU LIDO ) .\u201d<\/p>\n<p>Voc\u00ea receber\u00e1 ap\u00f3s pagar:<\/p>\n<p><b>\u00a0<\/b><\/p>\n<p><img loading=\"lazy\" decoding=\"async\" class=\"alignnone size-full wp-image-1039\" src=\"https:\/\/powerchip.com.br\/wp-content\/uploads\/2025\/11\/veja-acima.jpg\" alt=\"\" width=\"21\" height=\"34\" \/><\/p>\n<p>LER E GRAVAR COM PCMFLASH, HEXPROG ETC.<\/p>\n<p><img loading=\"lazy\" decoding=\"async\" class=\"alignnone size-full wp-image-1042\" src=\"https:\/\/powerchip.com.br\/wp-content\/uploads\/2025\/11\/pistao.jpg\" alt=\"\" width=\"17\" height=\"41\" \/> \u00a0ARQUIVO ORIGINAL<\/p>\n<p><img loading=\"lazy\" decoding=\"async\" class=\"alignnone size-full wp-image-1042\" src=\"https:\/\/powerchip.com.br\/wp-content\/uploads\/2025\/11\/pistao.jpg\" alt=\"\" width=\"17\" height=\"41\" \/><img loading=\"lazy\" decoding=\"async\" class=\"alignnone size-full wp-image-1042\" src=\"https:\/\/powerchip.com.br\/wp-content\/uploads\/2025\/11\/pistao.jpg\" alt=\"\" width=\"17\" height=\"41\" \/> ARQUIVO DECODE , IMOOF SEM\u00a0 CODE 0281016223<\/p>\n<p>Um profissional saber\u00e1 utilizar isso , ou ap\u00f3s a compra entre em contato.<\/p>\n<p>A Desativa\u00e7\u00e3o da fun\u00e7\u00e3o imobilizador \u00e9 para diagn\u00f3stico e verifica\u00e7\u00e3o da ECU durante o reparo.<br \/>\nNem todas as vers\u00f5es de software podem ser compat\u00edveis.<br \/>\nPara adicionar uma nova vers\u00e3o de software, entre em contato com o portal de suporte e anexe um arquivo.<br \/>\nO uso \u00e9 por sua conta e risco.<\/p>\n<p>O m\u00f3dulo permite desativar o imobilizador (IMMO OFF, por exemplo, para verificar os componentes do sistema)<\/p>\n<p>Sempre leia e salve seu original para seguran\u00e7a.<\/p>\n<p>Mande um e-mail ou chame no Whatzapp. (16)991342577<\/p>\n<p>O uso \u00e9 por sua conta e risco.<\/p>\n<p><a href=\"https:\/\/powerchip.com.br\/index.php\/arquivo-destinado-a-profissionais\/\">Arquivo destinado a profissionais<\/a>.<\/p>\n<p><a href=\"https:\/\/powerchip.com.br\/index.php\/como-usar-o-arquivo-comprado\/\">Como usar o arquivo<\/a>.<\/p>\n<p><a href=\"https:\/\/powerchip.com.br\/index.php\/como-comprar\/\">Como comprar<\/a><\/p>\n","protected":false},"excerpt":{"rendered":"<p>ARQUIVO DECODE , SEM IMOBILIZADOR FIAT DUCATO 0281016223 DC16C39 MPC561 M58BW016DB COM 95640, DECODE NA MPC.<\/p>\n","protected":false},"featured_media":360,"template":"","meta":{"_joinchat":[]},"product_brand":[],"product_cat":[21],"product_tag":[1852,1072,1658,1853,1854,1248,1851,1850,1247,409],"class_list":{"0":"post-1521","1":"product","2":"type-product","3":"status-publish","4":"has-post-thumbnail","6":"product_cat-fiat","7":"product_tag-1852","8":"product_tag-1072","9":"product_tag-arquivo-decode","10":"product_tag-dc16c39","11":"product_tag-decode-na-mpc","12":"product_tag-edc16c39","13":"product_tag-fiat-ducato","14":"product_tag-m58bw016db","15":"product_tag-mpc561","16":"product_tag-sem-imobilizador","18":"first","19":"instock","20":"downloadable","21":"virtual","22":"purchasable","23":"product-type-simple"},"jetpack_sharing_enabled":true,"_links":{"self":[{"href":"https:\/\/powerchip.com.br\/index.php\/wp-json\/wp\/v2\/product\/1521","targetHints":{"allow":["GET"]}}],"collection":[{"href":"https:\/\/powerchip.com.br\/index.php\/wp-json\/wp\/v2\/product"}],"about":[{"href":"https:\/\/powerchip.com.br\/index.php\/wp-json\/wp\/v2\/types\/product"}],"wp:featuredmedia":[{"embeddable":true,"href":"https:\/\/powerchip.com.br\/index.php\/wp-json\/wp\/v2\/media\/360"}],"wp:attachment":[{"href":"https:\/\/powerchip.com.br\/index.php\/wp-json\/wp\/v2\/media?parent=1521"}],"wp:term":[{"taxonomy":"product_brand","embeddable":true,"href":"https:\/\/powerchip.com.br\/index.php\/wp-json\/wp\/v2\/product_brand?post=1521"},{"taxonomy":"product_cat","embeddable":true,"href":"https:\/\/powerchip.com.br\/index.php\/wp-json\/wp\/v2\/product_cat?post=1521"},{"taxonomy":"product_tag","embeddable":true,"href":"https:\/\/powerchip.com.br\/index.php\/wp-json\/wp\/v2\/product_tag?post=1521"}],"curies":[{"name":"wp","href":"https:\/\/api.w.org\/{rel}","templated":true}]}}