{"id":1493,"date":"2026-01-29T22:15:39","date_gmt":"2026-01-29T22:15:39","guid":{"rendered":"https:\/\/powerchip.com.br\/?post_type=product&#038;p=1493"},"modified":"2026-03-03T17:00:18","modified_gmt":"2026-03-03T17:00:18","slug":"arquivo-reset-clear-r1450-d-flash-hb20-95910-r1450-a3c11587700-rh850-r7f7010423","status":"publish","type":"product","link":"https:\/\/powerchip.com.br\/index.php\/produto\/arquivo-reset-clear-r1450-d-flash-hb20-95910-r1450-a3c11587700-rh850-r7f7010423\/","title":{"rendered":"ARQUIVO RESET  CLEAR  R1450  D FLASH  HB20 95910-R1450  A3C11587700  RH850 R7F7010423 R161R7F7010193"},"content":{"rendered":"<p>ARQUIVO RESET CLEAR R1450 D FLASH HB20 95910-R1450 A3C11587700 RH850 R7F7010423 R7F7010193<\/p>\n<p>&nbsp;<\/p>\n<p><img loading=\"lazy\" decoding=\"async\" class=\"alignnone size-full wp-image-1040\" src=\"https:\/\/powerchip.com.br\/wp-content\/uploads\/2025\/11\/alto-falante.jpg\" alt=\"\" width=\"67\" height=\"55\" \/>\u00a0 \u00a0<strong>\u00a0<\/strong>\u201cLembrete: CUIDADO COM MANUSEIO DE AIRBAG N\u00c3O SOMOS RESPONS\u00c1VEIS POR ERROS\u00a0 CAUSADOS\u00a0 OU BOLSAS ESTOURADAS\u00a0 .<\/p>\n<p>Voc\u00ea receber\u00e1 ap\u00f3s pagar:<\/p>\n<p><strong>.<\/strong><\/p>\n<p>&nbsp;<\/p>\n<p>&nbsp;<\/p>\n<p><strong><img loading=\"lazy\" decoding=\"async\" class=\"alignnone size-full wp-image-1044\" src=\"https:\/\/powerchip.com.br\/wp-content\/uploads\/2025\/11\/AIRBAG-PEQUENO.jpg\" alt=\"\" width=\"28\" height=\"31\" \/> 01<\/strong><strong>\u00a0<\/strong>AIRBAG\u00a0 ARQUIVO EEPROM\u00a0 , DFLASH CLEAR R161 R7F7010193<\/p>\n<p>&nbsp;<\/p>\n<p>Um profissional saber\u00e1 utilizar isso , ou ap\u00f3s a compra entre em contato.<\/p>\n<p>Mande um e-mail ou chame no Whatzapp. (16)991342577<\/p>\n<p><a href=\"https:\/\/powerchip.com.br\/index.php\/arquivo-destinado-a-profissionais\/\">Arquivo destinado a profissionais<\/a>.<\/p>\n<p><a href=\"https:\/\/powerchip.com.br\/index.php\/como-usar-o-arquivo-comprado\/\">Como usar o arquivo<\/a>.<\/p>\n<p><a href=\"https:\/\/powerchip.com.br\/index.php\/como-comprar\/\">Como comprar<\/a><\/p>\n","protected":false},"excerpt":{"rendered":"<p>ARQUIVO RESET CLEAR R1450 D FLASH HB20 95910-R1450 A3C11587700 RH850 R7F7010423 R7F7010193<\/p>\n","protected":false},"featured_media":1127,"template":"","meta":{"_joinchat":[]},"product_brand":[],"product_cat":[2079],"product_tag":[1827,1828,1826,1229,1825,1955,2009,1830,1829],"class_list":{"0":"post-1493","1":"product","2":"type-product","3":"status-publish","4":"has-post-thumbnail","6":"product_cat-hyundai-kia","7":"product_tag-95910-r1450","8":"product_tag-a3c11587700","9":"product_tag-d-flash","10":"product_tag-hb20","11":"product_tag-r1450","12":"product_tag-r161","13":"product_tag-r7f7010193","14":"product_tag-r7f7010423","15":"product_tag-rh850","17":"first","18":"instock","19":"downloadable","20":"virtual","21":"purchasable","22":"product-type-simple"},"jetpack_sharing_enabled":true,"_links":{"self":[{"href":"https:\/\/powerchip.com.br\/index.php\/wp-json\/wp\/v2\/product\/1493","targetHints":{"allow":["GET"]}}],"collection":[{"href":"https:\/\/powerchip.com.br\/index.php\/wp-json\/wp\/v2\/product"}],"about":[{"href":"https:\/\/powerchip.com.br\/index.php\/wp-json\/wp\/v2\/types\/product"}],"wp:featuredmedia":[{"embeddable":true,"href":"https:\/\/powerchip.com.br\/index.php\/wp-json\/wp\/v2\/media\/1127"}],"wp:attachment":[{"href":"https:\/\/powerchip.com.br\/index.php\/wp-json\/wp\/v2\/media?parent=1493"}],"wp:term":[{"taxonomy":"product_brand","embeddable":true,"href":"https:\/\/powerchip.com.br\/index.php\/wp-json\/wp\/v2\/product_brand?post=1493"},{"taxonomy":"product_cat","embeddable":true,"href":"https:\/\/powerchip.com.br\/index.php\/wp-json\/wp\/v2\/product_cat?post=1493"},{"taxonomy":"product_tag","embeddable":true,"href":"https:\/\/powerchip.com.br\/index.php\/wp-json\/wp\/v2\/product_tag?post=1493"}],"curies":[{"name":"wp","href":"https:\/\/api.w.org\/{rel}","templated":true}]}}