{"id":1485,"date":"2026-01-27T16:39:53","date_gmt":"2026-01-27T16:39:53","guid":{"rendered":"https:\/\/powerchip.com.br\/?post_type=product&#038;p=1485"},"modified":"2026-01-27T16:42:41","modified_gmt":"2026-01-27T16:42:41","slug":"arquivo-egr-9c11-12k532-ne-pcmflash-dcu201-9c11-12k532-n-9c11-12k532-btb-9c11-12k532-bsb-9c11-12k532-ne-6c1t12k529ab-ac11-12a650-bc-swe10-01267-005f00","status":"publish","type":"product","link":"https:\/\/powerchip.com.br\/index.php\/produto\/arquivo-egr-9c11-12k532-ne-pcmflash-dcu201-9c11-12k532-n-9c11-12k532-btb-9c11-12k532-bsb-9c11-12k532-ne-6c1t12k529ab-ac11-12a650-bc-swe10-01267-005f00\/","title":{"rendered":"ARQUIVO\u00a0 \u00a0EGR 9C11-12K532-NE PCMFLASH DCU201\u00a0 \u00a09C11-12K532-N\u00a0 9C11-12K532-BTB 9C11-12K532-BSB 9C11-12K532-NE 6C1T12K529AB AC11-12A650-BC SWE10-01267-005F00"},"content":{"rendered":"<p>ARQUIVO\u00a0 \u00a0EGR 9C11-12K532-NE PCMFLASH DCU201\u00a0 \u00a09C11-12K532-N\u00a0 9C11-12K532-BTB 9C11-12K532-BSB 9C11-12K532-NE 6C1T12K529AB AC11-12A650-BC SWE10-01267-005F00<\/p>\n<p><img loading=\"lazy\" decoding=\"async\" class=\"alignnone size-medium wp-image-1487\" src=\"https:\/\/powerchip.com.br\/wp-content\/uploads\/2026\/01\/dcu201-PCMFLASH-CLONE-OK-BENCH-300x204.jpg\" alt=\"\" width=\"300\" height=\"204\" srcset=\"https:\/\/powerchip.com.br\/wp-content\/uploads\/2026\/01\/dcu201-PCMFLASH-CLONE-OK-BENCH-300x204.jpg 300w, https:\/\/powerchip.com.br\/wp-content\/uploads\/2026\/01\/dcu201-PCMFLASH-CLONE-OK-BENCH-600x408.jpg 600w, https:\/\/powerchip.com.br\/wp-content\/uploads\/2026\/01\/dcu201-PCMFLASH-CLONE-OK-BENCH.jpg 631w\" sizes=\"auto, (max-width: 300px) 100vw, 300px\" \/><img loading=\"lazy\" decoding=\"async\" class=\"alignnone size-medium wp-image-947\" src=\"https:\/\/powerchip.com.br\/wp-content\/uploads\/2025\/11\/foto-de-zip-EGR--300x174.jpg\" alt=\"\" width=\"300\" height=\"174\" srcset=\"https:\/\/powerchip.com.br\/wp-content\/uploads\/2025\/11\/foto-de-zip-EGR--300x174.jpg 300w, https:\/\/powerchip.com.br\/wp-content\/uploads\/2025\/11\/foto-de-zip-EGR--600x348.jpg 600w, https:\/\/powerchip.com.br\/wp-content\/uploads\/2025\/11\/foto-de-zip-EGR-.jpg 733w\" sizes=\"auto, (max-width: 300px) 100vw, 300px\" \/><\/p>\n<p><img loading=\"lazy\" decoding=\"async\" class=\"alignnone size-full wp-image-1040\" src=\"https:\/\/powerchip.com.br\/wp-content\/uploads\/2025\/11\/alto-falante.jpg\" alt=\"\" width=\"67\" height=\"55\" \/>\u00a0 \u00a0<strong>\u00a0<\/strong>\u201cLembrete: Este arquivo\u00a0 SIM\u00a0 necessita de prepara\u00e7\u00e3o espec\u00edfica para a central (ECU) de destino (COPIAR MAPS) .\u201d<\/p>\n<p>Voc\u00ea receber\u00e1 ap\u00f3s pagar:<\/p>\n<p><strong>A PROMO\u00c7\u00c3O 2 CILINDROS POWERCHIP.<\/strong><\/p>\n<p><img loading=\"lazy\" decoding=\"async\" class=\"alignnone size-full wp-image-1039\" src=\"https:\/\/powerchip.com.br\/wp-content\/uploads\/2025\/11\/veja-acima.jpg\" alt=\"\" width=\"21\" height=\"34\" \/><\/p>\n<p>&nbsp;<\/p>\n<p><img loading=\"lazy\" decoding=\"async\" class=\"alignnone size-full wp-image-1042\" src=\"https:\/\/powerchip.com.br\/wp-content\/uploads\/2025\/11\/pistao.jpg\" alt=\"\" width=\"17\" height=\"41\" \/> \u00a0ARQUIVO ORIGINAL<\/p>\n<p><img loading=\"lazy\" decoding=\"async\" class=\"alignnone size-full wp-image-1042\" src=\"https:\/\/powerchip.com.br\/wp-content\/uploads\/2025\/11\/pistao.jpg\" alt=\"\" width=\"17\" height=\"41\" \/><img loading=\"lazy\" decoding=\"async\" class=\"alignnone size-full wp-image-1042\" src=\"https:\/\/powerchip.com.br\/wp-content\/uploads\/2025\/11\/pistao.jpg\" alt=\"\" width=\"17\" height=\"41\" \/> ARQUIVO DE \u00a0EGR OFF<\/p>\n<p>Um profissional saber\u00e1 utilizar isso , ou ap\u00f3s a compra entre em contato.<\/p>\n<p>A Desativa\u00e7\u00e3o da fun\u00e7\u00e3o\u00a0 EGR OFF \u00e9 para diagn\u00f3stico e verifica\u00e7\u00e3o da ECU durante o reparo.<br \/>\nNem todas as vers\u00f5es de software podem ser compat\u00edveis.<br \/>\nPara adicionar uma nova vers\u00e3o de software, entre em contato com o portal de suporte e anexe um arquivo.<br \/>\nO uso \u00e9 por sua conta e risco.<\/p>\n<p>O m\u00f3dulo permite desativar o EGR (EGR OFF, por exemplo, para verificar os componentes do sistema)<\/p>\n<p>Sempre leia e salve seu original para seguran\u00e7a.<\/p>\n<p>Mande um e-mail ou chame no Whatzapp. (16)991342577<\/p>\n<p>O uso \u00e9 por sua conta e risco.<\/p>\n<p><a href=\"https:\/\/powerchip.com.br\/index.php\/arquivo-destinado-a-profissionais\/\">Arquivo destinado a profissionais<\/a>.<\/p>\n<p><a href=\"https:\/\/powerchip.com.br\/index.php\/como-usar-o-arquivo-comprado\/\">Como usar o arquivo<\/a>.<\/p>\n<p><a href=\"https:\/\/powerchip.com.br\/index.php\/como-comprar\/\">Como comprar<\/a><\/p>\n<p><b>\u00a0<\/b><\/p>\n","protected":false},"excerpt":{"rendered":"<p>ARQUIVO\u00a0 \u00a0EGR 9C11-12K532-NE PCMFLASH DCU201\u00a0 \u00a09C11-12K532-N\u00a0 9C11-12K532-BTB 9C11-12K532-BSB 9C11-12K532-NE 6C1T12K529AB AC11-12A650-BC SWE10-01267-005F00<\/p>\n","protected":false},"featured_media":1487,"template":"","meta":{"_joinchat":[]},"product_brand":[],"product_cat":[69],"product_tag":[1818,1817,1816,1815,1813,1819,1814,1588,1820],"class_list":{"0":"post-1485","1":"product","2":"type-product","3":"status-publish","4":"has-post-thumbnail","6":"product_cat-ford","7":"product_tag-6c1t12k529ab","8":"product_tag-9c11-12k532-bsb","9":"product_tag-9c11-12k532-btb","10":"product_tag-9c11-12k532-n","11":"product_tag-9c11-12k532-ne","12":"product_tag-ac11-12a650-bc","13":"product_tag-dcu201","14":"product_tag-pcmflash","15":"product_tag-swe10-01267-005f00","17":"first","18":"instock","19":"downloadable","20":"virtual","21":"purchasable","22":"product-type-simple"},"jetpack_sharing_enabled":true,"_links":{"self":[{"href":"https:\/\/powerchip.com.br\/index.php\/wp-json\/wp\/v2\/product\/1485","targetHints":{"allow":["GET"]}}],"collection":[{"href":"https:\/\/powerchip.com.br\/index.php\/wp-json\/wp\/v2\/product"}],"about":[{"href":"https:\/\/powerchip.com.br\/index.php\/wp-json\/wp\/v2\/types\/product"}],"wp:featuredmedia":[{"embeddable":true,"href":"https:\/\/powerchip.com.br\/index.php\/wp-json\/wp\/v2\/media\/1487"}],"wp:attachment":[{"href":"https:\/\/powerchip.com.br\/index.php\/wp-json\/wp\/v2\/media?parent=1485"}],"wp:term":[{"taxonomy":"product_brand","embeddable":true,"href":"https:\/\/powerchip.com.br\/index.php\/wp-json\/wp\/v2\/product_brand?post=1485"},{"taxonomy":"product_cat","embeddable":true,"href":"https:\/\/powerchip.com.br\/index.php\/wp-json\/wp\/v2\/product_cat?post=1485"},{"taxonomy":"product_tag","embeddable":true,"href":"https:\/\/powerchip.com.br\/index.php\/wp-json\/wp\/v2\/product_tag?post=1485"}],"curies":[{"name":"wp","href":"https:\/\/api.w.org\/{rel}","templated":true}]}}