{"id":1470,"date":"2026-01-24T16:08:29","date_gmt":"2026-01-24T16:08:29","guid":{"rendered":"https:\/\/powerchip.com.br\/?post_type=product&#038;p=1470"},"modified":"2026-01-24T16:12:28","modified_gmt":"2026-01-24T16:12:28","slug":"arquivo-para-reset-virgem-da-ecu-soic-35p08-ecu-injecao-renault-master-0281011254-reset-para-troc-a-da-central-de-injecao","status":"publish","type":"product","link":"https:\/\/powerchip.com.br\/index.php\/produto\/arquivo-para-reset-virgem-da-ecu-soic-35p08-ecu-injecao-renault-master-0281011254-reset-para-troc-a-da-central-de-injecao\/","title":{"rendered":"0281011254 ARQUIVO PARA  RESET, VIRGEM\u00a0 DA ECU SOIC 35P08 ECU INJE\u00c7AO\u00a0 RENAULT MASTER 0281011254 RESET\u00a0 PARA TROC A DA CENTRAL DE INJE\u00c7\u00c2O."},"content":{"rendered":"<p>0281011254 ARQUIVO RESET, VIRGEM\u00a0 DA ECU SOIC 35P08 ECU INJE\u00c7AO\u00a0 RENAULT MASTER 0281011254 RESET\u00a0 PARA TROC A DA CENTRAL DE INJE\u00c7\u00c2O.<\/p>\n<p><img loading=\"lazy\" decoding=\"async\" class=\"alignnone size-full wp-image-1040\" src=\"https:\/\/powerchip.com.br\/wp-content\/uploads\/2025\/11\/alto-falante.jpg\" alt=\"\" width=\"67\" height=\"55\" \/>\u00a0 \u00a0<strong>\u00a0<\/strong>\u201cLembrete: Este arquivo N\u00c3O\u00a0 necessita de prepara\u00e7\u00e3o espec\u00edfica para a central (ECU) de destino .\u201d<\/p>\n<p>Voc\u00ea receber\u00e1 ap\u00f3s pagar:<\/p>\n<p><strong>\u00a0.<\/strong><\/p>\n<p><img loading=\"lazy\" decoding=\"async\" class=\"alignnone size-full wp-image-1039\" src=\"https:\/\/powerchip.com.br\/wp-content\/uploads\/2025\/11\/veja-acima.jpg\" alt=\"\" width=\"21\" height=\"34\" \/><\/p>\n<p>&nbsp;<\/p>\n<p><img loading=\"lazy\" decoding=\"async\" class=\"alignnone size-full wp-image-1042\" src=\"https:\/\/powerchip.com.br\/wp-content\/uploads\/2025\/11\/pistao.jpg\" alt=\"\" width=\"17\" height=\"41\" \/> \u00a0ARQUIVO\u00a0 RESET , VRGEM 0281011254\u00a0 SOIC 5P08.<\/p>\n<p><img loading=\"lazy\" decoding=\"async\" class=\"alignnone size-full wp-image-1473\" src=\"https:\/\/powerchip.com.br\/wp-content\/uploads\/2026\/01\/0281011254-.jpg\" alt=\"\" width=\"196\" height=\"194\" srcset=\"https:\/\/powerchip.com.br\/wp-content\/uploads\/2026\/01\/0281011254-.jpg 196w, https:\/\/powerchip.com.br\/wp-content\/uploads\/2026\/01\/0281011254--100x100.jpg 100w\" sizes=\"auto, (max-width: 196px) 100vw, 196px\" \/><\/p>\n<p>Um profissional saber\u00e1 utilizar isso , ou ap\u00f3s a compra entre em contato.<\/p>\n<p>RESET da fun\u00e7\u00e3o imobilizador \u00e9 para diagn\u00f3stico e verifica\u00e7\u00e3o da ECU durante o reparo OU TROCA DO SISTEMA.<br \/>\nNem todas as vers\u00f5es de software podem ser compat\u00edveis.<br \/>\nPara adicionar uma nova vers\u00e3o de software, entre em contato com o portal de suporte e anexe um arquivo.<br \/>\nO uso \u00e9 por sua conta e risco.<\/p>\n<p>O m\u00f3dulo permite RESET o imobilizador\u00a0 DA ECU DE INJE\u00c7\u00c3O (VIRGEM, por exemplo, para verificar os componentes do sistema)<\/p>\n<p>Sempre leia e salve seu original para seguran\u00e7a.<\/p>\n<p>Mande um e-mail ou chame no Whatzapp. (16)991342577<\/p>\n<p>O uso \u00e9 por sua conta e risco.<\/p>\n<p><a href=\"https:\/\/powerchip.com.br\/index.php\/arquivo-destinado-a-profissionais\/\">Arquivo destinado a profissionais<\/a>.<\/p>\n<p><a href=\"https:\/\/powerchip.com.br\/index.php\/como-usar-o-arquivo-comprado\/\">Como usar o arquivo<\/a>.<\/p>\n<p><a href=\"https:\/\/powerchip.com.br\/index.php\/como-comprar\/\">Como comprar<\/a><\/p>\n","protected":false},"excerpt":{"rendered":"<p>ARQUIVO RESET, VIRGEM\u00a0 DA ECU SOIC 35P08 ECU INJE\u00c7AO\u00a0 RENAULT MASTER 0281011254 RESET\u00a0 PARA TROC A DA CENTRAL DE INJE\u00c7\u00c2O.<\/p>\n","protected":false},"featured_media":1473,"template":"","meta":{"_joinchat":[]},"product_brand":[],"product_cat":[248],"product_tag":[1799,1795,1798,1786,251,235,1797,1796],"class_list":{"0":"post-1470","1":"product","2":"type-product","3":"status-publish","4":"has-post-thumbnail","6":"product_cat-renault","7":"product_tag-1799","8":"product_tag-arquivo-reset","9":"product_tag-ecu-injecao","10":"product_tag-master","11":"product_tag-renault","12":"product_tag-reset","13":"product_tag-soic-35p08","14":"product_tag-virgem-da-ecu","16":"first","17":"instock","18":"downloadable","19":"virtual","20":"purchasable","21":"product-type-simple"},"jetpack_sharing_enabled":true,"_links":{"self":[{"href":"https:\/\/powerchip.com.br\/index.php\/wp-json\/wp\/v2\/product\/1470","targetHints":{"allow":["GET"]}}],"collection":[{"href":"https:\/\/powerchip.com.br\/index.php\/wp-json\/wp\/v2\/product"}],"about":[{"href":"https:\/\/powerchip.com.br\/index.php\/wp-json\/wp\/v2\/types\/product"}],"wp:featuredmedia":[{"embeddable":true,"href":"https:\/\/powerchip.com.br\/index.php\/wp-json\/wp\/v2\/media\/1473"}],"wp:attachment":[{"href":"https:\/\/powerchip.com.br\/index.php\/wp-json\/wp\/v2\/media?parent=1470"}],"wp:term":[{"taxonomy":"product_brand","embeddable":true,"href":"https:\/\/powerchip.com.br\/index.php\/wp-json\/wp\/v2\/product_brand?post=1470"},{"taxonomy":"product_cat","embeddable":true,"href":"https:\/\/powerchip.com.br\/index.php\/wp-json\/wp\/v2\/product_cat?post=1470"},{"taxonomy":"product_tag","embeddable":true,"href":"https:\/\/powerchip.com.br\/index.php\/wp-json\/wp\/v2\/product_tag?post=1470"}],"curies":[{"name":"wp","href":"https:\/\/api.w.org\/{rel}","templated":true}]}}