{"id":1463,"date":"2026-01-24T15:57:54","date_gmt":"2026-01-24T15:57:54","guid":{"rendered":"https:\/\/powerchip.com.br\/?post_type=product&#038;p=1463"},"modified":"2026-01-24T15:57:55","modified_gmt":"2026-01-24T15:57:55","slug":"manual-imoof-decode-com-emulador-manual-de-usar-o-emulador-chines-ou-original-para-master-35p08-ecu-0281011940-95p08-arquivo-de-reset-virgem-para-ecu-master-028","status":"publish","type":"product","link":"https:\/\/powerchip.com.br\/index.php\/produto\/manual-imoof-decode-com-emulador-manual-de-usar-o-emulador-chines-ou-original-para-master-35p08-ecu-0281011940-95p08-arquivo-de-reset-virgem-para-ecu-master-028\/","title":{"rendered":"MANUAL IMOOF , DECODE COM  EMULADOR , MANUAL DE USAR O EMULADOR CHINES OU ORIGINAL PARA\u00a0 MASTER\u00a0 \u00a035P08 ECU 0281011940 95p08 +\u00a0 \u00a0ARQUIVO DE RESET , VIRGEM, PARA ECU MASTER 0281011940 DESATIVAR O IMOBILIZADOR"},"content":{"rendered":"<p>MANUAL DE USAR EMULADOR CHINES OU ORIGINAL PARA\u00a0 MASTER\u00a0 \u00a035P08 ECU 0281011940 95p08 +\u00a0 \u00a0ARQUIVO DE RESET , VIRGEM, PARA ECU MASTER 0281011940 DESATIVAR O IMOBILIZADOR<\/p>\n<p>&#8216;N\u00c3O \u00c9 A VENDA DO EMULADOR \u00c9 A VENDA DO USO DO EMULADOR&#8221;.<\/p>\n<p>USE QUALQUER EMULADOR CAN COM AS CONEXOES, MAS O MANUAL \u00c9 PRA O EMULADOR JULIE\u00a0 .<\/p>\n<p>VOC\u00ca VAI APRENDER A USAR EMULADOR CHINES , ETC NA ECU 0281011940 95p08 .<\/p>\n<p><img loading=\"lazy\" decoding=\"async\" class=\"gmail-alignnone gmail-size-full gmail-wp-image-1040\" src=\"https:\/\/powerchip.com.br\/wp-content\/uploads\/2025\/11\/alto-falante.jpg\" alt=\"\" width=\"67\" height=\"55\" \/>\u00a0 \u00a0<strong>\u00a0<\/strong>\u201cLembrete: Este arquivo N\u00c3O\u00a0 necessita de prepara\u00e7\u00e3o espec\u00edfica para a central (ECU) de destino , RESET NA SOIC 35P08 emulador vc compra na china e solda na placa.\u201d<\/p>\n<p>Voc\u00ea receber\u00e1 ap\u00f3s pagar:<\/p>\n<p><b>\u00a0<\/b><\/p>\n<p><img loading=\"lazy\" decoding=\"async\" class=\"alignnone size-full wp-image-1039\" src=\"https:\/\/powerchip.com.br\/wp-content\/uploads\/2025\/11\/veja-acima.jpg\" alt=\"\" width=\"21\" height=\"34\" \/><\/p>\n<p>01 UM MANUAL DE EMULADOR PARA RENAULT MASTER\u00a0 0281011940 95p08<\/p>\n<p>01 UM ARQUIVO DE RESET\u00a0 \u00a0PARA\u00a0 CASAR COM ECU RENAULT MASTER\u00a0 0281011940 95p08<\/p>\n<p>&#8216;N\u00c3O \u00c9 A VENDA DO EMULADOR \u00c9 A VENDA DO USO DO EMU\u00c7ADOR&#8221;.<\/p>\n<p>EXEMPLO DE EMULADOR CAN<\/p>\n<p><img loading=\"lazy\" decoding=\"async\" class=\"alignnone size-full wp-image-1466\" src=\"https:\/\/powerchip.com.br\/wp-content\/uploads\/2026\/01\/emulador-MASTER-35P08-ECU-0281011940-95p08.jpg\" alt=\"\" width=\"184\" height=\"260\" \/><\/p>\n<p>Um profissional saber\u00e1 utilizar isso , ou ap\u00f3s a compra entre em contato.<\/p>\n<p>RESET da fun\u00e7\u00e3o imobilizador \u00e9 para diagn\u00f3stico e verifica\u00e7\u00e3o da ECU durante o reparo OU TROCA DE MODULO.<\/p>\n<p>Para adicionar uma nova vers\u00e3o de software, entre em contato com o portal de suporte e anexe um arquivo.<br \/>\nO uso \u00e9 por sua conta e risco.<\/p>\n<p>O m\u00f3dulo permite RESET o imobilizador DA INJE\u00c7\u00c3O (IMMO OFF, por exemplo, para verificar os componentes do sistema)<\/p>\n<p>O manual do emulador voc\u00ea aprende a deixar a central 0281011940 sem imo.<\/p>\n<p>Sempre leia e salve seu original para seguran\u00e7a.<\/p>\n<p>Mande um e-mail ou chame no Whatzapp. (16)991342577<\/p>\n<p>O uso \u00e9 por sua conta e risco.<\/p>\n<p><a href=\"https:\/\/powerchip.com.br\/index.php\/arquivo-destinado-a-profissionais\/\">Arquivo destinado a profissionais<\/a>.<\/p>\n<p><a href=\"https:\/\/powerchip.com.br\/index.php\/como-usar-o-arquivo-comprado\/\">Como usar o arquivo<\/a>.<\/p>\n<p><a href=\"https:\/\/powerchip.com.br\/index.php\/como-comprar\/\">Como comprar<\/a><\/p>\n","protected":false},"excerpt":{"rendered":"<p>MANUAL DE USAR EMULADOR CHINES OU ORIGINAL PARA\u00a0 MASTER\u00a0 \u00a035P08 ECU 0281011940 95p08 +\u00a0 \u00a0ARQUIVO DE RESET , VIRGEM, PARA ECU MASTER 0281011940 DESATIVAR O IMOBILIZADOR &#8216;N\u00c3O \u00c9 A VENDA DO EMULADOR \u00c9 A VENDA DO USO DO EMULADOR&#8221;. USE QUALQUER EMULADOR CAN COM AS CONEXOES, MAS O MANUAL \u00c9 PRA O EMULADOR JULIE\u00a0 . [&hellip;]<\/p>\n","protected":false},"featured_media":1461,"template":"","meta":{"_joinchat":[]},"product_brand":[],"product_cat":[248],"product_tag":[1787,1793,1791,1792,384,1789,1788,22,1786,1790,1794,1784],"class_list":{"0":"post-1463","1":"product","2":"type-product","3":"status-publish","4":"has-post-thumbnail","6":"product_cat-renault","7":"product_tag-1787","8":"product_tag-0281011940-desativar-o-imobilizador","9":"product_tag-35p08","10":"product_tag-95p08","11":"product_tag-arquivo-de-reset","12":"product_tag-chines","13":"product_tag-emulador","14":"product_tag-fiat","15":"product_tag-master","16":"product_tag-ou-original","17":"product_tag-reset-na-soic-35p08","18":"product_tag-virgem","20":"first","21":"instock","22":"downloadable","23":"virtual","24":"purchasable","25":"product-type-simple"},"jetpack_sharing_enabled":true,"_links":{"self":[{"href":"https:\/\/powerchip.com.br\/index.php\/wp-json\/wp\/v2\/product\/1463","targetHints":{"allow":["GET"]}}],"collection":[{"href":"https:\/\/powerchip.com.br\/index.php\/wp-json\/wp\/v2\/product"}],"about":[{"href":"https:\/\/powerchip.com.br\/index.php\/wp-json\/wp\/v2\/types\/product"}],"wp:featuredmedia":[{"embeddable":true,"href":"https:\/\/powerchip.com.br\/index.php\/wp-json\/wp\/v2\/media\/1461"}],"wp:attachment":[{"href":"https:\/\/powerchip.com.br\/index.php\/wp-json\/wp\/v2\/media?parent=1463"}],"wp:term":[{"taxonomy":"product_brand","embeddable":true,"href":"https:\/\/powerchip.com.br\/index.php\/wp-json\/wp\/v2\/product_brand?post=1463"},{"taxonomy":"product_cat","embeddable":true,"href":"https:\/\/powerchip.com.br\/index.php\/wp-json\/wp\/v2\/product_cat?post=1463"},{"taxonomy":"product_tag","embeddable":true,"href":"https:\/\/powerchip.com.br\/index.php\/wp-json\/wp\/v2\/product_tag?post=1463"}],"curies":[{"name":"wp","href":"https:\/\/api.w.org\/{rel}","templated":true}]}}