{"id":1456,"date":"2026-01-23T21:04:02","date_gmt":"2026-01-23T21:04:02","guid":{"rendered":"https:\/\/powerchip.com.br\/?post_type=product&#038;p=1456"},"modified":"2026-01-23T21:06:17","modified_gmt":"2026-01-23T21:06:17","slug":"arquivo-decode-sem-imobilizador-pajero-full-3-2-immo-off-na-flash-1860b10003-4m41-1860b100-275800-9364-4m41-1860b100-275800-9364-sh7058-denso-ra6-mitsubishi","status":"publish","type":"product","link":"https:\/\/powerchip.com.br\/index.php\/produto\/arquivo-decode-sem-imobilizador-pajero-full-3-2-immo-off-na-flash-1860b10003-4m41-1860b100-275800-9364-4m41-1860b100-275800-9364-sh7058-denso-ra6-mitsubishi\/","title":{"rendered":"ARQUIVO DECODE SEM IMOBILIZADOR PAJERO FULL 3.2   IMMO OFF\u00a0 NA FLASH\u00a0 \u00a01860B10003 4M41 1860B100 275800 9364\u00a0 4M41 1860B100 275800 9364 SH7058 DENSO RA6 MITSUBISHI"},"content":{"rendered":"<p>ARQUIVO DECODE SEM IMOBILIZADOR PAJERO FULL 3.2\u00a0 IMMO OFF\u00a0 NA FLASH\u00a0 \u00a01860B10003 4M41 1860B100 275800 9364\u00a0 4M41 1860B100 275800 9364 SH7058 DENSO RA6 MITSUBISHI<\/p>\n<p>CHECKSUM OK\u00a0 CORRIGIDO<\/p>\n<p><img loading=\"lazy\" decoding=\"async\" class=\"alignnone size-medium wp-image-1458\" src=\"https:\/\/powerchip.com.br\/wp-content\/uploads\/2026\/01\/pajero-full-3.2-1860B10003-180x300.jpeg\" alt=\"\" width=\"180\" height=\"300\" srcset=\"https:\/\/powerchip.com.br\/wp-content\/uploads\/2026\/01\/pajero-full-3.2-1860B10003-180x300.jpeg 180w, https:\/\/powerchip.com.br\/wp-content\/uploads\/2026\/01\/pajero-full-3.2-1860B10003.jpeg 261w\" sizes=\"auto, (max-width: 180px) 100vw, 180px\" \/><\/p>\n<p><img loading=\"lazy\" decoding=\"async\" class=\"alignnone size-full wp-image-1040\" src=\"https:\/\/powerchip.com.br\/wp-content\/uploads\/2025\/11\/alto-falante.jpg\" alt=\"\" width=\"67\" height=\"55\" \/>\u00a0 \u00a0<strong>\u00a0<\/strong>\u201cLembrete: Este arquivo N\u00c3O\u00a0 necessita de prepara\u00e7\u00e3o espec\u00edfica para a central (ECU) de destino\u00a0 .\u201d<\/p>\n<p>Voc\u00ea receber\u00e1 ap\u00f3s pagar:<\/p>\n<p><b>\u00a0<\/b><\/p>\n<p><img loading=\"lazy\" decoding=\"async\" class=\"alignnone size-full wp-image-1039\" src=\"https:\/\/powerchip.com.br\/wp-content\/uploads\/2025\/11\/veja-acima.jpg\" alt=\"\" width=\"21\" height=\"34\" \/><\/p>\n<p>&nbsp;<\/p>\n<p><img loading=\"lazy\" decoding=\"async\" class=\"alignnone size-full wp-image-1042\" src=\"https:\/\/powerchip.com.br\/wp-content\/uploads\/2025\/11\/pistao.jpg\" alt=\"\" width=\"17\" height=\"41\" \/> \u00a0ARQUIVO ORIGINAL<\/p>\n<p><img loading=\"lazy\" decoding=\"async\" class=\"alignnone size-full wp-image-1042\" src=\"https:\/\/powerchip.com.br\/wp-content\/uploads\/2025\/11\/pistao.jpg\" alt=\"\" width=\"17\" height=\"41\" \/><img loading=\"lazy\" decoding=\"async\" class=\"alignnone size-full wp-image-1042\" src=\"https:\/\/powerchip.com.br\/wp-content\/uploads\/2025\/11\/pistao.jpg\" alt=\"\" width=\"17\" height=\"41\" \/> ARQUIVO DE \u00a0DECODE SEM IMO NA FLASH<\/p>\n<p>Um profissional saber\u00e1 utilizar isso , ou ap\u00f3s a compra entre em contato.<\/p>\n<p>A Desativa\u00e7\u00e3o da fun\u00e7\u00e3o imobilizador \u00e9 para diagn\u00f3stico e verifica\u00e7\u00e3o da ECU durante o reparo.<br \/>\nNem todas as vers\u00f5es de software podem ser compat\u00edveis.<br \/>\nPara adicionar uma nova vers\u00e3o de software, entre em contato com o portal de suporte e anexe um arquivo.<br \/>\nO uso \u00e9 por sua conta e risco.<\/p>\n<p>O m\u00f3dulo permite desativar o imobilizador (IMMO OFF, por exemplo, para verificar os componentes do sistema)<\/p>\n<p>Sempre leia e salve seu original para seguran\u00e7a.<\/p>\n<p>Mande um e-mail ou chame no Whatzapp. (16)991342577<\/p>\n<p>O uso \u00e9 por sua conta e risco.<\/p>\n<p><a href=\"https:\/\/powerchip.com.br\/index.php\/arquivo-destinado-a-profissionais\/\">Arquivo destinado a profissionais<\/a>.<\/p>\n<p><a href=\"https:\/\/powerchip.com.br\/index.php\/como-usar-o-arquivo-comprado\/\">Como usar o arquivo<\/a>.<\/p>\n<p><a href=\"https:\/\/powerchip.com.br\/index.php\/como-comprar\/\">Como comprar<\/a><\/p>\n<p>&nbsp;<\/p>\n","protected":false},"excerpt":{"rendered":"<p>ARQUIVO DECODE SEM IMOBILIZADOR PAJERO FULL 3.2\u00a0 IMMO OFF\u00a0 NA FLASH\u00a0 \u00a01860B10003 4M41 1860B100 275800 9364\u00a0 4M41 1860B100 275800 9364 SH7058 DENSO RA6 MITSUBISHI<\/p>\n","protected":false},"featured_media":1458,"template":"","meta":{"_joinchat":[]},"product_brand":[],"product_cat":[666],"product_tag":[1778,1776,1780,1779,1600,1777,1781,1773,127,858,1775,224,1774,1783,1782],"class_list":{"0":"post-1456","1":"product","2":"type-product","3":"status-publish","4":"has-post-thumbnail","6":"product_cat-mitsubishi","7":"product_tag-1860b100","8":"product_tag-1860b10003","9":"product_tag-1780","10":"product_tag-275800-9364-4m41-1860b100","11":"product_tag-3-2","12":"product_tag-4m41","13":"product_tag-1781","14":"product_tag-arquivo-decode-sem-imobilizador","15":"product_tag-decode","16":"product_tag-denso","17":"product_tag-immo-off-na-flash","18":"product_tag-mitsubishi","19":"product_tag-pajero-full","20":"product_tag-ra6","21":"product_tag-sh7058","23":"first","24":"instock","25":"downloadable","26":"virtual","27":"purchasable","28":"product-type-simple"},"jetpack_sharing_enabled":true,"_links":{"self":[{"href":"https:\/\/powerchip.com.br\/index.php\/wp-json\/wp\/v2\/product\/1456","targetHints":{"allow":["GET"]}}],"collection":[{"href":"https:\/\/powerchip.com.br\/index.php\/wp-json\/wp\/v2\/product"}],"about":[{"href":"https:\/\/powerchip.com.br\/index.php\/wp-json\/wp\/v2\/types\/product"}],"wp:featuredmedia":[{"embeddable":true,"href":"https:\/\/powerchip.com.br\/index.php\/wp-json\/wp\/v2\/media\/1458"}],"wp:attachment":[{"href":"https:\/\/powerchip.com.br\/index.php\/wp-json\/wp\/v2\/media?parent=1456"}],"wp:term":[{"taxonomy":"product_brand","embeddable":true,"href":"https:\/\/powerchip.com.br\/index.php\/wp-json\/wp\/v2\/product_brand?post=1456"},{"taxonomy":"product_cat","embeddable":true,"href":"https:\/\/powerchip.com.br\/index.php\/wp-json\/wp\/v2\/product_cat?post=1456"},{"taxonomy":"product_tag","embeddable":true,"href":"https:\/\/powerchip.com.br\/index.php\/wp-json\/wp\/v2\/product_tag?post=1456"}],"curies":[{"name":"wp","href":"https:\/\/api.w.org\/{rel}","templated":true}]}}