{"id":1441,"date":"2026-01-23T20:14:22","date_gmt":"2026-01-23T20:14:22","guid":{"rendered":"https:\/\/powerchip.com.br\/?post_type=product&#038;p=1441"},"modified":"2026-01-23T20:17:16","modified_gmt":"2026-01-23T20:17:16","slug":"pack-de-arquivos-para-reset-centrais-fiat-km-dcundxxzdxyadzjcfbdkfbxffcmzfcsnfcvnfcwmfdmyfdznffbfffdbffrhffrsfhftfhfvfhfyfhhafhjhfhmwfhnsfhrdfhrnfhrzfhvrfhwyfjryjfsb","status":"publish","type":"product","link":"https:\/\/powerchip.com.br\/index.php\/produto\/pack-de-arquivos-para-reset-centrais-fiat-km-dcundxxzdxyadzjcfbdkfbxffcmzfcsnfcvnfcwmfdmyfdznffbfffdbffrhffrsfhftfhfvfhfyfhhafhjhfhmwfhnsfhrdfhrnfhrzfhvrfhwyfjryjfsb\/","title":{"rendered":"PACK DE ARQUIVOS PARA RESET CENTRAIS FIAT KM\u00a0 DCUN,DXXZ,DXYA,DZJC,FBDK,FBXF,FCMZ,FCSN,FCVN,FCWM,FDMY,FDZN,FFBF,FFDB,FFRH,FFRS,FHFT,FHFV,FHFY,FHHA,FHJH,FHMW,FHNS,FHRD,FHRN,FHRZ,FHVR,FHWY,FJRY,JFSB,FJSH,FLJS"},"content":{"rendered":"<p>PACK DE ARQUIVOS PARA RESET CENTRAIS FIAT KM\u00a0 MEMORIAS SOIC 8 BEEPROG ETC.<\/p>\n<p>32 ARQUIVOS DE RESET FIAT KM<\/p>\n<p>ARQUIVOS DE RESET FIAT KM\u00a0 DCUN<br \/>\nARQUIVOS DE RESET FIAT KM\u00a0DXXZ<br \/>\nARQUIVOS DE RESET FIAT KM\u00a0DXYA<br \/>\nARQUIVOS DE RESET FIAT KM\u00a0DZJC<br \/>\nARQUIVOS DE RESET FIAT KM\u00a0FBDK<br \/>\nARQUIVOS DE RESET FIAT KM\u00a0FBXF<br \/>\nARQUIVOS DE RESET FIAT KM\u00a0FCMZ<br \/>\nARQUIVOS DE RESET FIAT KM\u00a0FCSN<br \/>\nARQUIVOS DE RESET FIAT KM\u00a0FCVN<br \/>\nARQUIVOS DE RESET FIAT KM\u00a0FCWM<br \/>\nARQUIVOS DE RESET FIAT KM\u00a0FDMY<br \/>\nARQUIVOS DE RESET FIAT KM\u00a0FDZN<br \/>\nARQUIVOS DE RESET FIAT KM\u00a0FFBF<br \/>\nARQUIVOS DE RESET FIAT KM\u00a0FFDB<br \/>\nARQUIVOS DE RESET FIAT KM\u00a0FFRH<br \/>\nARQUIVOS DE RESET FIAT KM\u00a0FFRS<br \/>\nARQUIVOS DE RESET FIAT KM\u00a0FHFT<br \/>\nARQUIVOS DE RESET FIAT KM\u00a0FHFV<br \/>\nARQUIVOS DE RESET FIAT KM\u00a0FHFY<br \/>\nARQUIVOS DE RESET FIAT KM\u00a0FHHA<br \/>\nARQUIVOS DE RESET FIAT KM\u00a0FHJH<br \/>\nARQUIVOS DE RESET FIAT KM\u00a0HMW<br \/>\nARQUIVOS DE RESET FIAT KM\u00a0FHNS<br \/>\nARQUIVOS DE RESET FIAT KM\u00a0FHRD<br \/>\nARQUIVOS DE RESET FIAT KM\u00a0FHRN<br \/>\nARQUIVOS DE RESET FIAT KM\u00a0FHRZ<br \/>\nARQUIVOS DE RESET FIAT KM\u00a0FHVR<br \/>\nARQUIVOS DE RESET FIAT KM\u00a0FHWY<br \/>\nARQUIVOS DE RESET FIAT KM\u00a0FJRY<br \/>\nARQUIVOS DE RESET FIAT KM\u00a0JFSB<br \/>\nARQUIVOS DE RESET FIAT KM\u00a0FJSH<br \/>\nARQUIVOS DE RESET FIAT KM\u00a0FLJS<\/p>\n<p><img loading=\"lazy\" decoding=\"async\" class=\"alignnone size-full wp-image-1442\" src=\"https:\/\/powerchip.com.br\/wp-content\/uploads\/2026\/01\/KM-FIAT-HSFI-ECU-.jpg\" alt=\"\" width=\"259\" height=\"256\" srcset=\"https:\/\/powerchip.com.br\/wp-content\/uploads\/2026\/01\/KM-FIAT-HSFI-ECU-.jpg 259w, https:\/\/powerchip.com.br\/wp-content\/uploads\/2026\/01\/KM-FIAT-HSFI-ECU--100x100.jpg 100w\" sizes=\"auto, (max-width: 259px) 100vw, 259px\" \/><img loading=\"lazy\" decoding=\"async\" class=\"alignnone size-full wp-image-645\" src=\"https:\/\/powerchip.com.br\/wp-content\/uploads\/2025\/11\/soic-8-.jpg\" alt=\"\" width=\"246\" height=\"245\" srcset=\"https:\/\/powerchip.com.br\/wp-content\/uploads\/2025\/11\/soic-8-.jpg 246w, https:\/\/powerchip.com.br\/wp-content\/uploads\/2025\/11\/soic-8--150x150.jpg 150w, https:\/\/powerchip.com.br\/wp-content\/uploads\/2025\/11\/soic-8--100x100.jpg 100w\" sizes=\"auto, (max-width: 246px) 100vw, 246px\" \/><\/p>\n<p><img loading=\"lazy\" decoding=\"async\" class=\"alignnone size-full wp-image-1040\" src=\"https:\/\/powerchip.com.br\/wp-content\/uploads\/2025\/11\/alto-falante.jpg\" alt=\"\" width=\"67\" height=\"55\" \/>\u00a0 \u00a0<strong>\u00a0<\/strong>\u201cLembrete: Este arquivo N\u00c3O\u00a0 necessita de prepara\u00e7\u00e3o espec\u00edfica para a central (ECU) de destino GRAVE NA SOIC 8 COM PROGRAMADOR DE EEPROM.\u201d<\/p>\n<p>Voc\u00ea receber\u00e1 ap\u00f3s pagar:<\/p>\n<p><strong>A PROMO\u00c7\u00c3O 32 CILINDROS POWERCHIP.<\/strong><\/p>\n<p><img loading=\"lazy\" decoding=\"async\" class=\"alignnone size-full wp-image-1039\" src=\"https:\/\/powerchip.com.br\/wp-content\/uploads\/2025\/11\/veja-acima.jpg\" alt=\"\" width=\"21\" height=\"34\" \/><\/p>\n<p>&nbsp;<\/p>\n<p><img loading=\"lazy\" decoding=\"async\" class=\"alignnone size-full wp-image-1042\" src=\"https:\/\/powerchip.com.br\/wp-content\/uploads\/2025\/11\/pistao.jpg\" alt=\"\" width=\"17\" height=\"41\" \/> <img loading=\"lazy\" decoding=\"async\" class=\"alignnone size-full wp-image-1042\" src=\"https:\/\/powerchip.com.br\/wp-content\/uploads\/2025\/11\/pistao.jpg\" alt=\"\" width=\"17\" height=\"41\" \/><img loading=\"lazy\" decoding=\"async\" class=\"alignnone size-full wp-image-1042\" src=\"https:\/\/powerchip.com.br\/wp-content\/uploads\/2025\/11\/pistao.jpg\" alt=\"\" width=\"17\" height=\"41\" \/><img loading=\"lazy\" decoding=\"async\" class=\"alignnone size-full wp-image-1042\" src=\"https:\/\/powerchip.com.br\/wp-content\/uploads\/2025\/11\/pistao.jpg\" alt=\"\" width=\"17\" height=\"41\" \/><img loading=\"lazy\" decoding=\"async\" class=\"alignnone size-full wp-image-1042\" src=\"https:\/\/powerchip.com.br\/wp-content\/uploads\/2025\/11\/pistao.jpg\" alt=\"\" width=\"17\" height=\"41\" \/><img loading=\"lazy\" decoding=\"async\" class=\"alignnone size-full wp-image-1042\" src=\"https:\/\/powerchip.com.br\/wp-content\/uploads\/2025\/11\/pistao.jpg\" alt=\"\" width=\"17\" height=\"41\" \/><img loading=\"lazy\" decoding=\"async\" class=\"alignnone size-full wp-image-1042\" src=\"https:\/\/powerchip.com.br\/wp-content\/uploads\/2025\/11\/pistao.jpg\" alt=\"\" width=\"17\" height=\"41\" \/><img loading=\"lazy\" decoding=\"async\" class=\"alignnone size-full wp-image-1042\" src=\"https:\/\/powerchip.com.br\/wp-content\/uploads\/2025\/11\/pistao.jpg\" alt=\"\" width=\"17\" height=\"41\" \/><img loading=\"lazy\" decoding=\"async\" class=\"alignnone size-full wp-image-1042\" src=\"https:\/\/powerchip.com.br\/wp-content\/uploads\/2025\/11\/pistao.jpg\" alt=\"\" width=\"17\" height=\"41\" \/><img loading=\"lazy\" decoding=\"async\" class=\"alignnone size-full wp-image-1042\" src=\"https:\/\/powerchip.com.br\/wp-content\/uploads\/2025\/11\/pistao.jpg\" alt=\"\" width=\"17\" height=\"41\" \/><img loading=\"lazy\" decoding=\"async\" class=\"alignnone size-full wp-image-1042\" src=\"https:\/\/powerchip.com.br\/wp-content\/uploads\/2025\/11\/pistao.jpg\" alt=\"\" width=\"17\" height=\"41\" \/><img loading=\"lazy\" decoding=\"async\" class=\"alignnone size-full wp-image-1042\" src=\"https:\/\/powerchip.com.br\/wp-content\/uploads\/2025\/11\/pistao.jpg\" alt=\"\" width=\"17\" height=\"41\" \/><img loading=\"lazy\" decoding=\"async\" class=\"alignnone size-full wp-image-1042\" src=\"https:\/\/powerchip.com.br\/wp-content\/uploads\/2025\/11\/pistao.jpg\" alt=\"\" width=\"17\" height=\"41\" \/><img loading=\"lazy\" decoding=\"async\" class=\"alignnone size-full wp-image-1042\" src=\"https:\/\/powerchip.com.br\/wp-content\/uploads\/2025\/11\/pistao.jpg\" alt=\"\" width=\"17\" height=\"41\" \/><img loading=\"lazy\" decoding=\"async\" class=\"alignnone size-full wp-image-1042\" src=\"https:\/\/powerchip.com.br\/wp-content\/uploads\/2025\/11\/pistao.jpg\" alt=\"\" width=\"17\" height=\"41\" \/><img loading=\"lazy\" decoding=\"async\" class=\"alignnone size-full wp-image-1042\" src=\"https:\/\/powerchip.com.br\/wp-content\/uploads\/2025\/11\/pistao.jpg\" alt=\"\" width=\"17\" height=\"41\" \/><img loading=\"lazy\" decoding=\"async\" class=\"alignnone size-full wp-image-1042\" src=\"https:\/\/powerchip.com.br\/wp-content\/uploads\/2025\/11\/pistao.jpg\" alt=\"\" width=\"17\" height=\"41\" \/><img loading=\"lazy\" decoding=\"async\" class=\"alignnone size-full wp-image-1042\" src=\"https:\/\/powerchip.com.br\/wp-content\/uploads\/2025\/11\/pistao.jpg\" alt=\"\" width=\"17\" height=\"41\" \/><img loading=\"lazy\" decoding=\"async\" class=\"alignnone size-full wp-image-1042\" src=\"https:\/\/powerchip.com.br\/wp-content\/uploads\/2025\/11\/pistao.jpg\" alt=\"\" width=\"17\" height=\"41\" \/><img loading=\"lazy\" decoding=\"async\" class=\"alignnone size-full wp-image-1042\" src=\"https:\/\/powerchip.com.br\/wp-content\/uploads\/2025\/11\/pistao.jpg\" alt=\"\" width=\"17\" height=\"41\" \/><img loading=\"lazy\" decoding=\"async\" class=\"alignnone size-full wp-image-1042\" src=\"https:\/\/powerchip.com.br\/wp-content\/uploads\/2025\/11\/pistao.jpg\" alt=\"\" width=\"17\" height=\"41\" \/><img loading=\"lazy\" decoding=\"async\" class=\"alignnone size-full wp-image-1042\" src=\"https:\/\/powerchip.com.br\/wp-content\/uploads\/2025\/11\/pistao.jpg\" alt=\"\" width=\"17\" height=\"41\" \/><img loading=\"lazy\" decoding=\"async\" class=\"alignnone size-full wp-image-1042\" src=\"https:\/\/powerchip.com.br\/wp-content\/uploads\/2025\/11\/pistao.jpg\" alt=\"\" width=\"17\" height=\"41\" \/><img loading=\"lazy\" decoding=\"async\" class=\"alignnone size-full wp-image-1042\" src=\"https:\/\/powerchip.com.br\/wp-content\/uploads\/2025\/11\/pistao.jpg\" alt=\"\" width=\"17\" height=\"41\" \/><img loading=\"lazy\" decoding=\"async\" class=\"alignnone size-full wp-image-1042\" src=\"https:\/\/powerchip.com.br\/wp-content\/uploads\/2025\/11\/pistao.jpg\" alt=\"\" width=\"17\" height=\"41\" \/><img loading=\"lazy\" decoding=\"async\" class=\"alignnone size-full wp-image-1042\" src=\"https:\/\/powerchip.com.br\/wp-content\/uploads\/2025\/11\/pistao.jpg\" alt=\"\" width=\"17\" height=\"41\" \/><img loading=\"lazy\" decoding=\"async\" class=\"alignnone size-full wp-image-1042\" src=\"https:\/\/powerchip.com.br\/wp-content\/uploads\/2025\/11\/pistao.jpg\" alt=\"\" width=\"17\" height=\"41\" \/><img loading=\"lazy\" decoding=\"async\" class=\"alignnone size-full wp-image-1042\" src=\"https:\/\/powerchip.com.br\/wp-content\/uploads\/2025\/11\/pistao.jpg\" alt=\"\" width=\"17\" height=\"41\" \/><img loading=\"lazy\" decoding=\"async\" class=\"alignnone size-full wp-image-1042\" src=\"https:\/\/powerchip.com.br\/wp-content\/uploads\/2025\/11\/pistao.jpg\" alt=\"\" width=\"17\" height=\"41\" \/><img loading=\"lazy\" decoding=\"async\" class=\"alignnone size-full wp-image-1042\" src=\"https:\/\/powerchip.com.br\/wp-content\/uploads\/2025\/11\/pistao.jpg\" alt=\"\" width=\"17\" height=\"41\" \/><img loading=\"lazy\" decoding=\"async\" class=\"alignnone size-full wp-image-1042\" src=\"https:\/\/powerchip.com.br\/wp-content\/uploads\/2025\/11\/pistao.jpg\" alt=\"\" width=\"17\" height=\"41\" \/><img loading=\"lazy\" decoding=\"async\" class=\"alignnone size-full wp-image-1042\" src=\"https:\/\/powerchip.com.br\/wp-content\/uploads\/2025\/11\/pistao.jpg\" alt=\"\" width=\"17\" height=\"41\" \/> ARQUIVO ORIGINAL RESETADO PARA SOIC 8<\/p>\n<p>&nbsp;<\/p>\n<p>Um profissional saber\u00e1 utilizar isso , ou ap\u00f3s a compra entre em contato.<\/p>\n<p>RESET\u00a0 imobilizador \u00e9 para diagn\u00f3stico OU TROCA da ECU durante o reparo.<br \/>\nNem todas as vers\u00f5es de software podem ser compat\u00edveis.<br \/>\nPara adicionar uma nova vers\u00e3o de software, entre em contato com o portal de suporte e anexe um arquivo.<br \/>\nO uso \u00e9 por sua conta e risco.<\/p>\n<p>O m\u00f3dulo permite RESETAR\u00a0 o imobilizador (RESET, por exemplo, para verificar os componentes do sistema)<\/p>\n<p>Sempre leia e salve seu original para seguran\u00e7a.<\/p>\n<p>Mande um e-mail ou chame no Whatzapp. (16)991342577<\/p>\n<p>O uso \u00e9 por sua conta e risco.<\/p>\n<p><a href=\"https:\/\/powerchip.com.br\/index.php\/arquivo-destinado-a-profissionais\/\">Arquivo destinado a profissionais<\/a>.<\/p>\n<p><a href=\"https:\/\/powerchip.com.br\/index.php\/como-usar-o-arquivo-comprado\/\">Como usar o arquivo<\/a>.<\/p>\n<p><a href=\"https:\/\/powerchip.com.br\/index.php\/como-comprar\/\">Como comprar<\/a><\/p>\n<p>&nbsp;<\/p>\n","protected":false},"excerpt":{"rendered":"<p>PACK DE ARQUIVOS PARA RESET CENTRAIS FIAT KM\u00a0 MEMORIAS SOIC 8 BEEPROG ETC. 32 ARQUIVOS DE RESET FIAT KM ARQUIVOS DE RESET FIAT KM\u00a0 DCUN ARQUIVOS DE RESET FIAT KM\u00a0DXXZ ARQUIVOS DE RESET FIAT KM\u00a0DXYA ARQUIVOS DE RESET FIAT KM\u00a0DZJC ARQUIVOS DE RESET FIAT KM\u00a0FBDK ARQUIVOS DE RESET FIAT KM\u00a0FBXF ARQUIVOS DE RESET FIAT KM\u00a0FCMZ [&hellip;]<\/p>\n","protected":false},"featured_media":1442,"template":"","meta":{"_joinchat":[]},"product_brand":[],"product_cat":[21],"product_tag":[1727,1728,1729,1730,1731,1732,1733,1734,1735,1736,1737,1738,1739,1740,1741,1742,1743,1744,1745,1746,1747,1748,1749,1750,1751,1752,1753,1754,1756,1757,1755,1726],"class_list":{"0":"post-1441","1":"product","2":"type-product","3":"status-publish","4":"has-post-thumbnail","6":"product_cat-fiat","7":"product_tag-dxxz","8":"product_tag-dxya","9":"product_tag-dzjc","10":"product_tag-fbdk","11":"product_tag-fbxf","12":"product_tag-fcmz","13":"product_tag-fcsn","14":"product_tag-fcvn","15":"product_tag-fcwm","16":"product_tag-fdmy","17":"product_tag-fdzn","18":"product_tag-ffbf","19":"product_tag-ffdb","20":"product_tag-ffrh","21":"product_tag-ffrs","22":"product_tag-fhft","23":"product_tag-fhfv","24":"product_tag-fhfy","25":"product_tag-fhha","26":"product_tag-fhjh","27":"product_tag-fhmw","28":"product_tag-fhns","29":"product_tag-fhrd","30":"product_tag-fhrn","31":"product_tag-fhrz","32":"product_tag-fhvr","33":"product_tag-fhwy","34":"product_tag-fjry","35":"product_tag-fjsh","36":"product_tag-fljs","37":"product_tag-jfsb","38":"product_tag-km-dcun","40":"first","41":"instock","42":"downloadable","43":"virtual","44":"purchasable","45":"product-type-simple"},"jetpack_sharing_enabled":true,"_links":{"self":[{"href":"https:\/\/powerchip.com.br\/index.php\/wp-json\/wp\/v2\/product\/1441","targetHints":{"allow":["GET"]}}],"collection":[{"href":"https:\/\/powerchip.com.br\/index.php\/wp-json\/wp\/v2\/product"}],"about":[{"href":"https:\/\/powerchip.com.br\/index.php\/wp-json\/wp\/v2\/types\/product"}],"wp:featuredmedia":[{"embeddable":true,"href":"https:\/\/powerchip.com.br\/index.php\/wp-json\/wp\/v2\/media\/1442"}],"wp:attachment":[{"href":"https:\/\/powerchip.com.br\/index.php\/wp-json\/wp\/v2\/media?parent=1441"}],"wp:term":[{"taxonomy":"product_brand","embeddable":true,"href":"https:\/\/powerchip.com.br\/index.php\/wp-json\/wp\/v2\/product_brand?post=1441"},{"taxonomy":"product_cat","embeddable":true,"href":"https:\/\/powerchip.com.br\/index.php\/wp-json\/wp\/v2\/product_cat?post=1441"},{"taxonomy":"product_tag","embeddable":true,"href":"https:\/\/powerchip.com.br\/index.php\/wp-json\/wp\/v2\/product_tag?post=1441"}],"curies":[{"name":"wp","href":"https:\/\/api.w.org\/{rel}","templated":true}]}}