{"id":1404,"date":"2026-01-22T21:20:36","date_gmt":"2026-01-22T21:20:36","guid":{"rendered":"https:\/\/powerchip.com.br\/?post_type=product&#038;p=1404"},"modified":"2026-01-22T21:29:29","modified_gmt":"2026-01-22T21:29:29","slug":"arquivo-original-bcm-gm-13535990-etiqueta-dentro-soft-13535988","status":"publish","type":"product","link":"https:\/\/powerchip.com.br\/index.php\/produto\/arquivo-original-bcm-gm-13535990-etiqueta-dentro-soft-13535988\/","title":{"rendered":"ARQUIVO ORIGINAL BCM GM  13535990 (etiqueta ) DENTRO  soft 13535988 24C32 R7F7010533 VVDI PROG"},"content":{"rendered":"<p>ARQUIVO ORIGINAL BCM GM 13535990 (etiqueta ) DENTRO soft 13535988 24C32 R7F7010533 VVDI PROG<\/p>\n<p>PROBELMAS DE\u00a0 SOFT?<\/p>\n<p>24C32 BEEPROG<\/p>\n<p>R7F7010533 VVDI PROG<\/p>\n<p><img loading=\"lazy\" decoding=\"async\" class=\"alignnone size-full wp-image-1040\" src=\"https:\/\/powerchip.com.br\/wp-content\/uploads\/2025\/11\/alto-falante.jpg\" alt=\"\" width=\"67\" height=\"55\" \/>\u00a0 \u00a0<strong>\u00a0<\/strong>\u201cLembrete: Este arquivo SIM\u00a0 necessita de prepara\u00e7\u00e3o espec\u00edfica para a central (ECU) de destino , VOC\u00ca TEM CALCULAR SEU EEP CASADO COM SUA ECU , ETC .\u201d<\/p>\n<p>Voc\u00ea receber\u00e1 ap\u00f3s pagar:<\/p>\n<p><b>\u00a0<\/b><\/p>\n<p><img loading=\"lazy\" decoding=\"async\" class=\"alignnone size-full wp-image-1039\" src=\"https:\/\/powerchip.com.br\/wp-content\/uploads\/2025\/11\/veja-acima.jpg\" alt=\"\" width=\"21\" height=\"34\" \/><\/p>\n<p>&nbsp;<\/p>\n<p>01 ARQUIVO ORIGINAL DA BCM FLASH<\/p>\n<p>01 ARQUIVO ORIGINAL DA BCM\u00a0 EEPROM<\/p>\n<p>01 ARQUIVO ORIGINAL DA BCM D FLASH<\/p>\n<p>Um profissional saber\u00e1 utilizar isso , ou ap\u00f3s a compra entre em contato.<\/p>\n<p>Nem todas as vers\u00f5es de software podem ser compat\u00edveis.<\/p>\n<p>O uso \u00e9 por sua conta e risco.<\/p>\n<p>&nbsp;<\/p>\n<p>Sempre leia e salve seu original para seguran\u00e7a.<\/p>\n<p>Mande um e-mail ou chame no Whatzapp. (16)991342577<\/p>\n<p>O uso \u00e9 por sua conta e risco.<\/p>\n<p><a href=\"https:\/\/powerchip.com.br\/index.php\/arquivo-destinado-a-profissionais\/\">Arquivo destinado a profissionais<\/a>.<\/p>\n<p><a href=\"https:\/\/powerchip.com.br\/index.php\/como-usar-o-arquivo-comprado\/\">Como usar o arquivo<\/a>.<\/p>\n<p><a href=\"https:\/\/powerchip.com.br\/index.php\/como-comprar\/\">Como comprar<\/a><\/p>\n","protected":false},"excerpt":{"rendered":"<p>ARQUIVO ORIGINAL BCM GM 13535990 (etiqueta ) DENTRO soft 13535988 24C32 R7F7010533 VVDI PROG<\/p>\n","protected":false},"featured_media":1006,"template":"","meta":{"_joinchat":[]},"product_brand":[],"product_cat":[81],"product_tag":[1681,1680,678,1679],"class_list":{"0":"post-1404","1":"product","2":"type-product","3":"status-publish","4":"has-post-thumbnail","6":"product_cat-gm","7":"product_tag-1681","8":"product_tag-1680","9":"product_tag-arquivo-original","10":"product_tag-bcm-gm","12":"first","13":"instock","14":"downloadable","15":"virtual","16":"purchasable","17":"product-type-simple"},"jetpack_sharing_enabled":true,"_links":{"self":[{"href":"https:\/\/powerchip.com.br\/index.php\/wp-json\/wp\/v2\/product\/1404","targetHints":{"allow":["GET"]}}],"collection":[{"href":"https:\/\/powerchip.com.br\/index.php\/wp-json\/wp\/v2\/product"}],"about":[{"href":"https:\/\/powerchip.com.br\/index.php\/wp-json\/wp\/v2\/types\/product"}],"wp:featuredmedia":[{"embeddable":true,"href":"https:\/\/powerchip.com.br\/index.php\/wp-json\/wp\/v2\/media\/1006"}],"wp:attachment":[{"href":"https:\/\/powerchip.com.br\/index.php\/wp-json\/wp\/v2\/media?parent=1404"}],"wp:term":[{"taxonomy":"product_brand","embeddable":true,"href":"https:\/\/powerchip.com.br\/index.php\/wp-json\/wp\/v2\/product_brand?post=1404"},{"taxonomy":"product_cat","embeddable":true,"href":"https:\/\/powerchip.com.br\/index.php\/wp-json\/wp\/v2\/product_cat?post=1404"},{"taxonomy":"product_tag","embeddable":true,"href":"https:\/\/powerchip.com.br\/index.php\/wp-json\/wp\/v2\/product_tag?post=1404"}],"curies":[{"name":"wp","href":"https:\/\/api.w.org\/{rel}","templated":true}]}}