{"id":1385,"date":"2026-01-21T15:16:27","date_gmt":"2026-01-21T15:16:27","guid":{"rendered":"https:\/\/powerchip.com.br\/?post_type=product&#038;p=1385"},"modified":"2026-01-21T16:02:50","modified_gmt":"2026-01-21T16:02:50","slug":"tirar-imobilizador-do-gol-4lv-arquivo-decode-sem-imobilizador-imoof-modulo-injecao-vw-4lv-gol","status":"publish","type":"product","link":"https:\/\/powerchip.com.br\/index.php\/produto\/tirar-imobilizador-do-gol-4lv-arquivo-decode-sem-imobilizador-imoof-modulo-injecao-vw-4lv-gol\/","title":{"rendered":"Tirar imobilizador  do GOL 4lv, Arquivo decode , sem imobilizador imoof , modulo inje\u00e7\u00e3o VW 4LV Gol"},"content":{"rendered":"<p>Tirar imobilizador do GOL 4lv, Arquivo decode , sem imobilizador imoof , modulo inje\u00e7\u00e3o VW 4LV Gol 4518 GOL6160096302 1.0 4LV.AR<\/p>\n<p>Gol Power<br \/>\n030.906.034.c Iaw 4lv Ar decode , sem imobilizador imoof<\/p>\n<p>036.906.034.BM 4LV.AS decode , sem imobilizador imoof<\/p>\n<p><img loading=\"lazy\" decoding=\"async\" class=\"alignnone size-medium wp-image-1386\" src=\"https:\/\/powerchip.com.br\/wp-content\/uploads\/2026\/01\/GOL-POWER-4LV.AR-4LV.AS_-300x266.jpg\" alt=\"\" width=\"300\" height=\"266\" srcset=\"https:\/\/powerchip.com.br\/wp-content\/uploads\/2026\/01\/GOL-POWER-4LV.AR-4LV.AS_-300x266.jpg 300w, https:\/\/powerchip.com.br\/wp-content\/uploads\/2026\/01\/GOL-POWER-4LV.AR-4LV.AS_.jpg 498w\" sizes=\"auto, (max-width: 300px) 100vw, 300px\" \/><img loading=\"lazy\" decoding=\"async\" class=\"alignnone size-medium wp-image-360\" src=\"https:\/\/powerchip.com.br\/wp-content\/uploads\/2025\/10\/foto-de-zip-INJECAO-DECODE--300x198.jpg\" alt=\"\" width=\"300\" height=\"198\" srcset=\"https:\/\/powerchip.com.br\/wp-content\/uploads\/2025\/10\/foto-de-zip-INJECAO-DECODE--300x198.jpg 300w, https:\/\/powerchip.com.br\/wp-content\/uploads\/2025\/10\/foto-de-zip-INJECAO-DECODE--768x506.jpg 768w, https:\/\/powerchip.com.br\/wp-content\/uploads\/2025\/10\/foto-de-zip-INJECAO-DECODE--600x396.jpg 600w, https:\/\/powerchip.com.br\/wp-content\/uploads\/2025\/10\/foto-de-zip-INJECAO-DECODE-.jpg 775w\" sizes=\"auto, (max-width: 300px) 100vw, 300px\" \/><\/p>\n<p><img loading=\"lazy\" decoding=\"async\" class=\"alignnone size-full wp-image-1040\" src=\"https:\/\/powerchip.com.br\/wp-content\/uploads\/2025\/11\/alto-falante.jpg\" alt=\"\" width=\"67\" height=\"55\" \/>\u00a0 \u00a0<strong>\u00a0<\/strong>\u201cLembrete: Este arquivo N\u00c3O\u00a0 necessita de prepara\u00e7\u00e3o espec\u00edfica para a central (ECU) de destino\u00a0 \u00a0.\u201d<\/p>\n<p>Voc\u00ea receber\u00e1 ap\u00f3s pagar:<\/p>\n<p><b>\u00a0<\/b><\/p>\n<p><img loading=\"lazy\" decoding=\"async\" class=\"alignnone size-full wp-image-1039\" src=\"https:\/\/powerchip.com.br\/wp-content\/uploads\/2025\/11\/veja-acima.jpg\" alt=\"\" width=\"21\" height=\"34\" \/><\/p>\n<p>&nbsp;<\/p>\n<p>ARQUIVO DECODE IMOOF SEM IMO NA SOIC\u00a0 25C080<\/p>\n<p>&nbsp;<\/p>\n<p>Um profissional saber\u00e1 utilizar isso , ou ap\u00f3s a compra entre em contato.<\/p>\n<p>A Desativa\u00e7\u00e3o da fun\u00e7\u00e3o imobilizador \u00e9 para diagn\u00f3stico e verifica\u00e7\u00e3o da ECU durante o reparo.<br \/>\nNem todas as vers\u00f5es de software podem ser compat\u00edveis.<br \/>\nPara adicionar uma nova vers\u00e3o de software, entre em contato com o portal de suporte e anexe um arquivo.<br \/>\nO uso \u00e9 por sua conta e risco.<\/p>\n<p>O m\u00f3dulo permite desativar o imobilizador (IMMO OFF, por exemplo, para verificar os componentes do sistema)<\/p>\n<p>Sempre leia e salve seu original para seguran\u00e7a.<\/p>\n<p>Mande um e-mail ou chame no Whatzapp. (16)991342577<\/p>\n<p>O uso \u00e9 por sua conta e risco.<\/p>\n<p><a href=\"https:\/\/powerchip.com.br\/index.php\/arquivo-destinado-a-profissionais\/\">Arquivo destinado a profissionais<\/a>.<\/p>\n<p><a href=\"https:\/\/powerchip.com.br\/index.php\/como-usar-o-arquivo-comprado\/\">Como usar o arquivo<\/a>.<\/p>\n<p><a href=\"https:\/\/powerchip.com.br\/index.php\/como-comprar\/\">Como comprar<\/a><\/p>\n","protected":false},"excerpt":{"rendered":"<p>Tirar imobilizador do GOL 4lv, Arquivo decode , sem imobilizador imoof , modulo inje\u00e7\u00e3o VW 4LV Gol<\/p>\n<p>Tirar imobilizador do GOL 4lv, Arquivo decode , sem imobilizador imoof , modulo inje\u00e7\u00e3o VW 4LV Gol 4518 GOL6160096302 1.0 4LV.AR<\/p>\n","protected":false},"featured_media":1386,"template":"","meta":{"_joinchat":[]},"product_brand":[],"product_cat":[32],"product_tag":[1658,1660,1659,1661,1657],"class_list":{"0":"post-1385","1":"product","2":"type-product","3":"status-publish","4":"has-post-thumbnail","6":"product_cat-vw","7":"product_tag-arquivo-decode","8":"product_tag-modulo-injecao-vw-4lv-gol-4518-gol6160096302-1-0-4lv-ar-gol-power-030-906-034-c-iaw-4lv-ar-decode","9":"product_tag-sem-imobilizador-imoof","10":"product_tag-sem-imobilizador-imoof-036-906-034-bm-4lv-as-decode","11":"product_tag-tirar-imobilizador-do-gol-4lv","13":"first","14":"instock","15":"downloadable","16":"virtual","17":"purchasable","18":"product-type-simple"},"jetpack_sharing_enabled":true,"_links":{"self":[{"href":"https:\/\/powerchip.com.br\/index.php\/wp-json\/wp\/v2\/product\/1385","targetHints":{"allow":["GET"]}}],"collection":[{"href":"https:\/\/powerchip.com.br\/index.php\/wp-json\/wp\/v2\/product"}],"about":[{"href":"https:\/\/powerchip.com.br\/index.php\/wp-json\/wp\/v2\/types\/product"}],"wp:featuredmedia":[{"embeddable":true,"href":"https:\/\/powerchip.com.br\/index.php\/wp-json\/wp\/v2\/media\/1386"}],"wp:attachment":[{"href":"https:\/\/powerchip.com.br\/index.php\/wp-json\/wp\/v2\/media?parent=1385"}],"wp:term":[{"taxonomy":"product_brand","embeddable":true,"href":"https:\/\/powerchip.com.br\/index.php\/wp-json\/wp\/v2\/product_brand?post=1385"},{"taxonomy":"product_cat","embeddable":true,"href":"https:\/\/powerchip.com.br\/index.php\/wp-json\/wp\/v2\/product_cat?post=1385"},{"taxonomy":"product_tag","embeddable":true,"href":"https:\/\/powerchip.com.br\/index.php\/wp-json\/wp\/v2\/product_tag?post=1385"}],"curies":[{"name":"wp","href":"https:\/\/api.w.org\/{rel}","templated":true}]}}