{"id":1359,"date":"2026-01-14T22:11:06","date_gmt":"2026-01-14T22:11:06","guid":{"rendered":"https:\/\/powerchip.com.br\/?post_type=product&#038;p=1359"},"modified":"2026-01-14T22:13:31","modified_gmt":"2026-01-14T22:13:31","slug":"arquivo-para-bmw-elv-off-trava-direcao-desligada-5wk49515ebr-cancelar-a-trava-de-direcao-da-cas-3","status":"publish","type":"product","link":"https:\/\/powerchip.com.br\/index.php\/produto\/arquivo-para-bmw-elv-off-trava-direcao-desligada-5wk49515ebr-cancelar-a-trava-de-direcao-da-cas-3\/","title":{"rendered":"ARQUIVO PARA BMW ELV OFF , TRAVA DIRE\u00c7AO DESLIGADA 5WK49515EBR, CANCELAR A TRAVA DE DIRE\u00c7AO DA CAS 3"},"content":{"rendered":"<p>ARQUIVO PARA BMW ELV OFF , TRAVA DIRE\u00c7AO DESLIGADA 5WK49515EBR, CANCELAR A TRAVA DE DIRE\u00c7AO DA CAS 3<\/p>\n<p>O CARRO DE SEU CLIENTE N\u00c3O PEGA MAIS ?????<\/p>\n<p>TRAVA DE COLUNA ESTRAGOU????<\/p>\n<p><img loading=\"lazy\" decoding=\"async\" class=\"alignnone size-full wp-image-1040\" src=\"https:\/\/powerchip.com.br\/wp-content\/uploads\/2025\/11\/alto-falante.jpg\" alt=\"\" width=\"67\" height=\"55\" \/>\u00a0 \u00a0<strong>\u00a0<\/strong>\u201cLembrete: Este arquivo N\u00c3O\u00a0 necessita de prepara\u00e7\u00e3o espec\u00edfica para a central (ECU) de destino\u00a0 .\u201d<\/p>\n<p>Voc\u00ea receber\u00e1 ap\u00f3s pagar:<\/p>\n<p><b>\u00a0<\/b><\/p>\n<p><img loading=\"lazy\" decoding=\"async\" class=\"alignnone size-full wp-image-1039\" src=\"https:\/\/powerchip.com.br\/wp-content\/uploads\/2025\/11\/veja-acima.jpg\" alt=\"\" width=\"21\" height=\"34\" \/><\/p>\n<p>&nbsp;<\/p>\n<p>ARQUIVO PARA A FLASH COM A DESABILITA\u00c7\u00c3O DA TRAVA DE DIRE\u00c7AO\u00a0 CAS3 C4.<\/p>\n<p>&nbsp;<\/p>\n<p>Um profissional saber\u00e1 utilizar isso , ou ap\u00f3s a compra entre em contato.<\/p>\n<p>Sempre leia e salve seu original para seguran\u00e7a.<\/p>\n<p>Mande um e-mail ou chame no Whatzapp. (16)991342577<\/p>\n<p><a href=\"https:\/\/powerchip.com.br\/index.php\/arquivo-destinado-a-profissionais\/\">Arquivo destinado a profissionais<\/a>.<\/p>\n<p><a href=\"https:\/\/powerchip.com.br\/index.php\/como-usar-o-arquivo-comprado\/\">Como usar o arquivo<\/a>.<\/p>\n<p><a href=\"https:\/\/powerchip.com.br\/index.php\/como-comprar\/\">Como comprar<\/a><\/p>\n","protected":false},"excerpt":{"rendered":"<p>ARQUIVO PARA BMW ELV OFF , TRAVA DIRE\u00c7AO DESLIGADA 5WK49515EBR, CANCELAR A TRAVA DE DIRE\u00c7AO DA CAS 3<\/p>\n","protected":false},"featured_media":1361,"template":"","meta":{"_joinchat":[]},"product_brand":[],"product_cat":[40],"product_tag":[1635,43,1636,1637,1634,1632,1633],"class_list":{"0":"post-1359","1":"product","2":"type-product","3":"status-publish","4":"has-post-thumbnail","6":"product_cat-bmw","7":"product_tag-5wk49515ebr","8":"product_tag-bmw","9":"product_tag-cancelar-a-trava-de-direcao","10":"product_tag-cas-3","11":"product_tag-desligada","12":"product_tag-elv-off","13":"product_tag-trava-direcao","15":"first","16":"instock","17":"downloadable","18":"virtual","19":"purchasable","20":"product-type-simple"},"jetpack_sharing_enabled":true,"_links":{"self":[{"href":"https:\/\/powerchip.com.br\/index.php\/wp-json\/wp\/v2\/product\/1359","targetHints":{"allow":["GET"]}}],"collection":[{"href":"https:\/\/powerchip.com.br\/index.php\/wp-json\/wp\/v2\/product"}],"about":[{"href":"https:\/\/powerchip.com.br\/index.php\/wp-json\/wp\/v2\/types\/product"}],"wp:featuredmedia":[{"embeddable":true,"href":"https:\/\/powerchip.com.br\/index.php\/wp-json\/wp\/v2\/media\/1361"}],"wp:attachment":[{"href":"https:\/\/powerchip.com.br\/index.php\/wp-json\/wp\/v2\/media?parent=1359"}],"wp:term":[{"taxonomy":"product_brand","embeddable":true,"href":"https:\/\/powerchip.com.br\/index.php\/wp-json\/wp\/v2\/product_brand?post=1359"},{"taxonomy":"product_cat","embeddable":true,"href":"https:\/\/powerchip.com.br\/index.php\/wp-json\/wp\/v2\/product_cat?post=1359"},{"taxonomy":"product_tag","embeddable":true,"href":"https:\/\/powerchip.com.br\/index.php\/wp-json\/wp\/v2\/product_tag?post=1359"}],"curies":[{"name":"wp","href":"https:\/\/api.w.org\/{rel}","templated":true}]}}