{"id":1302,"date":"2026-01-10T13:05:21","date_gmt":"2026-01-10T13:05:21","guid":{"rendered":"https:\/\/powerchip.com.br\/?post_type=product&#038;p=1302"},"modified":"2026-01-10T13:22:42","modified_gmt":"2026-01-10T13:22:42","slug":"wizard-2-ew2-programa-de-edicao-comparacao-e-modificacao-a-estilo-race-wols-etc","status":"publish","type":"product","link":"https:\/\/powerchip.com.br\/index.php\/produto\/wizard-2-ew2-programa-de-edicao-comparacao-e-modificacao-a-estilo-race-wols-etc\/","title":{"rendered":"WIZARD 2 , EW2 programa de edi\u00e7\u00e3o, compara\u00e7\u00e3o e modifica\u00e7\u00e3o a estilo Race , wOls, etc Gr\u00e1tis em algumas compras."},"content":{"rendered":"<p>SUPER RECOMENDO.<\/p>\n<p>PR\u00c1TICO R\u00c1PIDO E SEGURO.<\/p>\n<p>WIZARD 2 , EW2 programa de edi\u00e7\u00e3o, compara\u00e7\u00e3o e modifica\u00e7\u00e3o a estilo Race , wOls, etc.<\/p>\n<audio class=\"wp-audio-shortcode\" id=\"audio-1302-1\" preload=\"none\" style=\"width: 100%;\" controls=\"controls\"><source type=\"audio\/ogg\" src=\"https:\/\/powerchip.com.br\/wp-content\/uploads\/2026\/01\/audio-wizard2-ew2-.ogg?_=1\" \/><a href=\"https:\/\/powerchip.com.br\/wp-content\/uploads\/2026\/01\/audio-wizard2-ew2-.ogg\">https:\/\/powerchip.com.br\/wp-content\/uploads\/2026\/01\/audio-wizard2-ew2-.ogg<\/a><\/audio>\n<audio class=\"wp-audio-shortcode\" id=\"audio-1302-2\" preload=\"none\" style=\"width: 100%;\" controls=\"controls\"><source type=\"audio\/ogg\" src=\"https:\/\/powerchip.com.br\/wp-content\/uploads\/2026\/01\/audio-2-wizard-ew2-.ogg?_=2\" \/><a href=\"https:\/\/powerchip.com.br\/wp-content\/uploads\/2026\/01\/audio-2-wizard-ew2-.ogg\">https:\/\/powerchip.com.br\/wp-content\/uploads\/2026\/01\/audio-2-wizard-ew2-.ogg<\/a><\/audio>\n<p>Voc\u00ea\u00a0 obt\u00e9m ele Gr\u00e1tis em algumas compras.<\/p>\n<p><img loading=\"lazy\" decoding=\"async\" class=\"alignnone size-medium wp-image-1305\" src=\"https:\/\/powerchip.com.br\/wp-content\/uploads\/2026\/01\/wizard-2-funcoes-300x161.jpg\" alt=\"\" width=\"300\" height=\"161\" srcset=\"https:\/\/powerchip.com.br\/wp-content\/uploads\/2026\/01\/wizard-2-funcoes-300x161.jpg 300w, https:\/\/powerchip.com.br\/wp-content\/uploads\/2026\/01\/wizard-2-funcoes-1024x549.jpg 1024w, https:\/\/powerchip.com.br\/wp-content\/uploads\/2026\/01\/wizard-2-funcoes-768x411.jpg 768w, https:\/\/powerchip.com.br\/wp-content\/uploads\/2026\/01\/wizard-2-funcoes-1536x823.jpg 1536w, https:\/\/powerchip.com.br\/wp-content\/uploads\/2026\/01\/wizard-2-funcoes-600x321.jpg 600w, https:\/\/powerchip.com.br\/wp-content\/uploads\/2026\/01\/wizard-2-funcoes.jpg 1917w\" sizes=\"auto, (max-width: 300px) 100vw, 300px\" \/><img loading=\"lazy\" decoding=\"async\" class=\"alignnone size-medium wp-image-1308\" src=\"https:\/\/powerchip.com.br\/wp-content\/uploads\/2026\/01\/wizard-2-funcoes-2-300x162.jpg\" alt=\"\" width=\"300\" height=\"162\" srcset=\"https:\/\/powerchip.com.br\/wp-content\/uploads\/2026\/01\/wizard-2-funcoes-2-300x162.jpg 300w, https:\/\/powerchip.com.br\/wp-content\/uploads\/2026\/01\/wizard-2-funcoes-2-1024x552.jpg 1024w, https:\/\/powerchip.com.br\/wp-content\/uploads\/2026\/01\/wizard-2-funcoes-2-768x414.jpg 768w, https:\/\/powerchip.com.br\/wp-content\/uploads\/2026\/01\/wizard-2-funcoes-2-1536x828.jpg 1536w, https:\/\/powerchip.com.br\/wp-content\/uploads\/2026\/01\/wizard-2-funcoes-2-600x324.jpg 600w, https:\/\/powerchip.com.br\/wp-content\/uploads\/2026\/01\/wizard-2-funcoes-2.jpg 1919w\" sizes=\"auto, (max-width: 300px) 100vw, 300px\" \/><\/p>\n","protected":false},"excerpt":{"rendered":"<p>WIZARD 2 , EW2 programa de edi\u00e7\u00e3o, compara\u00e7\u00e3o e modifica\u00e7\u00e3o a estilo Race , wOls, etc.<\/p>\n","protected":false},"featured_media":1305,"template":"","meta":{"_joinchat":[]},"product_brand":[],"product_cat":[15],"product_tag":[1567,1566,240,1565,1568],"class_list":{"0":"post-1302","1":"product","2":"type-product","3":"status-publish","4":"has-post-thumbnail","6":"product_cat-sem-categoria","7":"product_tag-clonar","8":"product_tag-copiar","9":"product_tag-modificar","10":"product_tag-programa","11":"product_tag-somar","13":"first","14":"instock","15":"downloadable","16":"virtual","17":"purchasable","18":"product-type-simple"},"jetpack_sharing_enabled":true,"_links":{"self":[{"href":"https:\/\/powerchip.com.br\/index.php\/wp-json\/wp\/v2\/product\/1302","targetHints":{"allow":["GET"]}}],"collection":[{"href":"https:\/\/powerchip.com.br\/index.php\/wp-json\/wp\/v2\/product"}],"about":[{"href":"https:\/\/powerchip.com.br\/index.php\/wp-json\/wp\/v2\/types\/product"}],"wp:featuredmedia":[{"embeddable":true,"href":"https:\/\/powerchip.com.br\/index.php\/wp-json\/wp\/v2\/media\/1305"}],"wp:attachment":[{"href":"https:\/\/powerchip.com.br\/index.php\/wp-json\/wp\/v2\/media?parent=1302"}],"wp:term":[{"taxonomy":"product_brand","embeddable":true,"href":"https:\/\/powerchip.com.br\/index.php\/wp-json\/wp\/v2\/product_brand?post=1302"},{"taxonomy":"product_cat","embeddable":true,"href":"https:\/\/powerchip.com.br\/index.php\/wp-json\/wp\/v2\/product_cat?post=1302"},{"taxonomy":"product_tag","embeddable":true,"href":"https:\/\/powerchip.com.br\/index.php\/wp-json\/wp\/v2\/product_tag?post=1302"}],"curies":[{"name":"wp","href":"https:\/\/api.w.org\/{rel}","templated":true}]}}