{"id":1299,"date":"2026-01-10T11:54:27","date_gmt":"2026-01-10T11:54:27","guid":{"rendered":"https:\/\/powerchip.com.br\/?post_type=product&#038;p=1299"},"modified":"2026-01-10T14:51:16","modified_gmt":"2026-01-10T14:51:16","slug":"manual-clonar-copiar-bsi-326-bsi326-95160-fiat-com-beeprog-upa-etc","status":"publish","type":"product","link":"https:\/\/powerchip.com.br\/index.php\/produto\/manual-clonar-copiar-bsi-326-bsi326-95160-fiat-com-beeprog-upa-etc\/","title":{"rendered":"Manual clonar , copiar BSI 326 BSI326 95160  Fiat com Beeprog UPa etc&#8230; Gr\u00e1tis ap\u00f3s a compra ganhe o Wizard2."},"content":{"rendered":"<p>Manual clonar , copiar BSI 326 BSI326 95160 Fiat com Beeprog UPa etc&#8230;Wizard 2 \u00e9 o mais r\u00e1pido.<\/p>\n<p>Bc Body Computer\u00a0 \u00a051848386\/51983783 L04<br \/>\nBc Body Computer\u00a0 \u00a0L4B<br \/>\nBc Body Computer\u00a0 \u00a0L01<br \/>\nBc Body Computer\u00a0 \u00a0L05<br \/>\nBc Body Computer\u00a0 C\u00d3DIGO 51945860 L5A<br \/>\nBc Body Computer\u00a0 \u00a051848382\/51983781 L00<\/p>\n<p>ETC.<\/p>\n<p><img loading=\"lazy\" decoding=\"async\" class=\"alignnone size-full wp-image-1040\" src=\"https:\/\/powerchip.com.br\/wp-content\/uploads\/2025\/11\/alto-falante.jpg\" alt=\"\" width=\"67\" height=\"55\" \/>\u00a0 \u00a0<strong>\u00a0<\/strong>\u201cLembrete: Este arquivo\u00a0 \u00e9 um manual de procedimento.\u201d<\/p>\n<p>Voc\u00ea receber\u00e1 ap\u00f3s pagar:<\/p>\n<p><strong>01 MANUAL BSI326 95160POWERCHIP<\/strong><\/p>\n<p>01 PROGRAMA WIZARD2 EDITOR.<\/p>\n<p><img loading=\"lazy\" decoding=\"async\" class=\"alignnone size-full wp-image-1039\" src=\"https:\/\/powerchip.com.br\/wp-content\/uploads\/2025\/11\/veja-acima.jpg\" alt=\"\" width=\"21\" height=\"34\" \/><\/p>\n<audio class=\"wp-audio-shortcode\" id=\"audio-1299-1\" preload=\"none\" style=\"width: 100%;\" controls=\"controls\"><source type=\"audio\/ogg\" src=\"https:\/\/powerchip.com.br\/wp-content\/uploads\/2026\/01\/audo-wizard-bsi326.ogg?_=1\" \/><a href=\"https:\/\/powerchip.com.br\/wp-content\/uploads\/2026\/01\/audo-wizard-bsi326.ogg\">https:\/\/powerchip.com.br\/wp-content\/uploads\/2026\/01\/audo-wizard-bsi326.ogg<\/a><\/audio>\n<p>&nbsp;<\/p>\n<p>Voc\u00ea vai ganhar gr\u00e1tis o programa Wizard ap\u00f3s a compra .<\/p>\n<blockquote class=\"wp-embedded-content\" data-secret=\"gnJq6uhIfv\"><p><a href=\"https:\/\/powerchip.com.br\/index.php\/produto\/wizard-2-ew2-programa-de-edicao-comparacao-e-modificacao-a-estilo-race-wols-etc\/\">WIZARD 2 , EW2 programa de edi\u00e7\u00e3o, compara\u00e7\u00e3o e modifica\u00e7\u00e3o a estilo Race , wOls, etc Gr\u00e1tis em algumas compras.<\/a><\/p><\/blockquote>\n<p><iframe loading=\"lazy\" class=\"wp-embedded-content\" sandbox=\"allow-scripts\" security=\"restricted\" style=\"position: absolute; visibility: hidden;\" title=\"&#8220;WIZARD 2 , EW2 programa de edi\u00e7\u00e3o, compara\u00e7\u00e3o e modifica\u00e7\u00e3o a estilo Race , wOls, etc Gr\u00e1tis em algumas compras.&#8221; &#8212; PowerChip\" src=\"https:\/\/powerchip.com.br\/index.php\/produto\/wizard-2-ew2-programa-de-edicao-comparacao-e-modificacao-a-estilo-race-wols-etc\/embed\/#?secret=HRG3B21QAv#?secret=gnJq6uhIfv\" data-secret=\"gnJq6uhIfv\" width=\"500\" height=\"282\" frameborder=\"0\" marginwidth=\"0\" marginheight=\"0\" scrolling=\"no\"><\/iframe><\/p>\n<p>Um profissional saber\u00e1 utilizar isso , ou ap\u00f3s a compra entre em contato.<\/p>\n<p>Mande um e-mail ou chame no Whatzapp. (16)991342577<\/p>\n<p><a href=\"https:\/\/powerchip.com.br\/index.php\/arquivo-destinado-a-profissionais\/\">Arquivo destinado a profissionais<\/a>.<\/p>\n<p><a href=\"https:\/\/powerchip.com.br\/index.php\/como-usar-o-arquivo-comprado\/\">Como usar o arquivo<\/a>.<\/p>\n<p><a href=\"https:\/\/powerchip.com.br\/index.php\/como-comprar\/\">Como comprar<\/a><\/p>\n<p><img loading=\"lazy\" decoding=\"async\" class=\"alignnone size-medium wp-image-1300\" src=\"https:\/\/powerchip.com.br\/wp-content\/uploads\/2026\/01\/bcm326-300x223.jpg\" alt=\"\" width=\"300\" height=\"223\" srcset=\"https:\/\/powerchip.com.br\/wp-content\/uploads\/2026\/01\/bcm326-300x223.jpg 300w, https:\/\/powerchip.com.br\/wp-content\/uploads\/2026\/01\/bcm326.jpg 427w\" sizes=\"auto, (max-width: 300px) 100vw, 300px\" \/><\/p>\n","protected":false},"excerpt":{"rendered":"<p>Manual clonar , copiar BSI 326 BSI326 95160 Fiat com Beeprog UPa etc&#8230;<\/p>\n","protected":false},"featured_media":1300,"template":"","meta":{"_joinchat":[]},"product_brand":[],"product_cat":[21],"product_tag":[425,1563,1564,22],"class_list":{"0":"post-1299","1":"product","2":"type-product","3":"status-publish","4":"has-post-thumbnail","6":"product_cat-fiat","7":"product_tag-425","8":"product_tag-bsi-326","9":"product_tag-bsi326","10":"product_tag-fiat","12":"first","13":"instock","14":"downloadable","15":"virtual","16":"purchasable","17":"product-type-simple"},"jetpack_sharing_enabled":true,"_links":{"self":[{"href":"https:\/\/powerchip.com.br\/index.php\/wp-json\/wp\/v2\/product\/1299","targetHints":{"allow":["GET"]}}],"collection":[{"href":"https:\/\/powerchip.com.br\/index.php\/wp-json\/wp\/v2\/product"}],"about":[{"href":"https:\/\/powerchip.com.br\/index.php\/wp-json\/wp\/v2\/types\/product"}],"wp:featuredmedia":[{"embeddable":true,"href":"https:\/\/powerchip.com.br\/index.php\/wp-json\/wp\/v2\/media\/1300"}],"wp:attachment":[{"href":"https:\/\/powerchip.com.br\/index.php\/wp-json\/wp\/v2\/media?parent=1299"}],"wp:term":[{"taxonomy":"product_brand","embeddable":true,"href":"https:\/\/powerchip.com.br\/index.php\/wp-json\/wp\/v2\/product_brand?post=1299"},{"taxonomy":"product_cat","embeddable":true,"href":"https:\/\/powerchip.com.br\/index.php\/wp-json\/wp\/v2\/product_cat?post=1299"},{"taxonomy":"product_tag","embeddable":true,"href":"https:\/\/powerchip.com.br\/index.php\/wp-json\/wp\/v2\/product_tag?post=1299"}],"curies":[{"name":"wp","href":"https:\/\/api.w.org\/{rel}","templated":true}]}}