{"id":1294,"date":"2026-01-09T23:20:40","date_gmt":"2026-01-09T23:20:40","guid":{"rendered":"https:\/\/powerchip.com.br\/?post_type=product&#038;p=1294"},"modified":"2026-01-10T11:50:52","modified_gmt":"2026-01-10T11:50:52","slug":"arquivo-de-reset-clear-nissan-24c08-28556-jr60b","status":"publish","type":"product","link":"https:\/\/powerchip.com.br\/index.php\/produto\/arquivo-de-reset-clear-nissan-24c08-28556-jr60b\/","title":{"rendered":"Arquivo de reset clear , Nissan 24C08 28556 JR60B"},"content":{"rendered":"<p>Arquivo de reset clear , Nissan 24C08 28556 JR60B<\/p>\n<p><img loading=\"lazy\" decoding=\"async\" class=\"alignnone size-full wp-image-1040\" src=\"https:\/\/powerchip.com.br\/wp-content\/uploads\/2025\/11\/alto-falante.jpg\" alt=\"\" width=\"67\" height=\"55\" \/>\u00a0\u00a0Voc\u00ea receber\u00e1 ap\u00f3s pagar, um link com o arquivo:<\/p>\n<p><img loading=\"lazy\" decoding=\"async\" class=\"alignnone size-full wp-image-1040\" src=\"https:\/\/powerchip.com.br\/wp-content\/uploads\/2025\/11\/alto-falante.jpg\" alt=\"\" width=\"67\" height=\"55\" \/>\u00a0 \u00a0<strong>\u00a0<\/strong>\u201cLembrete: Este arquivo N\u00c3O\u00a0 necessita de prepara\u00e7\u00e3o espec\u00edfica para a central (ECU) de destino .\u201d<\/p>\n<p>Arquivo compactado contendo dentro:<\/p>\n<p><img loading=\"lazy\" decoding=\"async\" class=\"alignnone size-full wp-image-1044\" src=\"https:\/\/powerchip.com.br\/wp-content\/uploads\/2025\/11\/AIRBAG-PEQUENO.jpg\" alt=\"\" width=\"28\" height=\"31\" \/>\u00a0 arquivo de reset\u00a0 Nissan Frontier 28556 JR60B 24c08 , Beeprog etc<\/p>\n<p>&nbsp;<\/p>\n<p><a href=\"https:\/\/powerchip.com.br\/index.php\/arquivo-destinado-a-profissionais\/\">Arquivo destinado a profissionais<\/a>.<\/p>\n<p><a href=\"https:\/\/powerchip.com.br\/index.php\/como-usar-o-arquivo-comprado\/\">Como usar o arquivo<\/a>.<\/p>\n<p><a href=\"https:\/\/powerchip.com.br\/index.php\/como-comprar\/\">Como comprar<\/a><\/p>\n","protected":false},"excerpt":{"rendered":"<p>Arquivo de reset clear , Nissan 24C08 28556 JR60B<\/p>\n","protected":false},"featured_media":1264,"template":"","meta":{"_joinchat":[]},"product_brand":[],"product_cat":[1408],"product_tag":[1559,1555,1560],"class_list":{"0":"post-1294","1":"product","2":"type-product","3":"status-publish","4":"has-post-thumbnail","6":"product_cat-nissan","7":"product_tag-24c08","8":"product_tag-1555","9":"product_tag-jr60b","11":"first","12":"instock","13":"downloadable","14":"virtual","15":"purchasable","16":"product-type-simple"},"jetpack_sharing_enabled":true,"_links":{"self":[{"href":"https:\/\/powerchip.com.br\/index.php\/wp-json\/wp\/v2\/product\/1294","targetHints":{"allow":["GET"]}}],"collection":[{"href":"https:\/\/powerchip.com.br\/index.php\/wp-json\/wp\/v2\/product"}],"about":[{"href":"https:\/\/powerchip.com.br\/index.php\/wp-json\/wp\/v2\/types\/product"}],"wp:featuredmedia":[{"embeddable":true,"href":"https:\/\/powerchip.com.br\/index.php\/wp-json\/wp\/v2\/media\/1264"}],"wp:attachment":[{"href":"https:\/\/powerchip.com.br\/index.php\/wp-json\/wp\/v2\/media?parent=1294"}],"wp:term":[{"taxonomy":"product_brand","embeddable":true,"href":"https:\/\/powerchip.com.br\/index.php\/wp-json\/wp\/v2\/product_brand?post=1294"},{"taxonomy":"product_cat","embeddable":true,"href":"https:\/\/powerchip.com.br\/index.php\/wp-json\/wp\/v2\/product_cat?post=1294"},{"taxonomy":"product_tag","embeddable":true,"href":"https:\/\/powerchip.com.br\/index.php\/wp-json\/wp\/v2\/product_tag?post=1294"}],"curies":[{"name":"wp","href":"https:\/\/api.w.org\/{rel}","templated":true}]}}