{"id":1269,"date":"2025-12-12T23:35:00","date_gmt":"2025-12-12T23:35:00","guid":{"rendered":"https:\/\/powerchip.com.br\/?post_type=product&#038;p=1269"},"modified":"2026-03-30T18:24:25","modified_gmt":"2026-03-30T18:24:25","slug":"arquivo-dpf-egr-potencia-dtc-injecao-amarok-edc17c54-mono-cabine-simples-monoturbo-arquivo-original-injecao-amarok-edc17c54-mono-cabine-simples-monoturbo","status":"publish","type":"product","link":"https:\/\/powerchip.com.br\/index.php\/produto\/arquivo-dpf-egr-potencia-dtc-injecao-amarok-edc17c54-mono-cabine-simples-monoturbo-arquivo-original-injecao-amarok-edc17c54-mono-cabine-simples-monoturbo\/","title":{"rendered":"ARQUIVO DPF EGR POT\u00caNCIA DTC\u00a0 INJE\u00c7\u00c2O AMAROK EDC17C54 MONO CABINE SIMPLES MONOTURBO.  ARQUIVO\u00a0 ORIGINAL\u00a0 INJE\u00c7\u00c2O AMAROK EDC17C54 MONO CABINE SIMPLES MONOTURBO."},"content":{"rendered":"<p>ARQUIVO DPF EGR POT\u00caNCIA DTC\u00a0 INJE\u00c7\u00c2O AMAROK EDC17C54 MONO CABINE SIMPLES MONOTURBO.<\/p>\n<p>ARQUIVO\u00a0 ORIGINAL\u00a0 INJE\u00c7\u00c2O AMAROK EDC17C54 MONO CABINE SIMPLES MONOTURBO.<\/p>\n<p><img loading=\"lazy\" decoding=\"async\" class=\"alignnone size-full wp-image-1040\" src=\"https:\/\/powerchip.com.br\/wp-content\/uploads\/2025\/11\/alto-falante.jpg\" alt=\"\" width=\"67\" height=\"55\" \/>\u00a0 \u00a0<strong>\u00a0<\/strong>\u201cLembrete: Este arquivo N\u00c3O\u00a0 necessita de prepara\u00e7\u00e3o espec\u00edfica para a central (ECU) de destino DEPENDENDO DO PROGRAMADOR .\u201d<\/p>\n<p>Voc\u00ea receber\u00e1 ap\u00f3s pagar:<\/p>\n<p><strong>A PROMO\u00c7\u00c3O 2 CILINDROS POWERCHIP.<\/strong><\/p>\n<p><img loading=\"lazy\" decoding=\"async\" class=\"alignnone size-full wp-image-1039\" src=\"https:\/\/powerchip.com.br\/wp-content\/uploads\/2025\/11\/veja-acima.jpg\" alt=\"\" width=\"21\" height=\"34\" \/><\/p>\n<p>&nbsp;<\/p>\n<p><img loading=\"lazy\" decoding=\"async\" class=\"alignnone size-full wp-image-1042\" src=\"https:\/\/powerchip.com.br\/wp-content\/uploads\/2025\/11\/pistao.jpg\" alt=\"\" width=\"17\" height=\"41\" \/> \u00a0ARQUIVO ORIGINAL<\/p>\n<p><img loading=\"lazy\" decoding=\"async\" class=\"alignnone size-full wp-image-1042\" src=\"https:\/\/powerchip.com.br\/wp-content\/uploads\/2025\/11\/pistao.jpg\" alt=\"\" width=\"17\" height=\"41\" \/><img loading=\"lazy\" decoding=\"async\" class=\"alignnone size-full wp-image-1042\" src=\"https:\/\/powerchip.com.br\/wp-content\/uploads\/2025\/11\/pistao.jpg\" alt=\"\" width=\"17\" height=\"41\" \/> ARQUIVO\u00a0 DPF EGR POT\u00caNCIA DTC<\/p>\n<p>Um profissional saber\u00e1 utilizar isso , ou ap\u00f3s a compra entre em contato.<\/p>\n<p>Mande um e-mail ou chame no Whatzapp. (16)991342577<\/p>\n<p><a href=\"https:\/\/powerchip.com.br\/index.php\/arquivo-destinado-a-profissionais\/\">Arquivo destinado a profissionais<\/a>.<\/p>\n<p><a href=\"https:\/\/powerchip.com.br\/index.php\/como-usar-o-arquivo-comprado\/\">Como usar o arquivo<\/a>.<\/p>\n<p><a href=\"https:\/\/powerchip.com.br\/index.php\/como-comprar\/\">Como comprar<\/a><\/p>\n","protected":false},"excerpt":{"rendered":"<p>ARQUIVO DPF EGR POT\u00caNCIA DTC\u00a0 INJE\u00c7\u00c2O AMAROK EDC17C54 MONO CABINE SIMPLES MONOTURBO.<\/p>\n<p>ARQUIVO\u00a0 ORIGINAL\u00a0 INJE\u00c7\u00c2O AMAROK EDC17C54 MONO CABINE SIMPLES MONOTURBO.<\/p>\n","protected":false},"featured_media":381,"template":"","meta":{"_joinchat":[]},"product_brand":[],"product_cat":[32],"product_tag":[],"class_list":{"0":"post-1269","1":"product","2":"type-product","3":"status-publish","4":"has-post-thumbnail","6":"product_cat-vw","8":"first","9":"instock","10":"downloadable","11":"virtual","12":"purchasable","13":"product-type-simple"},"jetpack_sharing_enabled":true,"_links":{"self":[{"href":"https:\/\/powerchip.com.br\/index.php\/wp-json\/wp\/v2\/product\/1269","targetHints":{"allow":["GET"]}}],"collection":[{"href":"https:\/\/powerchip.com.br\/index.php\/wp-json\/wp\/v2\/product"}],"about":[{"href":"https:\/\/powerchip.com.br\/index.php\/wp-json\/wp\/v2\/types\/product"}],"wp:featuredmedia":[{"embeddable":true,"href":"https:\/\/powerchip.com.br\/index.php\/wp-json\/wp\/v2\/media\/381"}],"wp:attachment":[{"href":"https:\/\/powerchip.com.br\/index.php\/wp-json\/wp\/v2\/media?parent=1269"}],"wp:term":[{"taxonomy":"product_brand","embeddable":true,"href":"https:\/\/powerchip.com.br\/index.php\/wp-json\/wp\/v2\/product_brand?post=1269"},{"taxonomy":"product_cat","embeddable":true,"href":"https:\/\/powerchip.com.br\/index.php\/wp-json\/wp\/v2\/product_cat?post=1269"},{"taxonomy":"product_tag","embeddable":true,"href":"https:\/\/powerchip.com.br\/index.php\/wp-json\/wp\/v2\/product_tag?post=1269"}],"curies":[{"name":"wp","href":"https:\/\/api.w.org\/{rel}","templated":true}]}}