{"id":1228,"date":"2025-12-02T21:12:39","date_gmt":"2025-12-02T21:12:39","guid":{"rendered":"https:\/\/powerchip.com.br\/?post_type=product&#038;p=1228"},"modified":"2025-12-02T21:13:16","modified_gmt":"2025-12-02T21:13:16","slug":"1228","status":"publish","type":"product","link":"https:\/\/powerchip.com.br\/index.php\/produto\/1228\/","title":{"rendered":"Casamento de arquivos S10 DIESEL\u00a0 6Y 0281011983 SOIC 95320 COM IMOBILIZADOR\u00a0 \u00a0cat24c04 93286043\u00a0 EDI\u00c7\u00c3O CORRETA DE CHASSIS."},"content":{"rendered":"<h2>Descri\u00e7\u00e3o<\/h2>\n<p>Casamento de arquivos S10 DIESEL\u00a0 6Y 0281011983 SOIC 95320 COM IMOBILIZADOR\u00a0 \u00a0cat24c04 93286043\u00a0 EDI\u00c7\u00c3O CORRETA DE CHASSIS.<\/p>\n<p>Envie seu arquivo<\/p>\n<p>Ou compre um kit com chassi virgem.<\/p>\n<p>Entre em contato pelo Whatzapp. 16991342577<\/p>\n<p><img loading=\"lazy\" decoding=\"async\" class=\"alignnone size-medium wp-image-752\" src=\"https:\/\/powerchip.com.br\/wp-content\/uploads\/2025\/11\/FOTO-CASAL-ARQUIVOS-ARQUIVOS--300x170.jpg\" sizes=\"auto, (max-width: 300px) 100vw, 300px\" srcset=\"https:\/\/powerchip.com.br\/wp-content\/uploads\/2025\/11\/FOTO-CASAL-ARQUIVOS-ARQUIVOS--300x170.jpg 300w, https:\/\/powerchip.com.br\/wp-content\/uploads\/2025\/11\/FOTO-CASAL-ARQUIVOS-ARQUIVOS--600x341.jpg 600w, https:\/\/powerchip.com.br\/wp-content\/uploads\/2025\/11\/FOTO-CASAL-ARQUIVOS-ARQUIVOS-.jpg 733w\" alt=\"\" width=\"300\" height=\"170\" \/><img loading=\"lazy\" decoding=\"async\" class=\"alignnone size-medium wp-image-948\" src=\"https:\/\/powerchip.com.br\/wp-content\/uploads\/2025\/11\/foto-de-zip-original--300x175.jpg\" sizes=\"auto, (max-width: 300px) 100vw, 300px\" srcset=\"https:\/\/powerchip.com.br\/wp-content\/uploads\/2025\/11\/foto-de-zip-original--300x175.jpg 300w, https:\/\/powerchip.com.br\/wp-content\/uploads\/2025\/11\/foto-de-zip-original--600x350.jpg 600w, https:\/\/powerchip.com.br\/wp-content\/uploads\/2025\/11\/foto-de-zip-original-.jpg 727w\" alt=\"\" width=\"300\" height=\"175\" \/><img loading=\"lazy\" decoding=\"async\" class=\"alignnone size-medium wp-image-1231\" src=\"https:\/\/powerchip.com.br\/wp-content\/uploads\/2025\/12\/s10-imobilizador-diesel-2-297x300.jpg\" alt=\"\" width=\"297\" height=\"300\" srcset=\"https:\/\/powerchip.com.br\/wp-content\/uploads\/2025\/12\/s10-imobilizador-diesel-2-297x300.jpg 297w, https:\/\/powerchip.com.br\/wp-content\/uploads\/2025\/12\/s10-imobilizador-diesel-2-100x100.jpg 100w, https:\/\/powerchip.com.br\/wp-content\/uploads\/2025\/12\/s10-imobilizador-diesel-2.jpg 353w\" sizes=\"auto, (max-width: 297px) 100vw, 297px\" \/><\/p>\n<figure id=\"attachment_1232\" aria-describedby=\"caption-attachment-1232\" style=\"width: 279px\" class=\"wp-caption alignnone\"><img loading=\"lazy\" decoding=\"async\" class=\"size-medium wp-image-1232\" src=\"https:\/\/powerchip.com.br\/wp-content\/uploads\/2025\/12\/CENTRAL-95320-0281011983--279x300.jpg\" alt=\"\" width=\"279\" height=\"300\" srcset=\"https:\/\/powerchip.com.br\/wp-content\/uploads\/2025\/12\/CENTRAL-95320-0281011983--279x300.jpg 279w, https:\/\/powerchip.com.br\/wp-content\/uploads\/2025\/12\/CENTRAL-95320-0281011983-.jpg 353w\" sizes=\"auto, (max-width: 279px) 100vw, 279px\" \/><figcaption id=\"caption-attachment-1232\" class=\"wp-caption-text\">OLYMPUS DIGITAL CAMERA<\/figcaption><\/figure>\n","protected":false},"excerpt":{"rendered":"<p>Descri\u00e7\u00e3o Casamento de arquivos S10 DIESEL\u00a0 6Y 0281011983 SOIC 95320 COM IMOBILIZADOR\u00a0 \u00a0cat24c04 93286043\u00a0 EDI\u00c7\u00c3O CORRETA DE CHASSIS. Envie seu arquivo Ou compre um kit com chassi virgem. Entre em contato pelo Whatzapp. 16991342577<\/p>\n","protected":false},"featured_media":1231,"template":"","meta":{"_joinchat":[]},"product_brand":[],"product_cat":[81],"product_tag":[],"class_list":{"0":"post-1228","1":"product","2":"type-product","3":"status-publish","4":"has-post-thumbnail","6":"product_cat-gm","8":"first","9":"instock","10":"downloadable","11":"virtual","12":"purchasable","13":"product-type-simple"},"jetpack_sharing_enabled":true,"_links":{"self":[{"href":"https:\/\/powerchip.com.br\/index.php\/wp-json\/wp\/v2\/product\/1228","targetHints":{"allow":["GET"]}}],"collection":[{"href":"https:\/\/powerchip.com.br\/index.php\/wp-json\/wp\/v2\/product"}],"about":[{"href":"https:\/\/powerchip.com.br\/index.php\/wp-json\/wp\/v2\/types\/product"}],"wp:featuredmedia":[{"embeddable":true,"href":"https:\/\/powerchip.com.br\/index.php\/wp-json\/wp\/v2\/media\/1231"}],"wp:attachment":[{"href":"https:\/\/powerchip.com.br\/index.php\/wp-json\/wp\/v2\/media?parent=1228"}],"wp:term":[{"taxonomy":"product_brand","embeddable":true,"href":"https:\/\/powerchip.com.br\/index.php\/wp-json\/wp\/v2\/product_brand?post=1228"},{"taxonomy":"product_cat","embeddable":true,"href":"https:\/\/powerchip.com.br\/index.php\/wp-json\/wp\/v2\/product_cat?post=1228"},{"taxonomy":"product_tag","embeddable":true,"href":"https:\/\/powerchip.com.br\/index.php\/wp-json\/wp\/v2\/product_tag?post=1228"}],"curies":[{"name":"wp","href":"https:\/\/api.w.org\/{rel}","templated":true}]}}