{"id":1224,"date":"2025-12-02T20:56:00","date_gmt":"2025-12-02T20:56:00","guid":{"rendered":"https:\/\/powerchip.com.br\/?post_type=product&#038;p=1224"},"modified":"2025-12-02T20:59:18","modified_gmt":"2025-12-02T20:59:18","slug":"arquivo-bcm-porsche-quando-corrompe-p-flash-ok-1n35h-porsche-continental-7pp-907-064-kq-7pp907064kq-_2019","status":"publish","type":"product","link":"https:\/\/powerchip.com.br\/index.php\/produto\/arquivo-bcm-porsche-quando-corrompe-p-flash-ok-1n35h-porsche-continental-7pp-907-064-kq-7pp907064kq-_2019\/","title":{"rendered":"ARQUIVO BCM PORSCHE quando corrompe .P-FLASH OK 1N35H PORSCHE CONTINENTAL 7PP.907.064.KQ  7PP907064KQ  _2019"},"content":{"rendered":"<p>ARQUIVO BCM PORSCHE quando corrompe .P-FLASH OK 1N35H PORSCHE CONTINENTAL 7PP.907.064.KQ 7PP907064KQ _2019<\/p>\n<p>1N35H<\/p>\n<p><img loading=\"lazy\" decoding=\"async\" class=\"alignnone size-full wp-image-1040\" src=\"https:\/\/powerchip.com.br\/wp-content\/uploads\/2025\/11\/alto-falante.jpg\" alt=\"\" width=\"67\" height=\"55\" \/>\u00a0 \u00a0<strong>\u00a0<\/strong>\u201cLembrete: Este arquivo N\u00c3O\u00a0 necessita de prepara\u00e7\u00e3o espec\u00edfica para a central (ECU) de destino .\u201d<\/p>\n<p>Voc\u00ea receber\u00e1 ap\u00f3s pagar:<\/p>\n<p><strong>A PROMO\u00c7\u00c3O 1 CILINDROS POWERCHIP.<\/strong><\/p>\n<p><img loading=\"lazy\" decoding=\"async\" class=\"alignnone size-full wp-image-1039\" src=\"https:\/\/powerchip.com.br\/wp-content\/uploads\/2025\/11\/veja-acima.jpg\" alt=\"\" width=\"21\" height=\"34\" \/><\/p>\n<p>&nbsp;<\/p>\n<p><img loading=\"lazy\" decoding=\"async\" class=\"alignnone size-full wp-image-1042\" src=\"https:\/\/powerchip.com.br\/wp-content\/uploads\/2025\/11\/pistao.jpg\" alt=\"\" width=\"17\" height=\"41\" \/>\u00a0 ARQUIVO BCM PORSCHE quando corrompe .P-FLASH OK 1N35H 7PP.907.064.KQ (somente P-flash)<\/p>\n<p>Um profissional saber\u00e1 utilizar isso , ou ap\u00f3s a compra entre em contato.<\/p>\n<p>Mande um e-mail ou chame no Whatzapp. (16)991342577<\/p>\n<p><a href=\"https:\/\/powerchip.com.br\/index.php\/arquivo-destinado-a-profissionais\/\">Arquivo destinado a profissionais<\/a>.<\/p>\n<p><a href=\"https:\/\/powerchip.com.br\/index.php\/como-usar-o-arquivo-comprado\/\">Como usar o arquivo<\/a>.<\/p>\n<p><a href=\"https:\/\/powerchip.com.br\/index.php\/como-comprar\/\">Como comprar<\/a><\/p>\n","protected":false},"excerpt":{"rendered":"<p>ARQUIVO BCM PORSCHE quando corrompe .P-FLASH OK 1N35H PORSCHE CONTINENTAL 7PP.907.064.KQ 7PP907064KQ _2019<\/p>\n","protected":false},"featured_media":1226,"template":"","meta":{"_joinchat":[]},"product_brand":[],"product_cat":[88],"product_tag":[1517,1518,383,1520,1521,1515,1393,89,1519,1516],"class_list":{"0":"post-1224","1":"product","2":"type-product","3":"status-publish","4":"has-post-thumbnail","6":"product_cat-porsche","7":"product_tag-p-flash","8":"product_tag-1n35h","9":"product_tag-383","10":"product_tag-7pp-907-064-kq","11":"product_tag-7pp907064kq","12":"product_tag-arquivo-bcm","13":"product_tag-ok","14":"product_tag-porsche","15":"product_tag-porsche-continental","16":"product_tag-quando-corrompe","18":"first","19":"instock","20":"downloadable","21":"virtual","22":"purchasable","23":"product-type-simple"},"jetpack_sharing_enabled":true,"_links":{"self":[{"href":"https:\/\/powerchip.com.br\/index.php\/wp-json\/wp\/v2\/product\/1224","targetHints":{"allow":["GET"]}}],"collection":[{"href":"https:\/\/powerchip.com.br\/index.php\/wp-json\/wp\/v2\/product"}],"about":[{"href":"https:\/\/powerchip.com.br\/index.php\/wp-json\/wp\/v2\/types\/product"}],"wp:featuredmedia":[{"embeddable":true,"href":"https:\/\/powerchip.com.br\/index.php\/wp-json\/wp\/v2\/media\/1226"}],"wp:attachment":[{"href":"https:\/\/powerchip.com.br\/index.php\/wp-json\/wp\/v2\/media?parent=1224"}],"wp:term":[{"taxonomy":"product_brand","embeddable":true,"href":"https:\/\/powerchip.com.br\/index.php\/wp-json\/wp\/v2\/product_brand?post=1224"},{"taxonomy":"product_cat","embeddable":true,"href":"https:\/\/powerchip.com.br\/index.php\/wp-json\/wp\/v2\/product_cat?post=1224"},{"taxonomy":"product_tag","embeddable":true,"href":"https:\/\/powerchip.com.br\/index.php\/wp-json\/wp\/v2\/product_tag?post=1224"}],"curies":[{"name":"wp","href":"https:\/\/api.w.org\/{rel}","templated":true}]}}