{"id":1215,"date":"2025-11-30T12:25:54","date_gmt":"2025-11-30T12:25:54","guid":{"rendered":"https:\/\/powerchip.com.br\/?post_type=product&#038;p=1215"},"modified":"2025-11-30T12:39:49","modified_gmt":"2025-11-30T12:39:49","slug":"0281039124-46351254-edc17c69-1619-p1619_g1e1_c69-10sw0948721619g1e1-10sw0948721619g1e1-1793-9876543210-68375349aa-68394517ag-683945","status":"publish","type":"product","link":"https:\/\/powerchip.com.br\/index.php\/produto\/0281039124-46351254-edc17c69-1619-p1619_g1e1_c69-10sw0948721619g1e1-10sw0948721619g1e1-1793-9876543210-68375349aa-68394517ag-683945\/","title":{"rendered":"Arquivo\u00a0 pot\u00eancia original + arquivo pot\u00eancia + pot\u00eancia Dpf Arla dtc\u00a0 Beta testes\u00a0 0281039124 46351254 EDC17C69 1619 P1619_G1E1_C69 10SW0948721619G1E1 10SW0948721619G1E1 1793 9876543210 68375349AA 68394517AG 683945"},"content":{"rendered":"<p>Arquivo\u00a0 pot\u00eancia original + arquivo pot\u00eancia + pot\u00eancia Dpf Arla dtc\u00a0 Beta testes\u00a0 0281039124 46351254 EDC17C69 1619 P1619_G1E1_C69 10SW0948721619G1E1 10SW0948721619G1E1 1793 9876543210 68375349AA 68394517AG 683945<\/p>\n<p>&nbsp;<\/p>\n<p><img loading=\"lazy\" decoding=\"async\" class=\"alignnone size-full wp-image-1040\" src=\"https:\/\/powerchip.com.br\/wp-content\/uploads\/2025\/11\/alto-falante.jpg\" alt=\"\" width=\"67\" height=\"55\" \/>\u00a0 \u00a0<strong>\u00a0<\/strong>\u201cLembrete: Este arquivo N\u00c3O\u00a0 necessita de prepara\u00e7\u00e3o espec\u00edfica para a central (ECU) de destino .\u201d<\/p>\n<p>Voc\u00ea receber\u00e1 ap\u00f3s pagar:<\/p>\n<p><strong>A PROMO\u00c7\u00c3O 3 CILINDROS POWERCHIP.<\/strong><\/p>\n<p><img loading=\"lazy\" decoding=\"async\" class=\"alignnone size-full wp-image-1039\" src=\"https:\/\/powerchip.com.br\/wp-content\/uploads\/2025\/11\/veja-acima.jpg\" alt=\"\" width=\"21\" height=\"34\" \/><\/p>\n<p><img loading=\"lazy\" decoding=\"async\" class=\"alignnone size-full wp-image-1042\" src=\"https:\/\/powerchip.com.br\/wp-content\/uploads\/2025\/11\/pistao.jpg\" alt=\"\" width=\"17\" height=\"41\" \/> ARQUIVO ORIGINAL<\/p>\n<p><img loading=\"lazy\" decoding=\"async\" class=\"alignnone size-full wp-image-1042\" src=\"https:\/\/powerchip.com.br\/wp-content\/uploads\/2025\/11\/pistao.jpg\" alt=\"\" width=\"17\" height=\"41\" \/><img loading=\"lazy\" decoding=\"async\" class=\"alignnone size-full wp-image-1042\" src=\"https:\/\/powerchip.com.br\/wp-content\/uploads\/2025\/11\/pistao.jpg\" alt=\"\" width=\"17\" height=\"41\" \/> ARQUIVO DE \u00a0POT\u00caNCIA<\/p>\n<p><img loading=\"lazy\" decoding=\"async\" class=\"alignnone size-full wp-image-1042\" src=\"https:\/\/powerchip.com.br\/wp-content\/uploads\/2025\/11\/pistao.jpg\" alt=\"\" width=\"17\" height=\"41\" \/><img loading=\"lazy\" decoding=\"async\" class=\"alignnone size-full wp-image-1042\" src=\"https:\/\/powerchip.com.br\/wp-content\/uploads\/2025\/11\/pistao.jpg\" alt=\"\" width=\"17\" height=\"41\" \/><img loading=\"lazy\" decoding=\"async\" class=\"alignnone size-full wp-image-1042\" src=\"https:\/\/powerchip.com.br\/wp-content\/uploads\/2025\/11\/pistao.jpg\" alt=\"\" width=\"17\" height=\"41\" \/>\u00a0 Arlabeta dpf egr dtc arla Toro 0281 039 124 46351254 PARA ESCAPE, EMERGENCIA , TESTES<\/p>\n<p>Um profissional saber\u00e1 utilizar isso , ou ap\u00f3s a compra entre em contato.<\/p>\n<p>Mande um e-mail ou chame no Whatzapp. (16)991342577<\/p>\n<p><a href=\"https:\/\/powerchip.com.br\/index.php\/arquivo-destinado-a-profissionais\/\">Arquivo destinado a profissionais<\/a>.<\/p>\n<p><a href=\"https:\/\/powerchip.com.br\/index.php\/como-usar-o-arquivo-comprado\/\">Como usar o arquivo<\/a>.<\/p>\n<p><a href=\"https:\/\/powerchip.com.br\/index.php\/como-comprar\/\">Como comprar<\/a><\/p>\n","protected":false},"excerpt":{"rendered":"<p>Arquivo\u00a0 pot\u00eancia original + arquivo pot\u00eancia + pot\u00eancia Dpf Arla dtc\u00a0 Beta testes\u00a0 0281039124 46351254 EDC17C69 1619 P1619_G1E1_C69 10SW0948721619G1E1 10SW0948721619G1E1 1793 9876543210 68375349AA 68394517AG 683945<\/p>\n","protected":false},"featured_media":381,"template":"","meta":{"_joinchat":[]},"product_brand":[],"product_cat":[247,21],"product_tag":[244,1504,1503,562,1502,1505,1507,1506,1474,116,487,1501,119,115,1500,1499],"class_list":{"0":"post-1215","1":"product","2":"type-product","3":"status-publish","4":"has-post-thumbnail","6":"product_cat-fca","7":"product_cat-fiat","8":"product_tag-244","9":"product_tag-10sw0948721619g1e1","10":"product_tag-1619-p1619_g1e1_c69","11":"product_tag-562","12":"product_tag-1502","13":"product_tag-68375349aa","14":"product_tag-1507","15":"product_tag-68394517ag","16":"product_tag-1474","17":"product_tag-arquivo","18":"product_tag-arquivo-potencia","19":"product_tag-beta-testes","20":"product_tag-dtc","21":"product_tag-edc17c69","22":"product_tag-potencia-dpf-arla","23":"product_tag-potencia-original","25":"first","26":"instock","27":"downloadable","28":"virtual","29":"purchasable","30":"product-type-simple"},"jetpack_sharing_enabled":true,"_links":{"self":[{"href":"https:\/\/powerchip.com.br\/index.php\/wp-json\/wp\/v2\/product\/1215","targetHints":{"allow":["GET"]}}],"collection":[{"href":"https:\/\/powerchip.com.br\/index.php\/wp-json\/wp\/v2\/product"}],"about":[{"href":"https:\/\/powerchip.com.br\/index.php\/wp-json\/wp\/v2\/types\/product"}],"wp:featuredmedia":[{"embeddable":true,"href":"https:\/\/powerchip.com.br\/index.php\/wp-json\/wp\/v2\/media\/381"}],"wp:attachment":[{"href":"https:\/\/powerchip.com.br\/index.php\/wp-json\/wp\/v2\/media?parent=1215"}],"wp:term":[{"taxonomy":"product_brand","embeddable":true,"href":"https:\/\/powerchip.com.br\/index.php\/wp-json\/wp\/v2\/product_brand?post=1215"},{"taxonomy":"product_cat","embeddable":true,"href":"https:\/\/powerchip.com.br\/index.php\/wp-json\/wp\/v2\/product_cat?post=1215"},{"taxonomy":"product_tag","embeddable":true,"href":"https:\/\/powerchip.com.br\/index.php\/wp-json\/wp\/v2\/product_tag?post=1215"}],"curies":[{"name":"wp","href":"https:\/\/api.w.org\/{rel}","templated":true}]}}