{"id":1176,"date":"2025-11-26T15:10:06","date_gmt":"2025-11-26T15:10:06","guid":{"rendered":"https:\/\/powerchip.com.br\/?post_type=product&#038;p=1176"},"modified":"2025-11-26T15:12:20","modified_gmt":"2025-11-26T15:12:20","slug":"frm3-frm-arquivo-eeprom-e-flash-corrigidos-e87-basis-frm3r-pl2-21-6135-9249080-01-sw-143000-hw07","status":"publish","type":"product","link":"https:\/\/powerchip.com.br\/index.php\/produto\/frm3-frm-arquivo-eeprom-e-flash-corrigidos-e87-basis-frm3r-pl2-21-6135-9249080-01-sw-143000-hw07\/","title":{"rendered":"FRM3 FRM ARQUIVO EEPROM E FLASH CORRIGIDOS E87 BASIS  FRM3R PL2 21 6135 9249080 01 SW 143000 HW07"},"content":{"rendered":"<p>FRM3 FRM ARQUIVO EEPROM E FLASH CORRIGIDOS E87 BASIS FRM3R PL2 21 6135 9249080 01 SW 143000 HW07<\/p>\n<p>Modulo FRM perdem comunica\u00e7\u00e3o quando quebram arquivos.<\/p>\n<p>Restaura a memoria,\u00a0 far\u00f3is , setas,\u00a0 vidros etc se tudo em ordem voltara a funcionar\u2026OBS: para carros que perderam a programa\u00e7\u00e3o por bateria ruim.<\/p>\n<p><img loading=\"lazy\" decoding=\"async\" class=\"alignnone size-full wp-image-1040\" src=\"https:\/\/powerchip.com.br\/wp-content\/uploads\/2025\/11\/alto-falante.jpg\" alt=\"\" width=\"67\" height=\"55\" \/>\u00a0 \u00a0\u201cLembrete: Este arquivo necessita somente edi\u00e7\u00e3o do chassi que poder\u00e1 ser feito no editor normal ou com esc\u00e2ner via obd2 de prepara\u00e7\u00e3o espec\u00edfica para a central (ECU) de destino antes do uso.\u201d , mas tamb\u00e9m funciona sem editar.<\/p>\n<p>N\u00e3o conserta l\u00e2mpada queimada, etc.<\/p>\n<p><strong><img loading=\"lazy\" decoding=\"async\" class=\"alignnone size-full wp-image-1039\" src=\"https:\/\/powerchip.com.br\/wp-content\/uploads\/2025\/11\/veja-acima.jpg\" alt=\"\" width=\"21\" height=\"34\" \/>\u00a0<\/strong><\/p>\n<p>&nbsp;<\/p>\n<p>Voc\u00ea receber\u00e1 ap\u00f3s pagar, um link com o arquivo:<\/p>\n<p>01 Arquivo compactado contendo dentro:<\/p>\n<p><strong>A PROMO\u00c7\u00c3O\u00a0 2\u00a0 CONFORTOS POWERCHIP.<\/strong><\/p>\n<p><img loading=\"lazy\" decoding=\"async\" class=\"alignnone size-full wp-image-1039\" src=\"https:\/\/powerchip.com.br\/wp-content\/uploads\/2025\/11\/veja-acima.jpg\" alt=\"\" width=\"21\" height=\"34\" \/><\/p>\n<p><img loading=\"lazy\" decoding=\"async\" class=\"alignnone size-full wp-image-1158\" src=\"https:\/\/powerchip.com.br\/wp-content\/uploads\/2025\/10\/MINI-FRM3.jpg\" alt=\"\" width=\"56\" height=\"24\" \/>\u00a0 \u00a0\u00a0 \u00a001 arquivo ok da eeprom\u00a0 FRM3R PL2 E89 E9X LED XE 26 61359240531 01 9240538 SW132001 HW07.<\/p>\n<p><img loading=\"lazy\" decoding=\"async\" class=\"alignnone size-full wp-image-1158\" src=\"https:\/\/powerchip.com.br\/wp-content\/uploads\/2025\/10\/MINI-FRM3.jpg\" alt=\"\" width=\"56\" height=\"24\" \/>\u00a0\u00a0<img loading=\"lazy\" decoding=\"async\" class=\"alignnone size-full wp-image-1158\" src=\"https:\/\/powerchip.com.br\/wp-content\/uploads\/2025\/10\/MINI-FRM3.jpg\" alt=\"\" width=\"56\" height=\"24\" \/>\u00a0 \u00a0 01 arquivo ok da flash FRM3R PL2 E89 E9X LED XE 26 61359240531 01 9240538 SW132001 HW07.<\/p>\n<p>Use programadores correto de processador.<\/p>\n<p>\u201cLembrete: Este arquivo necessita somente edi\u00e7\u00e3o do chassi que poder\u00e1 ser feito no editor normal ou com esc\u00e2ner via obd2 de prepara\u00e7\u00e3o espec\u00edfica para a central (ECU) de destino antes do uso.\u201d , mas tamb\u00e9m funciona sem editar.<\/p>\n<p><a href=\"https:\/\/powerchip.com.br\/index.php\/arquivo-destinado-a-profissionais\/\">Arquivo destinado a profissionais<\/a>.<\/p>\n<p><a href=\"https:\/\/powerchip.com.br\/index.php\/como-usar-o-arquivo-comprado\/\">Como usar o arquivo<\/a>.<\/p>\n<p><a href=\"https:\/\/powerchip.com.br\/index.php\/como-comprar\/\">Como comprar<\/a><\/p>\n<p>&nbsp;<\/p>\n<p><img loading=\"lazy\" decoding=\"async\" class=\"alignnone size-medium wp-image-277\" src=\"https:\/\/powerchip.com.br\/wp-content\/uploads\/2025\/10\/FRM3-PL3-6135-3456588-02SW143030-HW08-5324828M5-R56-HIGHT-EKS-35-300x181.jpeg\" alt=\"\" width=\"300\" height=\"181\" srcset=\"https:\/\/powerchip.com.br\/wp-content\/uploads\/2025\/10\/FRM3-PL3-6135-3456588-02SW143030-HW08-5324828M5-R56-HIGHT-EKS-35-300x181.jpeg 300w, https:\/\/powerchip.com.br\/wp-content\/uploads\/2025\/10\/FRM3-PL3-6135-3456588-02SW143030-HW08-5324828M5-R56-HIGHT-EKS-35-1024x618.jpeg 1024w, https:\/\/powerchip.com.br\/wp-content\/uploads\/2025\/10\/FRM3-PL3-6135-3456588-02SW143030-HW08-5324828M5-R56-HIGHT-EKS-35-768x463.jpeg 768w, https:\/\/powerchip.com.br\/wp-content\/uploads\/2025\/10\/FRM3-PL3-6135-3456588-02SW143030-HW08-5324828M5-R56-HIGHT-EKS-35-600x362.jpeg 600w, https:\/\/powerchip.com.br\/wp-content\/uploads\/2025\/10\/FRM3-PL3-6135-3456588-02SW143030-HW08-5324828M5-R56-HIGHT-EKS-35.jpeg 1353w\" sizes=\"auto, (max-width: 300px) 100vw, 300px\" \/><img loading=\"lazy\" decoding=\"async\" class=\"alignnone size-medium wp-image-278\" src=\"https:\/\/powerchip.com.br\/wp-content\/uploads\/2025\/10\/FRM3-PL3-6135-3456588-02SW143030-HW08-5324828M5-R56-HIGHT-EKS-35-1-169x300.jpeg\" alt=\"\" width=\"169\" height=\"300\" srcset=\"https:\/\/powerchip.com.br\/wp-content\/uploads\/2025\/10\/FRM3-PL3-6135-3456588-02SW143030-HW08-5324828M5-R56-HIGHT-EKS-35-1-169x300.jpeg 169w, https:\/\/powerchip.com.br\/wp-content\/uploads\/2025\/10\/FRM3-PL3-6135-3456588-02SW143030-HW08-5324828M5-R56-HIGHT-EKS-35-1-576x1024.jpeg 576w, https:\/\/powerchip.com.br\/wp-content\/uploads\/2025\/10\/FRM3-PL3-6135-3456588-02SW143030-HW08-5324828M5-R56-HIGHT-EKS-35-1-768x1366.jpeg 768w, https:\/\/powerchip.com.br\/wp-content\/uploads\/2025\/10\/FRM3-PL3-6135-3456588-02SW143030-HW08-5324828M5-R56-HIGHT-EKS-35-1-864x1536.jpeg 864w, https:\/\/powerchip.com.br\/wp-content\/uploads\/2025\/10\/FRM3-PL3-6135-3456588-02SW143030-HW08-5324828M5-R56-HIGHT-EKS-35-1-600x1067.jpeg 600w, https:\/\/powerchip.com.br\/wp-content\/uploads\/2025\/10\/FRM3-PL3-6135-3456588-02SW143030-HW08-5324828M5-R56-HIGHT-EKS-35-1.jpeg 899w\" sizes=\"auto, (max-width: 169px) 100vw, 169px\" \/><\/p>\n","protected":false},"excerpt":{"rendered":"<p>FRM3 FRM ARQUIVO EEPROM E FLASH CORRIGIDOS E87 BASIS FRM3R PL2 21 6135 9249080 01 SW 143000 HW07<\/p>\n<p>&nbsp;<\/p>\n<p><img loading=\"lazy\" decoding=\"async\" class=\"alignnone size-medium wp-image-277\" src=\"https:\/\/powerchip.com.br\/wp-content\/uploads\/2025\/10\/FRM3-PL3-6135-3456588-02SW143030-HW08-5324828M5-R56-HIGHT-EKS-35-300x181.jpeg\" alt=\"\" width=\"300\" height=\"181\" srcset=\"https:\/\/powerchip.com.br\/wp-content\/uploads\/2025\/10\/FRM3-PL3-6135-3456588-02SW143030-HW08-5324828M5-R56-HIGHT-EKS-35-300x181.jpeg 300w, https:\/\/powerchip.com.br\/wp-content\/uploads\/2025\/10\/FRM3-PL3-6135-3456588-02SW143030-HW08-5324828M5-R56-HIGHT-EKS-35-1024x618.jpeg 1024w, https:\/\/powerchip.com.br\/wp-content\/uploads\/2025\/10\/FRM3-PL3-6135-3456588-02SW143030-HW08-5324828M5-R56-HIGHT-EKS-35-768x463.jpeg 768w, https:\/\/powerchip.com.br\/wp-content\/uploads\/2025\/10\/FRM3-PL3-6135-3456588-02SW143030-HW08-5324828M5-R56-HIGHT-EKS-35-600x362.jpeg 600w, https:\/\/powerchip.com.br\/wp-content\/uploads\/2025\/10\/FRM3-PL3-6135-3456588-02SW143030-HW08-5324828M5-R56-HIGHT-EKS-35.jpeg 1353w\" sizes=\"auto, (max-width: 300px) 100vw, 300px\" \/><img loading=\"lazy\" decoding=\"async\" class=\"alignnone size-medium wp-image-278\" src=\"https:\/\/powerchip.com.br\/wp-content\/uploads\/2025\/10\/FRM3-PL3-6135-3456588-02SW143030-HW08-5324828M5-R56-HIGHT-EKS-35-1-169x300.jpeg\" alt=\"\" width=\"169\" height=\"300\" srcset=\"https:\/\/powerchip.com.br\/wp-content\/uploads\/2025\/10\/FRM3-PL3-6135-3456588-02SW143030-HW08-5324828M5-R56-HIGHT-EKS-35-1-169x300.jpeg 169w, https:\/\/powerchip.com.br\/wp-content\/uploads\/2025\/10\/FRM3-PL3-6135-3456588-02SW143030-HW08-5324828M5-R56-HIGHT-EKS-35-1-576x1024.jpeg 576w, https:\/\/powerchip.com.br\/wp-content\/uploads\/2025\/10\/FRM3-PL3-6135-3456588-02SW143030-HW08-5324828M5-R56-HIGHT-EKS-35-1-768x1366.jpeg 768w, https:\/\/powerchip.com.br\/wp-content\/uploads\/2025\/10\/FRM3-PL3-6135-3456588-02SW143030-HW08-5324828M5-R56-HIGHT-EKS-35-1-864x1536.jpeg 864w, https:\/\/powerchip.com.br\/wp-content\/uploads\/2025\/10\/FRM3-PL3-6135-3456588-02SW143030-HW08-5324828M5-R56-HIGHT-EKS-35-1-600x1067.jpeg 600w, https:\/\/powerchip.com.br\/wp-content\/uploads\/2025\/10\/FRM3-PL3-6135-3456588-02SW143030-HW08-5324828M5-R56-HIGHT-EKS-35-1.jpeg 899w\" sizes=\"auto, (max-width: 169px) 100vw, 169px\" \/><\/p>\n","protected":false},"featured_media":1157,"template":"","meta":{"_joinchat":[]},"product_brand":[],"product_cat":[40],"product_tag":[1466,1469,1470,1468,1467,59,34,316,1443,1156,805],"class_list":{"0":"post-1176","1":"product","2":"type-product","3":"status-publish","4":"has-post-thumbnail","6":"product_cat-bmw","7":"product_tag-1466","8":"product_tag-1469","9":"product_tag-6135-9249080-01","10":"product_tag-basis","11":"product_tag-e87","12":"product_tag-frm","13":"product_tag-frm3","14":"product_tag-frm3r","15":"product_tag-hw07","16":"product_tag-pl2","17":"product_tag-sw","19":"first","20":"instock","21":"downloadable","22":"virtual","23":"purchasable","24":"product-type-simple"},"jetpack_sharing_enabled":true,"_links":{"self":[{"href":"https:\/\/powerchip.com.br\/index.php\/wp-json\/wp\/v2\/product\/1176","targetHints":{"allow":["GET"]}}],"collection":[{"href":"https:\/\/powerchip.com.br\/index.php\/wp-json\/wp\/v2\/product"}],"about":[{"href":"https:\/\/powerchip.com.br\/index.php\/wp-json\/wp\/v2\/types\/product"}],"wp:featuredmedia":[{"embeddable":true,"href":"https:\/\/powerchip.com.br\/index.php\/wp-json\/wp\/v2\/media\/1157"}],"wp:attachment":[{"href":"https:\/\/powerchip.com.br\/index.php\/wp-json\/wp\/v2\/media?parent=1176"}],"wp:term":[{"taxonomy":"product_brand","embeddable":true,"href":"https:\/\/powerchip.com.br\/index.php\/wp-json\/wp\/v2\/product_brand?post=1176"},{"taxonomy":"product_cat","embeddable":true,"href":"https:\/\/powerchip.com.br\/index.php\/wp-json\/wp\/v2\/product_cat?post=1176"},{"taxonomy":"product_tag","embeddable":true,"href":"https:\/\/powerchip.com.br\/index.php\/wp-json\/wp\/v2\/product_tag?post=1176"}],"curies":[{"name":"wp","href":"https:\/\/api.w.org\/{rel}","templated":true}]}}