{"id":1161,"date":"2025-11-25T21:35:35","date_gmt":"2025-11-25T21:35:35","guid":{"rendered":"https:\/\/powerchip.com.br\/?post_type=product&#038;p=1161"},"modified":"2026-01-29T21:52:34","modified_gmt":"2026-01-29T21:52:34","slug":"ems2212-arquivo-decat-es-xs7f-12a650-tb2-a2c8238650303-a2c82386503aaac-14110024004840-c1ba-12b684-ae-da6a-14c558-bc-ea6a-12a650-nb-ea6a-14c204-nb","status":"publish","type":"product","link":"https:\/\/powerchip.com.br\/index.php\/produto\/ems2212-arquivo-decat-es-xs7f-12a650-tb2-a2c8238650303-a2c82386503aaac-14110024004840-c1ba-12b684-ae-da6a-14c558-bc-ea6a-12a650-nb-ea6a-14c204-nb\/","title":{"rendered":"EMS2212\u00a0 \u00a0&#8211; ARQUIVO DECAT\u00a0 \u00a0ES-XS7F-12A650-TB2 A2C8238650303 A2C82386503AAAC 14110024004840 C1BA-12B684-AE DA6A-14C558-BC EA6A-12A650-NB EA6A-14C204-NB\u00a0"},"content":{"rendered":"<p>EMS2212\u00a0 \u00a0&#8211; ARQUIVO DECAT\u00a0 \u00a0ES-XS7F-12A650-TB2 A2C8238650303 A2C82386503AAAC 14110024004840 C1BA-12B684-AE DA6A-14C558-BC<br \/>\nEA6A-12A650-NB EA6A-14C204-NB<\/p>\n<p>&nbsp;<\/p>\n<p><img loading=\"lazy\" decoding=\"async\" class=\"alignnone size-full wp-image-1040\" src=\"https:\/\/powerchip.com.br\/wp-content\/uploads\/2025\/11\/alto-falante.jpg\" alt=\"\" width=\"67\" height=\"55\" \/>\u00a0 \u00a0<strong>\u00a0<\/strong>\u201cLembrete: Este arquivo SIM\u00a0 necessita de prepara\u00e7\u00e3o espec\u00edfica para a central (ECU) de destino\u00a0 DE ACORDO COM SEU SW .\u201d<\/p>\n<p>OU PODE USAR COMPARADOR PARA TRANSFERIR PARA OUTRO SW EMS2212.<\/p>\n<p>Voc\u00ea receber\u00e1 ap\u00f3s pagar:<\/p>\n<p><strong>A PROMO\u00c7\u00c3O 2 CILINDROS POWERCHIP.<\/strong><\/p>\n<p><img loading=\"lazy\" decoding=\"async\" class=\"alignnone size-full wp-image-1039\" src=\"https:\/\/powerchip.com.br\/wp-content\/uploads\/2025\/11\/veja-acima.jpg\" alt=\"\" width=\"21\" height=\"34\" \/><\/p>\n<p>&nbsp;<\/p>\n<p><img loading=\"lazy\" decoding=\"async\" class=\"alignnone size-full wp-image-1042\" src=\"https:\/\/powerchip.com.br\/wp-content\/uploads\/2025\/11\/pistao.jpg\" alt=\"\" width=\"17\" height=\"41\" \/> \u00a0ARQUIVO ORIGINAL , EMS2212<\/p>\n<p><img loading=\"lazy\" decoding=\"async\" class=\"alignnone size-full wp-image-1042\" src=\"https:\/\/powerchip.com.br\/wp-content\/uploads\/2025\/11\/pistao.jpg\" alt=\"\" width=\"17\" height=\"41\" \/><img loading=\"lazy\" decoding=\"async\" class=\"alignnone size-full wp-image-1042\" src=\"https:\/\/powerchip.com.br\/wp-content\/uploads\/2025\/11\/pistao.jpg\" alt=\"\" width=\"17\" height=\"41\" \/> ARQUIVO DE DECAT CAT OFF, EMS2212<\/p>\n<p>Um profissional saber\u00e1 utilizar isso , ou ap\u00f3s a compra entre em contato.<\/p>\n<p>Mande um e-mail ou chame no Whatzapp. (16)991342577<\/p>\n<p><a href=\"https:\/\/powerchip.com.br\/index.php\/arquivo-destinado-a-profissionais\/\">Arquivo destinado a profissionais<\/a>.<\/p>\n<p><a href=\"https:\/\/powerchip.com.br\/index.php\/como-usar-o-arquivo-comprado\/\">Como usar o arquivo<\/a>.<\/p>\n<p><a href=\"https:\/\/powerchip.com.br\/index.php\/como-comprar\/\">Como comprar<\/a><\/p>\n<p>&nbsp;<\/p>\n<p><strong><img loading=\"lazy\" decoding=\"async\" class=\"alignnone size-medium wp-image-944\" src=\"https:\/\/powerchip.com.br\/wp-content\/uploads\/2025\/11\/foto-de-zip-catalizador--300x174.jpg\" alt=\"\" width=\"300\" height=\"174\" srcset=\"https:\/\/powerchip.com.br\/wp-content\/uploads\/2025\/11\/foto-de-zip-catalizador--300x174.jpg 300w, https:\/\/powerchip.com.br\/wp-content\/uploads\/2025\/11\/foto-de-zip-catalizador--600x348.jpg 600w, https:\/\/powerchip.com.br\/wp-content\/uploads\/2025\/11\/foto-de-zip-catalizador-.jpg 733w\" sizes=\"auto, (max-width: 300px) 100vw, 300px\" \/><\/strong><img loading=\"lazy\" decoding=\"async\" class=\"alignnone size-medium wp-image-948\" src=\"https:\/\/powerchip.com.br\/wp-content\/uploads\/2025\/11\/foto-de-zip-original--300x175.jpg\" alt=\"\" width=\"300\" height=\"175\" srcset=\"https:\/\/powerchip.com.br\/wp-content\/uploads\/2025\/11\/foto-de-zip-original--300x175.jpg 300w, https:\/\/powerchip.com.br\/wp-content\/uploads\/2025\/11\/foto-de-zip-original--600x350.jpg 600w, https:\/\/powerchip.com.br\/wp-content\/uploads\/2025\/11\/foto-de-zip-original-.jpg 727w\" sizes=\"auto, (max-width: 300px) 100vw, 300px\" \/><img loading=\"lazy\" decoding=\"async\" class=\"alignnone size-medium wp-image-1047\" src=\"https:\/\/powerchip.com.br\/wp-content\/uploads\/2025\/11\/FOTO-ZIP-DTC-OFF--300x172.jpg\" alt=\"\" width=\"300\" height=\"172\" srcset=\"https:\/\/powerchip.com.br\/wp-content\/uploads\/2025\/11\/FOTO-ZIP-DTC-OFF--300x172.jpg 300w, https:\/\/powerchip.com.br\/wp-content\/uploads\/2025\/11\/FOTO-ZIP-DTC-OFF--600x344.jpg 600w, https:\/\/powerchip.com.br\/wp-content\/uploads\/2025\/11\/FOTO-ZIP-DTC-OFF-.jpg 732w\" sizes=\"auto, (max-width: 300px) 100vw, 300px\" \/><\/p>\n","protected":false},"excerpt":{"rendered":"<p>EMS2212\u00a0 \u00a0&#8211; ARQUIVO DECAT\u00a0 \u00a0ES-XS7F-12A650-TB2 A2C8238650303 A2C82386503AAAC 14110024004840 C1BA-12B684-AE DA6A-14C558-BC<br \/>\nEA6A-12A650-NB EA6A-14C204-NB<\/p>\n<p>&nbsp;<\/p>\n<p><strong><img loading=\"lazy\" decoding=\"async\" class=\"alignnone size-medium wp-image-944\" src=\"https:\/\/powerchip.com.br\/wp-content\/uploads\/2025\/11\/foto-de-zip-catalizador--300x174.jpg\" alt=\"\" width=\"300\" height=\"174\" srcset=\"https:\/\/powerchip.com.br\/wp-content\/uploads\/2025\/11\/foto-de-zip-catalizador--300x174.jpg 300w, https:\/\/powerchip.com.br\/wp-content\/uploads\/2025\/11\/foto-de-zip-catalizador--600x348.jpg 600w, https:\/\/powerchip.com.br\/wp-content\/uploads\/2025\/11\/foto-de-zip-catalizador-.jpg 733w\" sizes=\"auto, (max-width: 300px) 100vw, 300px\" \/><\/strong><img loading=\"lazy\" decoding=\"async\" class=\"alignnone size-medium wp-image-948\" src=\"https:\/\/powerchip.com.br\/wp-content\/uploads\/2025\/11\/foto-de-zip-original--300x175.jpg\" alt=\"\" width=\"300\" height=\"175\" srcset=\"https:\/\/powerchip.com.br\/wp-content\/uploads\/2025\/11\/foto-de-zip-original--300x175.jpg 300w, https:\/\/powerchip.com.br\/wp-content\/uploads\/2025\/11\/foto-de-zip-original--600x350.jpg 600w, https:\/\/powerchip.com.br\/wp-content\/uploads\/2025\/11\/foto-de-zip-original-.jpg 727w\" sizes=\"auto, (max-width: 300px) 100vw, 300px\" \/><img loading=\"lazy\" decoding=\"async\" class=\"alignnone size-medium wp-image-1047\" src=\"https:\/\/powerchip.com.br\/wp-content\/uploads\/2025\/11\/FOTO-ZIP-DTC-OFF--300x172.jpg\" alt=\"\" width=\"300\" height=\"172\" srcset=\"https:\/\/powerchip.com.br\/wp-content\/uploads\/2025\/11\/FOTO-ZIP-DTC-OFF--300x172.jpg 300w, https:\/\/powerchip.com.br\/wp-content\/uploads\/2025\/11\/FOTO-ZIP-DTC-OFF--600x344.jpg 600w, https:\/\/powerchip.com.br\/wp-content\/uploads\/2025\/11\/FOTO-ZIP-DTC-OFF-.jpg 732w\" sizes=\"auto, (max-width: 300px) 100vw, 300px\" \/><\/p>\n","protected":false},"featured_media":301,"template":"","meta":{"_joinchat":[]},"product_brand":[],"product_cat":[69],"product_tag":[1447,1445,1446,1448,1449,138,1450,1444,77],"class_list":{"0":"post-1161","1":"product","2":"type-product","3":"status-publish","4":"has-post-thumbnail","6":"product_cat-ford","7":"product_tag-1447","8":"product_tag-a2c8238650303","9":"product_tag-a2c82386503aaac","10":"product_tag-c1ba-12b684-ae","11":"product_tag-da6a-14c558-bc-ea6a-12a650-nb","12":"product_tag-decat","13":"product_tag-ea6a-14c204-nb","14":"product_tag-ems2212","15":"product_tag-es-xs7f-12a650-tb2","17":"first","18":"instock","19":"downloadable","20":"virtual","21":"purchasable","22":"product-type-simple"},"jetpack_sharing_enabled":true,"_links":{"self":[{"href":"https:\/\/powerchip.com.br\/index.php\/wp-json\/wp\/v2\/product\/1161","targetHints":{"allow":["GET"]}}],"collection":[{"href":"https:\/\/powerchip.com.br\/index.php\/wp-json\/wp\/v2\/product"}],"about":[{"href":"https:\/\/powerchip.com.br\/index.php\/wp-json\/wp\/v2\/types\/product"}],"wp:featuredmedia":[{"embeddable":true,"href":"https:\/\/powerchip.com.br\/index.php\/wp-json\/wp\/v2\/media\/301"}],"wp:attachment":[{"href":"https:\/\/powerchip.com.br\/index.php\/wp-json\/wp\/v2\/media?parent=1161"}],"wp:term":[{"taxonomy":"product_brand","embeddable":true,"href":"https:\/\/powerchip.com.br\/index.php\/wp-json\/wp\/v2\/product_brand?post=1161"},{"taxonomy":"product_cat","embeddable":true,"href":"https:\/\/powerchip.com.br\/index.php\/wp-json\/wp\/v2\/product_cat?post=1161"},{"taxonomy":"product_tag","embeddable":true,"href":"https:\/\/powerchip.com.br\/index.php\/wp-json\/wp\/v2\/product_tag?post=1161"}],"curies":[{"name":"wp","href":"https:\/\/api.w.org\/{rel}","templated":true}]}}