{"id":1125,"date":"2025-11-21T21:11:12","date_gmt":"2025-11-21T21:11:12","guid":{"rendered":"https:\/\/powerchip.com.br\/?post_type=product&#038;p=1125"},"modified":"2026-03-03T16:55:23","modified_gmt":"2026-03-03T16:55:23","slug":"airbg-clear-tukson-arquivo-clear-95910-2e310","status":"publish","type":"product","link":"https:\/\/powerchip.com.br\/index.php\/produto\/airbg-clear-tukson-arquivo-clear-95910-2e310\/","title":{"rendered":"AIRBG CLEAR   TUKSON ARQUIVO CLEAR 95910-2E310"},"content":{"rendered":"<p>AIRBAG\u00a0 LER ESCREVER INSTRU\u00c7\u00d5ES TUKSON ARQUIVO CLEAR 95910-2E310 95910-2E310<\/p>\n<p><img loading=\"lazy\" decoding=\"async\" class=\"alignnone size-full wp-image-1040\" src=\"https:\/\/powerchip.com.br\/wp-content\/uploads\/2025\/11\/alto-falante.jpg\" alt=\"\" width=\"67\" height=\"55\" \/>\u00a0 \u00a0<strong>\u00a0<\/strong>\u201cLembrete: Este arquivo SIM E N\u00c3O\u00a0 necessita de prepara\u00e7\u00e3o espec\u00edfica para a central (ECU) de destino .\u201d<\/p>\n<p>Voc\u00ea receber\u00e1 ap\u00f3s pagar:<\/p>\n<p><strong>A PROMO\u00c7\u00c3O 4\u00a0 BOLSAS POWERCHIP.<\/strong><\/p>\n<p>&nbsp;<\/p>\n<p><strong><img loading=\"lazy\" decoding=\"async\" class=\"alignnone size-full wp-image-1044\" src=\"https:\/\/powerchip.com.br\/wp-content\/uploads\/2025\/11\/AIRBAG-PEQUENO.jpg\" alt=\"\" width=\"28\" height=\"31\" \/><\/strong>AIRBG TUKSON ARQUIVO CLEAR 95910-2E310 VVDI<\/p>\n<p><strong><img loading=\"lazy\" decoding=\"async\" class=\"alignnone size-full wp-image-1044\" src=\"https:\/\/powerchip.com.br\/wp-content\/uploads\/2025\/11\/AIRBAG-PEQUENO.jpg\" alt=\"\" width=\"28\" height=\"31\" \/><\/strong><strong><img loading=\"lazy\" decoding=\"async\" class=\"alignnone size-full wp-image-1044\" src=\"https:\/\/powerchip.com.br\/wp-content\/uploads\/2025\/11\/AIRBAG-PEQUENO.jpg\" alt=\"\" width=\"28\" height=\"31\" \/> <\/strong>AIRBG TUKSON ARQUIVO EEPROM\u00a0 , DFLASH CLEAR 95910-2E310 VVDI<\/p>\n<p><strong><img loading=\"lazy\" decoding=\"async\" class=\"alignnone size-full wp-image-1044\" src=\"https:\/\/powerchip.com.br\/wp-content\/uploads\/2025\/11\/AIRBAG-PEQUENO.jpg\" alt=\"\" width=\"28\" height=\"31\" \/><img loading=\"lazy\" decoding=\"async\" class=\"alignnone size-full wp-image-1044\" src=\"https:\/\/powerchip.com.br\/wp-content\/uploads\/2025\/11\/AIRBAG-PEQUENO.jpg\" alt=\"\" width=\"28\" height=\"31\" \/><img loading=\"lazy\" decoding=\"async\" class=\"alignnone size-full wp-image-1044\" src=\"https:\/\/powerchip.com.br\/wp-content\/uploads\/2025\/11\/AIRBAG-PEQUENO.jpg\" alt=\"\" width=\"28\" height=\"31\" \/><\/strong><strong>\u00a0<\/strong>AIRBG TUKSON ARQUIVO MCU\u00a0 FLASH 95910-2E310 VVDI<\/p>\n<p><strong><img loading=\"lazy\" decoding=\"async\" class=\"alignnone size-full wp-image-1044\" src=\"https:\/\/powerchip.com.br\/wp-content\/uploads\/2025\/11\/AIRBAG-PEQUENO.jpg\" alt=\"\" width=\"28\" height=\"31\" \/><\/strong><strong><img loading=\"lazy\" decoding=\"async\" class=\"alignnone size-full wp-image-1044\" src=\"https:\/\/powerchip.com.br\/wp-content\/uploads\/2025\/11\/AIRBAG-PEQUENO.jpg\" alt=\"\" width=\"28\" height=\"31\" \/><\/strong><strong><img loading=\"lazy\" decoding=\"async\" class=\"alignnone size-full wp-image-1044\" src=\"https:\/\/powerchip.com.br\/wp-content\/uploads\/2025\/11\/AIRBAG-PEQUENO.jpg\" alt=\"\" width=\"28\" height=\"31\" \/><\/strong><strong><img loading=\"lazy\" decoding=\"async\" class=\"alignnone size-full wp-image-1044\" src=\"https:\/\/powerchip.com.br\/wp-content\/uploads\/2025\/11\/AIRBAG-PEQUENO.jpg\" alt=\"\" width=\"28\" height=\"31\" \/><\/strong>INSTRU\u00c7\u00c3O COMO FAZER SEU RESET.<\/p>\n<p>Para adicionar uma nova vers\u00e3o de software, entre em contato com o portal de suporte e anexe um arquivo.<br \/>\nO uso \u00e9 por sua conta e risco.<\/p>\n<p>Um profissional saber\u00e1 utilizar isso , ou ap\u00f3s a compra entre em contato.<\/p>\n<p>Mande um e-mail ou chame no Whatzapp. (16)991342577<\/p>\n<p><a href=\"https:\/\/powerchip.com.br\/index.php\/arquivo-destinado-a-profissionais\/\">Arquivo destinado a profissionais<\/a>.<\/p>\n<p><a href=\"https:\/\/powerchip.com.br\/index.php\/como-usar-o-arquivo-comprado\/\">Como usar o arquivo<\/a>.<\/p>\n<p><a href=\"https:\/\/powerchip.com.br\/index.php\/como-comprar\/\">Como comprar<\/a><\/p>\n","protected":false},"excerpt":{"rendered":"<p>AIRBAG\u00a0 LER ESCREVER INSTRU\u00c7\u00d5ES TUKSON ARQUIVO CLEAR 95910-2E310 95910-2E310 \u00a0 \u00a0\u00a0\u201cLembrete: Este arquivo SIM E N\u00c3O\u00a0 necessita de prepara\u00e7\u00e3o espec\u00edfica para a central (ECU) de destino .\u201d Voc\u00ea receber\u00e1 ap\u00f3s pagar: A PROMO\u00c7\u00c3O 4\u00a0 BOLSAS POWERCHIP. &nbsp; AIRBG TUKSON ARQUIVO CLEAR 95910-2E310 VVDI AIRBG TUKSON ARQUIVO EEPROM\u00a0 , DFLASH CLEAR 95910-2E310 VVDI \u00a0AIRBG TUKSON ARQUIVO [&hellip;]<\/p>\n","protected":false},"featured_media":1126,"template":"","meta":{"_joinchat":[]},"product_brand":[],"product_cat":[2079],"product_tag":[1372,1371,233,116,238,1368,1369,1367,1370],"class_list":{"0":"post-1125","1":"product","2":"type-product","3":"status-publish","4":"has-post-thumbnail","6":"product_cat-hyundai-kia","7":"product_tag-0-95910-2e310","8":"product_tag-95910-2e31","9":"product_tag-airbag","10":"product_tag-arquivo","11":"product_tag-clear","12":"product_tag-escrever","13":"product_tag-instrucoes","14":"product_tag-ler","15":"product_tag-tukson","17":"first","18":"instock","19":"downloadable","20":"virtual","21":"purchasable","22":"product-type-simple"},"jetpack_sharing_enabled":true,"_links":{"self":[{"href":"https:\/\/powerchip.com.br\/index.php\/wp-json\/wp\/v2\/product\/1125","targetHints":{"allow":["GET"]}}],"collection":[{"href":"https:\/\/powerchip.com.br\/index.php\/wp-json\/wp\/v2\/product"}],"about":[{"href":"https:\/\/powerchip.com.br\/index.php\/wp-json\/wp\/v2\/types\/product"}],"wp:featuredmedia":[{"embeddable":true,"href":"https:\/\/powerchip.com.br\/index.php\/wp-json\/wp\/v2\/media\/1126"}],"wp:attachment":[{"href":"https:\/\/powerchip.com.br\/index.php\/wp-json\/wp\/v2\/media?parent=1125"}],"wp:term":[{"taxonomy":"product_brand","embeddable":true,"href":"https:\/\/powerchip.com.br\/index.php\/wp-json\/wp\/v2\/product_brand?post=1125"},{"taxonomy":"product_cat","embeddable":true,"href":"https:\/\/powerchip.com.br\/index.php\/wp-json\/wp\/v2\/product_cat?post=1125"},{"taxonomy":"product_tag","embeddable":true,"href":"https:\/\/powerchip.com.br\/index.php\/wp-json\/wp\/v2\/product_tag?post=1125"}],"curies":[{"name":"wp","href":"https:\/\/api.w.org\/{rel}","templated":true}]}}