{"id":1117,"date":"2025-11-21T00:39:21","date_gmt":"2025-11-21T00:39:21","guid":{"rendered":"https:\/\/powerchip.com.br\/?post_type=product&#038;p=1117"},"modified":"2025-11-22T20:00:39","modified_gmt":"2025-11-22T20:00:39","slug":"arquivo-de-potencia-dpf-egr-dtc-limitador-decode-2h6907311ab-0001-10sw0882991556npib-amarok-3-0-v6-edc17c54","status":"publish","type":"product","link":"https:\/\/powerchip.com.br\/index.php\/produto\/arquivo-de-potencia-dpf-egr-dtc-limitador-decode-2h6907311ab-0001-10sw0882991556npib-amarok-3-0-v6-edc17c54\/","title":{"rendered":"ARQUIVO DE \u00a0 POT\u00caNCIA\u00a0+DPF +EGR +DTC+ LIMITADOR +DECODE ,2H6907311AB  0001 10SW0882991556NPIB Amarok 3.0 V6 EDC17C54 10SW0882991556NPIB 10SW08829915"},"content":{"rendered":"<p>ARQUIVO DE \u00a0 POT\u00caNCIA\u00a0+DPF +EGR +DTC+ LIMITADOR +DECODE ,2H6907311AB 0001 10SW0882991556NPIB<\/p>\n<p>2H6907311AB 0001 10SW0882991556NPIB 059907309J 2H6907311AB 10SW0882991556NPIB 10SW0044021556AP05 MEDC17 1793 EDC17_CP54 P1556 C1556APIB<\/p>\n<p><img loading=\"lazy\" decoding=\"async\" class=\"alignnone size-full wp-image-1039\" src=\"https:\/\/powerchip.com.br\/wp-content\/uploads\/2025\/11\/veja-acima.jpg\" alt=\"\" width=\"21\" height=\"34\" \/>\u00a0 SEMPRE VERIFIQUE SEU ID 10SW0882991556NPIB 10SW0882991556NPIB<\/p>\n<p><img loading=\"lazy\" decoding=\"async\" class=\"alignnone size-full wp-image-1040\" src=\"https:\/\/powerchip.com.br\/wp-content\/uploads\/2025\/11\/alto-falante.jpg\" alt=\"\" width=\"67\" height=\"55\" \/>\u00a0 \u00a0<strong>\u00a0<\/strong>\u201cLembrete: Este arquivo N\u00c3O\u00a0 necessita de prepara\u00e7\u00e3o espec\u00edfica para a central (ECU) de destino\u00a0 SE MESMO ID E USADO POR PROFISSIONAL,\u00a0 NUNCA O USE EM MODO BOOT.\u201d<\/p>\n<p>Voc\u00ea receber\u00e1 ap\u00f3s pagar:<\/p>\n<p><strong>A PROMO\u00c7\u00c3O\u00a0 6 CILINDROS POWERCHIP.<\/strong><\/p>\n<p><img loading=\"lazy\" decoding=\"async\" class=\"alignnone size-full wp-image-1039\" src=\"https:\/\/powerchip.com.br\/wp-content\/uploads\/2025\/11\/veja-acima.jpg\" alt=\"\" width=\"21\" height=\"34\" \/><\/p>\n<p>&nbsp;<\/p>\n<p><img loading=\"lazy\" decoding=\"async\" class=\"alignnone size-full wp-image-1042\" src=\"https:\/\/powerchip.com.br\/wp-content\/uploads\/2025\/11\/pistao.jpg\" alt=\"\" width=\"17\" height=\"41\" \/>\u00a0 \u00a0 ARQUIVO ORIGINAL FLASH.<br \/>\n<img loading=\"lazy\" decoding=\"async\" class=\"alignnone size-full wp-image-1042\" src=\"https:\/\/powerchip.com.br\/wp-content\/uploads\/2025\/11\/pistao.jpg\" alt=\"\" width=\"17\" height=\"41\" \/><img loading=\"lazy\" decoding=\"async\" class=\"alignnone size-full wp-image-1042\" src=\"https:\/\/powerchip.com.br\/wp-content\/uploads\/2025\/11\/pistao.jpg\" alt=\"\" width=\"17\" height=\"41\" \/>\u00a0 \u00a0 ARQUIVO ORIGINAL COM DECODE SEM IMOBILIZADOR + LIMITADOR OFF FLASH .<br \/>\n<img loading=\"lazy\" decoding=\"async\" class=\"alignnone size-full wp-image-1042\" src=\"https:\/\/powerchip.com.br\/wp-content\/uploads\/2025\/11\/pistao.jpg\" alt=\"\" width=\"17\" height=\"41\" \/><img loading=\"lazy\" decoding=\"async\" class=\"alignnone size-full wp-image-1042\" src=\"https:\/\/powerchip.com.br\/wp-content\/uploads\/2025\/11\/pistao.jpg\" alt=\"\" width=\"17\" height=\"41\" \/><img loading=\"lazy\" decoding=\"async\" class=\"alignnone size-full wp-image-1042\" src=\"https:\/\/powerchip.com.br\/wp-content\/uploads\/2025\/11\/pistao.jpg\" alt=\"\" width=\"17\" height=\"41\" \/>\u00a0 \u00a0 ARQUIVO DPF EGR LIMIADOR OFF FLASH, ESCAPE ETC<br \/>\n<img loading=\"lazy\" decoding=\"async\" class=\"alignnone size-full wp-image-1042\" src=\"https:\/\/powerchip.com.br\/wp-content\/uploads\/2025\/11\/pistao.jpg\" alt=\"\" width=\"17\" height=\"41\" \/><img loading=\"lazy\" decoding=\"async\" class=\"alignnone size-full wp-image-1042\" src=\"https:\/\/powerchip.com.br\/wp-content\/uploads\/2025\/11\/pistao.jpg\" alt=\"\" width=\"17\" height=\"41\" \/><img loading=\"lazy\" decoding=\"async\" class=\"alignnone size-full wp-image-1042\" src=\"https:\/\/powerchip.com.br\/wp-content\/uploads\/2025\/11\/pistao.jpg\" alt=\"\" width=\"17\" height=\"41\" \/><img loading=\"lazy\" decoding=\"async\" class=\"alignnone size-full wp-image-1042\" src=\"https:\/\/powerchip.com.br\/wp-content\/uploads\/2025\/11\/pistao.jpg\" alt=\"\" width=\"17\" height=\"41\" \/>\u00a0 \u00a0 ARQUIVO DPF EGR LIMIADOR OFF COM DECODE SEM IMOBILIZADOR FLASH\u00a0 , ESCAPE ETC.<br \/>\n<img loading=\"lazy\" decoding=\"async\" class=\"alignnone size-full wp-image-1042\" src=\"https:\/\/powerchip.com.br\/wp-content\/uploads\/2025\/11\/pistao.jpg\" alt=\"\" width=\"17\" height=\"41\" \/><img loading=\"lazy\" decoding=\"async\" class=\"alignnone size-full wp-image-1042\" src=\"https:\/\/powerchip.com.br\/wp-content\/uploads\/2025\/11\/pistao.jpg\" alt=\"\" width=\"17\" height=\"41\" \/><img loading=\"lazy\" decoding=\"async\" class=\"alignnone size-full wp-image-1042\" src=\"https:\/\/powerchip.com.br\/wp-content\/uploads\/2025\/11\/pistao.jpg\" alt=\"\" width=\"17\" height=\"41\" \/><img loading=\"lazy\" decoding=\"async\" class=\"alignnone size-full wp-image-1042\" src=\"https:\/\/powerchip.com.br\/wp-content\/uploads\/2025\/11\/pistao.jpg\" alt=\"\" width=\"17\" height=\"41\" \/><img loading=\"lazy\" decoding=\"async\" class=\"alignnone size-full wp-image-1042\" src=\"https:\/\/powerchip.com.br\/wp-content\/uploads\/2025\/11\/pistao.jpg\" alt=\"\" width=\"17\" height=\"41\" \/>\u00a0 \u00a0 ARQUIVO \u00a0 POT\u00caNCIA\u00a0 \u00a0\u00a0DPF EGR LIMIADOR OFF FLASH, ESCAPE ETC.<br \/>\n<img loading=\"lazy\" decoding=\"async\" class=\"alignnone size-full wp-image-1042\" src=\"https:\/\/powerchip.com.br\/wp-content\/uploads\/2025\/11\/pistao.jpg\" alt=\"\" width=\"17\" height=\"41\" \/><img loading=\"lazy\" decoding=\"async\" class=\"alignnone size-full wp-image-1042\" src=\"https:\/\/powerchip.com.br\/wp-content\/uploads\/2025\/11\/pistao.jpg\" alt=\"\" width=\"17\" height=\"41\" \/><img loading=\"lazy\" decoding=\"async\" class=\"alignnone size-full wp-image-1042\" src=\"https:\/\/powerchip.com.br\/wp-content\/uploads\/2025\/11\/pistao.jpg\" alt=\"\" width=\"17\" height=\"41\" \/><img loading=\"lazy\" decoding=\"async\" class=\"alignnone size-full wp-image-1042\" src=\"https:\/\/powerchip.com.br\/wp-content\/uploads\/2025\/11\/pistao.jpg\" alt=\"\" width=\"17\" height=\"41\" \/><img loading=\"lazy\" decoding=\"async\" class=\"alignnone size-full wp-image-1042\" src=\"https:\/\/powerchip.com.br\/wp-content\/uploads\/2025\/11\/pistao.jpg\" alt=\"\" width=\"17\" height=\"41\" \/><img loading=\"lazy\" decoding=\"async\" class=\"alignnone size-full wp-image-1042\" src=\"https:\/\/powerchip.com.br\/wp-content\/uploads\/2025\/11\/pistao.jpg\" alt=\"\" width=\"17\" height=\"41\" \/>\u00a0 \u00a0 ARQUIVO \u00a0 POT\u00caNCIA\u00a0 \u00a0 \u00a0 DPF EGR LIMIADOR OFF COM DECODE SEM IMOBILIZADOR FLASH , ESCAPE ETC.<\/p>\n<p>Um profissional saber\u00e1 utilizar isso , ou ap\u00f3s a compra entre em contato.<\/p>\n<p>Mande um e-mail ou chame no Whatzapp. (16)991342577<\/p>\n<p><a href=\"https:\/\/powerchip.com.br\/index.php\/arquivo-destinado-a-profissionais\/\">Arquivo destinado a profissionais<\/a>.<\/p>\n<p><a href=\"https:\/\/powerchip.com.br\/index.php\/como-usar-o-arquivo-comprado\/\">Como usar o arquivo<\/a>.<\/p>\n<p><a href=\"https:\/\/powerchip.com.br\/index.php\/como-comprar\/\">Como comprar<\/a><\/p>\n<p>&nbsp;<\/p>\n<p><img loading=\"lazy\" decoding=\"async\" class=\"alignnone size-medium wp-image-948\" src=\"https:\/\/powerchip.com.br\/wp-content\/uploads\/2025\/11\/foto-de-zip-original--300x175.jpg\" alt=\"\" width=\"300\" height=\"175\" srcset=\"https:\/\/powerchip.com.br\/wp-content\/uploads\/2025\/11\/foto-de-zip-original--300x175.jpg 300w, https:\/\/powerchip.com.br\/wp-content\/uploads\/2025\/11\/foto-de-zip-original--600x350.jpg 600w, https:\/\/powerchip.com.br\/wp-content\/uploads\/2025\/11\/foto-de-zip-original-.jpg 727w\" sizes=\"auto, (max-width: 300px) 100vw, 300px\" \/><img loading=\"lazy\" decoding=\"async\" class=\"alignnone size-medium wp-image-963\" src=\"https:\/\/powerchip.com.br\/wp-content\/uploads\/2025\/11\/FOTO-LIMITADOR--300x170.jpg\" alt=\"\" width=\"300\" height=\"170\" srcset=\"https:\/\/powerchip.com.br\/wp-content\/uploads\/2025\/11\/FOTO-LIMITADOR--300x170.jpg 300w, https:\/\/powerchip.com.br\/wp-content\/uploads\/2025\/11\/FOTO-LIMITADOR--600x341.jpg 600w, https:\/\/powerchip.com.br\/wp-content\/uploads\/2025\/11\/FOTO-LIMITADOR-.jpg 733w\" sizes=\"auto, (max-width: 300px) 100vw, 300px\" \/><img loading=\"lazy\" decoding=\"async\" class=\"alignnone size-medium wp-image-947\" src=\"https:\/\/powerchip.com.br\/wp-content\/uploads\/2025\/11\/foto-de-zip-EGR--300x174.jpg\" alt=\"\" width=\"300\" height=\"174\" srcset=\"https:\/\/powerchip.com.br\/wp-content\/uploads\/2025\/11\/foto-de-zip-EGR--300x174.jpg 300w, https:\/\/powerchip.com.br\/wp-content\/uploads\/2025\/11\/foto-de-zip-EGR--600x348.jpg 600w, https:\/\/powerchip.com.br\/wp-content\/uploads\/2025\/11\/foto-de-zip-EGR-.jpg 733w\" sizes=\"auto, (max-width: 300px) 100vw, 300px\" \/><img loading=\"lazy\" decoding=\"async\" class=\"alignnone size-medium wp-image-943\" src=\"https:\/\/powerchip.com.br\/wp-content\/uploads\/2025\/11\/foto-de-zip-potencia-1-1-300x170.jpg\" alt=\"\" width=\"300\" height=\"170\" srcset=\"https:\/\/powerchip.com.br\/wp-content\/uploads\/2025\/11\/foto-de-zip-potencia-1-1-300x170.jpg 300w, https:\/\/powerchip.com.br\/wp-content\/uploads\/2025\/11\/foto-de-zip-potencia-1-1-600x341.jpg 600w, https:\/\/powerchip.com.br\/wp-content\/uploads\/2025\/11\/foto-de-zip-potencia-1-1.jpg 733w\" sizes=\"auto, (max-width: 300px) 100vw, 300px\" \/><img loading=\"lazy\" decoding=\"async\" class=\"alignnone size-medium wp-image-360\" src=\"https:\/\/powerchip.com.br\/wp-content\/uploads\/2025\/10\/foto-de-zip-INJECAO-DECODE--300x198.jpg\" alt=\"\" width=\"300\" height=\"198\" srcset=\"https:\/\/powerchip.com.br\/wp-content\/uploads\/2025\/10\/foto-de-zip-INJECAO-DECODE--300x198.jpg 300w, https:\/\/powerchip.com.br\/wp-content\/uploads\/2025\/10\/foto-de-zip-INJECAO-DECODE--768x506.jpg 768w, https:\/\/powerchip.com.br\/wp-content\/uploads\/2025\/10\/foto-de-zip-INJECAO-DECODE--600x396.jpg 600w, https:\/\/powerchip.com.br\/wp-content\/uploads\/2025\/10\/foto-de-zip-INJECAO-DECODE-.jpg 775w\" sizes=\"auto, (max-width: 300px) 100vw, 300px\" \/><strong><img loading=\"lazy\" decoding=\"async\" class=\"alignnone size-medium wp-image-1047\" src=\"https:\/\/powerchip.com.br\/wp-content\/uploads\/2025\/11\/FOTO-ZIP-DTC-OFF--300x172.jpg\" sizes=\"auto, (max-width: 300px) 100vw, 300px\" srcset=\"https:\/\/powerchip.com.br\/wp-content\/uploads\/2025\/11\/FOTO-ZIP-DTC-OFF--300x172.jpg 300w, https:\/\/powerchip.com.br\/wp-content\/uploads\/2025\/11\/FOTO-ZIP-DTC-OFF--600x344.jpg 600w, https:\/\/powerchip.com.br\/wp-content\/uploads\/2025\/11\/FOTO-ZIP-DTC-OFF-.jpg 732w\" alt=\"\" width=\"300\" height=\"172\" \/><\/strong><strong><img loading=\"lazy\" decoding=\"async\" class=\"alignnone size-medium wp-image-944\" src=\"https:\/\/powerchip.com.br\/wp-content\/uploads\/2025\/11\/foto-de-zip-catalizador--300x174.jpg\" alt=\"\" width=\"300\" height=\"174\" srcset=\"https:\/\/powerchip.com.br\/wp-content\/uploads\/2025\/11\/foto-de-zip-catalizador--300x174.jpg 300w, https:\/\/powerchip.com.br\/wp-content\/uploads\/2025\/11\/foto-de-zip-catalizador--600x348.jpg 600w, https:\/\/powerchip.com.br\/wp-content\/uploads\/2025\/11\/foto-de-zip-catalizador-.jpg 733w\" sizes=\"auto, (max-width: 300px) 100vw, 300px\" \/><\/strong><\/p>\n","protected":false},"excerpt":{"rendered":"<p>ARQUIVO DE POTENCIA +DPF +EGR +DTC+ LIMITADOR +DECODE ,2H6907311AB 0001 10SW0882991556NPIB<\/p>\n<p>2H6907311AB 0001 10SW0882991556NPIB 059907309J 2H6907311AB 10SW0882991556NPIB 10SW0044021556AP05 MEDC17 1793 EDC17_CP54 P1556 C1556APIB<\/p>\n<p><img loading=\"lazy\" decoding=\"async\" class=\"alignnone size-medium wp-image-948\" src=\"https:\/\/powerchip.com.br\/wp-content\/uploads\/2025\/11\/foto-de-zip-original--300x175.jpg\" alt=\"\" width=\"300\" height=\"175\" srcset=\"https:\/\/powerchip.com.br\/wp-content\/uploads\/2025\/11\/foto-de-zip-original--300x175.jpg 300w, https:\/\/powerchip.com.br\/wp-content\/uploads\/2025\/11\/foto-de-zip-original--600x350.jpg 600w, https:\/\/powerchip.com.br\/wp-content\/uploads\/2025\/11\/foto-de-zip-original-.jpg 727w\" sizes=\"auto, (max-width: 300px) 100vw, 300px\" \/><img loading=\"lazy\" decoding=\"async\" class=\"alignnone size-medium wp-image-963\" src=\"https:\/\/powerchip.com.br\/wp-content\/uploads\/2025\/11\/FOTO-LIMITADOR--300x170.jpg\" alt=\"\" width=\"300\" height=\"170\" srcset=\"https:\/\/powerchip.com.br\/wp-content\/uploads\/2025\/11\/FOTO-LIMITADOR--300x170.jpg 300w, https:\/\/powerchip.com.br\/wp-content\/uploads\/2025\/11\/FOTO-LIMITADOR--600x341.jpg 600w, https:\/\/powerchip.com.br\/wp-content\/uploads\/2025\/11\/FOTO-LIMITADOR-.jpg 733w\" sizes=\"auto, (max-width: 300px) 100vw, 300px\" \/><img loading=\"lazy\" decoding=\"async\" class=\"alignnone size-medium wp-image-947\" src=\"https:\/\/powerchip.com.br\/wp-content\/uploads\/2025\/11\/foto-de-zip-EGR--300x174.jpg\" alt=\"\" width=\"300\" height=\"174\" srcset=\"https:\/\/powerchip.com.br\/wp-content\/uploads\/2025\/11\/foto-de-zip-EGR--300x174.jpg 300w, https:\/\/powerchip.com.br\/wp-content\/uploads\/2025\/11\/foto-de-zip-EGR--600x348.jpg 600w, https:\/\/powerchip.com.br\/wp-content\/uploads\/2025\/11\/foto-de-zip-EGR-.jpg 733w\" sizes=\"auto, (max-width: 300px) 100vw, 300px\" \/><img loading=\"lazy\" decoding=\"async\" class=\"alignnone size-medium wp-image-943\" src=\"https:\/\/powerchip.com.br\/wp-content\/uploads\/2025\/11\/foto-de-zip-potencia-1-1-300x170.jpg\" alt=\"\" width=\"300\" height=\"170\" srcset=\"https:\/\/powerchip.com.br\/wp-content\/uploads\/2025\/11\/foto-de-zip-potencia-1-1-300x170.jpg 300w, https:\/\/powerchip.com.br\/wp-content\/uploads\/2025\/11\/foto-de-zip-potencia-1-1-600x341.jpg 600w, https:\/\/powerchip.com.br\/wp-content\/uploads\/2025\/11\/foto-de-zip-potencia-1-1.jpg 733w\" sizes=\"auto, (max-width: 300px) 100vw, 300px\" \/><img loading=\"lazy\" decoding=\"async\" class=\"alignnone size-medium wp-image-360\" src=\"https:\/\/powerchip.com.br\/wp-content\/uploads\/2025\/10\/foto-de-zip-INJECAO-DECODE--300x198.jpg\" alt=\"\" width=\"300\" height=\"198\" srcset=\"https:\/\/powerchip.com.br\/wp-content\/uploads\/2025\/10\/foto-de-zip-INJECAO-DECODE--300x198.jpg 300w, https:\/\/powerchip.com.br\/wp-content\/uploads\/2025\/10\/foto-de-zip-INJECAO-DECODE--768x506.jpg 768w, https:\/\/powerchip.com.br\/wp-content\/uploads\/2025\/10\/foto-de-zip-INJECAO-DECODE--600x396.jpg 600w, https:\/\/powerchip.com.br\/wp-content\/uploads\/2025\/10\/foto-de-zip-INJECAO-DECODE-.jpg 775w\" sizes=\"auto, (max-width: 300px) 100vw, 300px\" \/><strong><img loading=\"lazy\" decoding=\"async\" class=\"alignnone size-medium wp-image-1047\" src=\"https:\/\/powerchip.com.br\/wp-content\/uploads\/2025\/11\/FOTO-ZIP-DTC-OFF--300x172.jpg\" sizes=\"auto, (max-width: 300px) 100vw, 300px\" srcset=\"https:\/\/powerchip.com.br\/wp-content\/uploads\/2025\/11\/FOTO-ZIP-DTC-OFF--300x172.jpg 300w, https:\/\/powerchip.com.br\/wp-content\/uploads\/2025\/11\/FOTO-ZIP-DTC-OFF--600x344.jpg 600w, https:\/\/powerchip.com.br\/wp-content\/uploads\/2025\/11\/FOTO-ZIP-DTC-OFF-.jpg 732w\" alt=\"\" width=\"300\" height=\"172\" \/><\/strong><strong><img loading=\"lazy\" decoding=\"async\" class=\"alignnone size-medium wp-image-944\" src=\"https:\/\/powerchip.com.br\/wp-content\/uploads\/2025\/11\/foto-de-zip-catalizador--300x174.jpg\" alt=\"\" width=\"300\" height=\"174\" srcset=\"https:\/\/powerchip.com.br\/wp-content\/uploads\/2025\/11\/foto-de-zip-catalizador--300x174.jpg 300w, https:\/\/powerchip.com.br\/wp-content\/uploads\/2025\/11\/foto-de-zip-catalizador--600x348.jpg 600w, https:\/\/powerchip.com.br\/wp-content\/uploads\/2025\/11\/foto-de-zip-catalizador-.jpg 733w\" sizes=\"auto, (max-width: 300px) 100vw, 300px\" \/><\/strong><\/p>\n","protected":false},"featured_media":381,"template":"","meta":{"_joinchat":[]},"product_brand":[],"product_cat":[32],"product_tag":[1353,1356,1357,1399,1354,562,1352,1355,785,1361,127,117,119,1359,527,118,1187,1358,1360,137],"class_list":{"0":"post-1117","1":"product","2":"type-product","3":"status-publish","4":"has-post-thumbnail","6":"product_cat-vw","7":"product_tag-1353","8":"product_tag-059907309j","9":"product_tag-10sw0044021556ap05","10":"product_tag-10sw08829915","11":"product_tag-10sw0882991556npib","12":"product_tag-562","13":"product_tag-2h6907311ab","14":"product_tag-amarok-3-0","15":"product_tag-arquivo-de-potencia","16":"product_tag-c1556apib","17":"product_tag-decode","18":"product_tag-dpf","19":"product_tag-dtc","20":"product_tag-edc17_cp54","21":"product_tag-edc17c54","22":"product_tag-egr","23":"product_tag-limitador","24":"product_tag-medc17","25":"product_tag-p1556","26":"product_tag-v6","28":"first","29":"instock","30":"downloadable","31":"virtual","32":"purchasable","33":"product-type-simple"},"jetpack_sharing_enabled":true,"_links":{"self":[{"href":"https:\/\/powerchip.com.br\/index.php\/wp-json\/wp\/v2\/product\/1117","targetHints":{"allow":["GET"]}}],"collection":[{"href":"https:\/\/powerchip.com.br\/index.php\/wp-json\/wp\/v2\/product"}],"about":[{"href":"https:\/\/powerchip.com.br\/index.php\/wp-json\/wp\/v2\/types\/product"}],"wp:featuredmedia":[{"embeddable":true,"href":"https:\/\/powerchip.com.br\/index.php\/wp-json\/wp\/v2\/media\/381"}],"wp:attachment":[{"href":"https:\/\/powerchip.com.br\/index.php\/wp-json\/wp\/v2\/media?parent=1117"}],"wp:term":[{"taxonomy":"product_brand","embeddable":true,"href":"https:\/\/powerchip.com.br\/index.php\/wp-json\/wp\/v2\/product_brand?post=1117"},{"taxonomy":"product_cat","embeddable":true,"href":"https:\/\/powerchip.com.br\/index.php\/wp-json\/wp\/v2\/product_cat?post=1117"},{"taxonomy":"product_tag","embeddable":true,"href":"https:\/\/powerchip.com.br\/index.php\/wp-json\/wp\/v2\/product_tag?post=1117"}],"curies":[{"name":"wp","href":"https:\/\/api.w.org\/{rel}","templated":true}]}}