{"id":1019,"date":"2025-11-15T15:45:01","date_gmt":"2025-11-15T15:45:01","guid":{"rendered":"https:\/\/powerchip.com.br\/?post_type=product&#038;p=1019"},"modified":"2025-11-17T12:15:22","modified_gmt":"2025-11-17T12:15:22","slug":"arquivo-para-potencia-decode-original-para-modulo-injecao-0261204740-1037358779-377906021dq-mp90-hs9702-mp9-0-damos5-050500-s-c82a","status":"publish","type":"product","link":"https:\/\/powerchip.com.br\/index.php\/produto\/arquivo-para-potencia-decode-original-para-modulo-injecao-0261204740-1037358779-377906021dq-mp90-hs9702-mp9-0-damos5-050500-s-c82a\/","title":{"rendered":"ARQUIVO PARA POT\u00caNCIA , DECODE, ORIGINAL  para  modulo inje\u00e7\u00e3o 0261204740 1037358779  377906021DQ  MP90 HS9702 MP9.0 DAMOS5 050500-S  C82A"},"content":{"rendered":"<p>GOL 1.0 8V<\/p>\n<p>CHECSUM ORIGINAL C82A<\/p>\n<p>NUMERO MODULO 0261204740<\/p>\n<p>&nbsp;<\/p>\n<p>ARQUIVO PARA POT\u00caNCIA , DECODE, ORIGINAL para modulo inje\u00e7\u00e3o 0261204740 1037358779 377906021DQ MP90 HS9702 MP9.0 DAMOS5 050500-S C82A<\/p>\n<p><img loading=\"lazy\" decoding=\"async\" class=\"alignnone size-full wp-image-1040\" src=\"https:\/\/powerchip.com.br\/wp-content\/uploads\/2025\/11\/alto-falante.jpg\" alt=\"\" width=\"67\" height=\"55\" \/>ATEN\u00c7\u00c3O: O arquivo\u00a0 \u00e9 o\u00a0 mesmo para as mem\u00f3rias, tanto Dip quanto\u00a0 Plcc.<\/p>\n<p>&nbsp;<\/p>\n<p>&#8212;&#8212;&#8212;&#8212;&#8212;&#8212;&#8212;&#8212;&#8212;&#8212;&#8212;&#8212;&#8212;&#8212;&#8212;&#8212;&#8212;&#8212;&#8212;&#8212;&#8212;&#8212;&#8212;&#8212;&#8212;&#8212;&#8212;&#8212;&#8212;&#8212;&#8212;&#8212;-<\/p>\n<p>Voc\u00ea receber\u00e1 um link com\u00a0 \u00a0 <img loading=\"lazy\" decoding=\"async\" class=\"alignnone size-full wp-image-1042\" src=\"https:\/\/powerchip.com.br\/wp-content\/uploads\/2025\/11\/pistao.jpg\" alt=\"\" width=\"17\" height=\"41\" \/> \u00a0arquivo\u00a0 \u00a0compactado\u00a0 para baixar\u00a0 ap\u00f3s pagar, contendo:<\/p>\n<p><img loading=\"lazy\" decoding=\"async\" class=\"alignnone size-full wp-image-1039\" src=\"https:\/\/powerchip.com.br\/wp-content\/uploads\/2025\/11\/veja-acima.jpg\" alt=\"\" width=\"21\" height=\"34\" \/><\/p>\n<p>&nbsp;<\/p>\n<p><img loading=\"lazy\" decoding=\"async\" class=\"alignnone size-full wp-image-1042\" src=\"https:\/\/powerchip.com.br\/wp-content\/uploads\/2025\/11\/pistao.jpg\" alt=\"\" width=\"17\" height=\"41\" \/> KOMBI 0261204740 1037358779 C82A ARQUIVO\u00a0 POT\u00caNCIA .<\/p>\n<p><img loading=\"lazy\" decoding=\"async\" class=\"alignnone size-full wp-image-1042\" src=\"https:\/\/powerchip.com.br\/wp-content\/uploads\/2025\/11\/pistao.jpg\" alt=\"\" width=\"17\" height=\"41\" \/><img loading=\"lazy\" decoding=\"async\" class=\"alignnone size-full wp-image-1042\" src=\"https:\/\/powerchip.com.br\/wp-content\/uploads\/2025\/11\/pistao.jpg\" alt=\"\" width=\"17\" height=\"41\" \/> KOMBI 0261204740 1037358779 C82A\u00a0 ARQUIVO ORIGINAL.<\/p>\n<p><img loading=\"lazy\" decoding=\"async\" class=\"alignnone size-full wp-image-1042\" src=\"https:\/\/powerchip.com.br\/wp-content\/uploads\/2025\/11\/pistao.jpg\" alt=\"\" width=\"17\" height=\"41\" \/><img loading=\"lazy\" decoding=\"async\" class=\"alignnone size-full wp-image-1042\" src=\"https:\/\/powerchip.com.br\/wp-content\/uploads\/2025\/11\/pistao.jpg\" alt=\"\" width=\"17\" height=\"41\" \/><img loading=\"lazy\" decoding=\"async\" class=\"alignnone size-full wp-image-1042\" src=\"https:\/\/powerchip.com.br\/wp-content\/uploads\/2025\/11\/pistao.jpg\" alt=\"\" width=\"17\" height=\"41\" \/> KOMBI\u00a0 0261204740 1037358779\u00a0 C82A\u00a0 ARQUIVO PARA USAR \u00c1LCOOL<\/p>\n<p><a href=\"https:\/\/powerchip.com.br\/index.php\/arquivo-destinado-a-profissionais\/\">Arquivo destinado a profissionais<\/a>.<\/p>\n<p><a href=\"https:\/\/powerchip.com.br\/index.php\/como-usar-o-arquivo-comprado\/\">Como usar o arquivo<\/a>.<\/p>\n<p><a href=\"https:\/\/powerchip.com.br\/index.php\/como-comprar\/\">Como comprar<\/a><\/p>\n<p>&nbsp;<\/p>\n<p>&nbsp;<\/p>\n<p>&nbsp;<\/p>\n<p>&nbsp;<\/p>\n<p><img loading=\"lazy\" decoding=\"async\" class=\"alignnone size-medium wp-image-1014\" src=\"https:\/\/powerchip.com.br\/wp-content\/uploads\/2025\/11\/foto-DIP.jpg\" alt=\"\" width=\"221\" height=\"169\" \/><img loading=\"lazy\" decoding=\"async\" class=\"alignnone size-full wp-image-1015\" src=\"https:\/\/powerchip.com.br\/wp-content\/uploads\/2025\/11\/foto-PLCC.jpg\" alt=\"\" width=\"254\" height=\"220\" \/><img loading=\"lazy\" decoding=\"async\" class=\"alignnone size-medium wp-image-948\" src=\"https:\/\/powerchip.com.br\/wp-content\/uploads\/2025\/11\/foto-de-zip-original--300x175.jpg\" alt=\"\" width=\"300\" height=\"175\" srcset=\"https:\/\/powerchip.com.br\/wp-content\/uploads\/2025\/11\/foto-de-zip-original--300x175.jpg 300w, https:\/\/powerchip.com.br\/wp-content\/uploads\/2025\/11\/foto-de-zip-original--600x350.jpg 600w, https:\/\/powerchip.com.br\/wp-content\/uploads\/2025\/11\/foto-de-zip-original-.jpg 727w\" sizes=\"auto, (max-width: 300px) 100vw, 300px\" \/><img loading=\"lazy\" decoding=\"async\" class=\"alignnone size-medium wp-image-943\" src=\"https:\/\/powerchip.com.br\/wp-content\/uploads\/2025\/11\/foto-de-zip-potencia-1-1-300x170.jpg\" alt=\"\" width=\"300\" height=\"170\" srcset=\"https:\/\/powerchip.com.br\/wp-content\/uploads\/2025\/11\/foto-de-zip-potencia-1-1-300x170.jpg 300w, https:\/\/powerchip.com.br\/wp-content\/uploads\/2025\/11\/foto-de-zip-potencia-1-1-600x341.jpg 600w, https:\/\/powerchip.com.br\/wp-content\/uploads\/2025\/11\/foto-de-zip-potencia-1-1.jpg 733w\" sizes=\"auto, (max-width: 300px) 100vw, 300px\" \/><img loading=\"lazy\" decoding=\"async\" class=\"alignnone size-medium wp-image-360\" src=\"https:\/\/powerchip.com.br\/wp-content\/uploads\/2025\/10\/foto-de-zip-INJECAO-DECODE--300x198.jpg\" alt=\"\" width=\"300\" height=\"198\" srcset=\"https:\/\/powerchip.com.br\/wp-content\/uploads\/2025\/10\/foto-de-zip-INJECAO-DECODE--300x198.jpg 300w, https:\/\/powerchip.com.br\/wp-content\/uploads\/2025\/10\/foto-de-zip-INJECAO-DECODE--768x506.jpg 768w, https:\/\/powerchip.com.br\/wp-content\/uploads\/2025\/10\/foto-de-zip-INJECAO-DECODE--600x396.jpg 600w, https:\/\/powerchip.com.br\/wp-content\/uploads\/2025\/10\/foto-de-zip-INJECAO-DECODE-.jpg 775w\" sizes=\"auto, (max-width: 300px) 100vw, 300px\" \/><img loading=\"lazy\" decoding=\"async\" class=\"alignnone size-full wp-image-645\" src=\"https:\/\/powerchip.com.br\/wp-content\/uploads\/2025\/11\/soic-8-.jpg\" alt=\"\" width=\"246\" height=\"245\" srcset=\"https:\/\/powerchip.com.br\/wp-content\/uploads\/2025\/11\/soic-8-.jpg 246w, https:\/\/powerchip.com.br\/wp-content\/uploads\/2025\/11\/soic-8--150x150.jpg 150w, https:\/\/powerchip.com.br\/wp-content\/uploads\/2025\/11\/soic-8--100x100.jpg 100w\" sizes=\"auto, (max-width: 246px) 100vw, 246px\" \/><img loading=\"lazy\" decoding=\"async\" class=\"alignnone size-full wp-image-1018\" src=\"https:\/\/powerchip.com.br\/wp-content\/uploads\/2025\/11\/foto-MP9.jpg\" alt=\"\" width=\"196\" height=\"140\" \/><\/p>\n","protected":false},"excerpt":{"rendered":"<p>ARQUIVO PARA POT\u00caNCIA , DECODE, ORIGINAL para modulo inje\u00e7\u00e3o 0261204740 1037358779 377906021DQ MP90 HS9702 MP9.0 DAMOS5 050500-S C82A<\/p>\n<p>&nbsp;<\/p>\n<p><img loading=\"lazy\" decoding=\"async\" class=\"alignnone size-medium wp-image-1014\" src=\"https:\/\/powerchip.com.br\/wp-content\/uploads\/2025\/11\/foto-DIP.jpg\" alt=\"\" width=\"221\" height=\"169\" \/><img loading=\"lazy\" decoding=\"async\" class=\"alignnone size-full wp-image-1015\" src=\"https:\/\/powerchip.com.br\/wp-content\/uploads\/2025\/11\/foto-PLCC.jpg\" alt=\"\" width=\"254\" height=\"220\" \/><img loading=\"lazy\" decoding=\"async\" class=\"alignnone size-medium wp-image-948\" src=\"https:\/\/powerchip.com.br\/wp-content\/uploads\/2025\/11\/foto-de-zip-original--300x175.jpg\" alt=\"\" width=\"300\" height=\"175\" srcset=\"https:\/\/powerchip.com.br\/wp-content\/uploads\/2025\/11\/foto-de-zip-original--300x175.jpg 300w, https:\/\/powerchip.com.br\/wp-content\/uploads\/2025\/11\/foto-de-zip-original--600x350.jpg 600w, https:\/\/powerchip.com.br\/wp-content\/uploads\/2025\/11\/foto-de-zip-original-.jpg 727w\" sizes=\"auto, (max-width: 300px) 100vw, 300px\" \/><img loading=\"lazy\" decoding=\"async\" class=\"alignnone size-medium wp-image-943\" src=\"https:\/\/powerchip.com.br\/wp-content\/uploads\/2025\/11\/foto-de-zip-potencia-1-1-300x170.jpg\" alt=\"\" width=\"300\" height=\"170\" srcset=\"https:\/\/powerchip.com.br\/wp-content\/uploads\/2025\/11\/foto-de-zip-potencia-1-1-300x170.jpg 300w, https:\/\/powerchip.com.br\/wp-content\/uploads\/2025\/11\/foto-de-zip-potencia-1-1-600x341.jpg 600w, https:\/\/powerchip.com.br\/wp-content\/uploads\/2025\/11\/foto-de-zip-potencia-1-1.jpg 733w\" sizes=\"auto, (max-width: 300px) 100vw, 300px\" \/><img loading=\"lazy\" decoding=\"async\" class=\"alignnone size-medium wp-image-360\" src=\"https:\/\/powerchip.com.br\/wp-content\/uploads\/2025\/10\/foto-de-zip-INJECAO-DECODE--300x198.jpg\" alt=\"\" width=\"300\" height=\"198\" srcset=\"https:\/\/powerchip.com.br\/wp-content\/uploads\/2025\/10\/foto-de-zip-INJECAO-DECODE--300x198.jpg 300w, https:\/\/powerchip.com.br\/wp-content\/uploads\/2025\/10\/foto-de-zip-INJECAO-DECODE--768x506.jpg 768w, https:\/\/powerchip.com.br\/wp-content\/uploads\/2025\/10\/foto-de-zip-INJECAO-DECODE--600x396.jpg 600w, https:\/\/powerchip.com.br\/wp-content\/uploads\/2025\/10\/foto-de-zip-INJECAO-DECODE-.jpg 775w\" sizes=\"auto, (max-width: 300px) 100vw, 300px\" \/><img loading=\"lazy\" decoding=\"async\" class=\"alignnone size-full wp-image-645\" src=\"https:\/\/powerchip.com.br\/wp-content\/uploads\/2025\/11\/soic-8-.jpg\" alt=\"\" width=\"246\" height=\"245\" srcset=\"https:\/\/powerchip.com.br\/wp-content\/uploads\/2025\/11\/soic-8-.jpg 246w, https:\/\/powerchip.com.br\/wp-content\/uploads\/2025\/11\/soic-8--150x150.jpg 150w, https:\/\/powerchip.com.br\/wp-content\/uploads\/2025\/11\/soic-8--100x100.jpg 100w\" sizes=\"auto, (max-width: 246px) 100vw, 246px\" \/><img loading=\"lazy\" decoding=\"async\" class=\"alignnone size-full wp-image-1018\" src=\"https:\/\/powerchip.com.br\/wp-content\/uploads\/2025\/11\/foto-MP9.jpg\" alt=\"\" width=\"196\" height=\"140\" \/><\/p>\n","protected":false},"featured_media":1018,"template":"","meta":{"_joinchat":[]},"product_brand":[],"product_cat":[32],"product_tag":[1105,1112,1106,1107,1113,1111,1109,1110,1108],"class_list":{"0":"post-1019","1":"product","2":"type-product","3":"status-publish","4":"has-post-thumbnail","6":"product_cat-vw","7":"product_tag-1105","8":"product_tag-050500-s","9":"product_tag-1106","10":"product_tag-377906021dq","11":"product_tag-c82a","12":"product_tag-damos5","13":"product_tag-hs9702","14":"product_tag-mp9-0","15":"product_tag-mp90","17":"first","18":"instock","19":"downloadable","20":"virtual","21":"purchasable","22":"product-type-simple"},"jetpack_sharing_enabled":true,"_links":{"self":[{"href":"https:\/\/powerchip.com.br\/index.php\/wp-json\/wp\/v2\/product\/1019","targetHints":{"allow":["GET"]}}],"collection":[{"href":"https:\/\/powerchip.com.br\/index.php\/wp-json\/wp\/v2\/product"}],"about":[{"href":"https:\/\/powerchip.com.br\/index.php\/wp-json\/wp\/v2\/types\/product"}],"wp:featuredmedia":[{"embeddable":true,"href":"https:\/\/powerchip.com.br\/index.php\/wp-json\/wp\/v2\/media\/1018"}],"wp:attachment":[{"href":"https:\/\/powerchip.com.br\/index.php\/wp-json\/wp\/v2\/media?parent=1019"}],"wp:term":[{"taxonomy":"product_brand","embeddable":true,"href":"https:\/\/powerchip.com.br\/index.php\/wp-json\/wp\/v2\/product_brand?post=1019"},{"taxonomy":"product_cat","embeddable":true,"href":"https:\/\/powerchip.com.br\/index.php\/wp-json\/wp\/v2\/product_cat?post=1019"},{"taxonomy":"product_tag","embeddable":true,"href":"https:\/\/powerchip.com.br\/index.php\/wp-json\/wp\/v2\/product_tag?post=1019"}],"curies":[{"name":"wp","href":"https:\/\/api.w.org\/{rel}","templated":true}]}}