{"id":17,"date":"2025-10-18T22:07:39","date_gmt":"2025-10-18T22:07:39","guid":{"rendered":"https:\/\/powerchip.com.br\/index.php\/minha-conta\/"},"modified":"2025-10-26T11:24:52","modified_gmt":"2025-10-26T11:24:52","slug":"minha-conta","status":"publish","type":"page","link":"https:\/\/powerchip.com.br\/index.php\/minha-conta\/","title":{"rendered":"Minha conta"},"content":{"rendered":"<div class=\"woocommerce\"><\/div>\n\n\n\n<div class=\"wp-block-group is-nowrap is-layout-flex wp-container-core-group-is-layout-6c531013 wp-block-group-is-layout-flex\">\n<figure class=\"wp-block-image\"><a href=\"https:\/\/powerchip.com.br\/\"><img loading=\"lazy\" decoding=\"async\" width=\"620\" height=\"234\" src=\"https:\/\/powerchip.com.br\/wp-content\/uploads\/2025\/10\/logo-powerchip.png\" alt=\"\" class=\"wp-image-71\"\/><\/a><\/figure>\n\n\n\n<ul class=\"wp-block-list\">\n<li><a href=\"https:\/\/powerchip.com.br\/index.php\/blog\/\">Blog<\/a><\/li>\n\n\n\n<li><a href=\"https:\/\/powerchip.com.br\/index.php\/sobre\/\">Sobre<\/a><\/li>\n\n\n\n<li><a href=\"https:\/\/powerchip.com.br\/index.php\/perguntas-frequentes\/\">Perguntas frequentes<\/a><\/li>\n\n\n\n<li><a href=\"https:\/\/powerchip.com.br\/index.php\/autores\/\">Autores<\/a><\/li>\n\n\n\n<li><a href=\"https:\/\/powerchip.com.br\/index.php\/pagar\/historico-de-pedidos\/\">Hist\u00f3rico de pedidos<\/a><\/li>\n\n\n\n<li><a href=\"https:\/\/powerchip.com.br\/index.php\/termos-e-condicoes\/\">Termos e condi\u00e7\u00f5es<\/a><\/li>\n\n\n\n<li><a href=\"https:\/\/powerchip.com.br\/index.php\/este-formulario-e-para-contato-de-potenciais-clientes\/\">Este formul\u00e1rio \u00e9 para contato de potenciais clientes.<\/a><\/li>\n<\/ul>\n<\/div>\n\n\n\n<ul class=\"wp-block-list\">\n<li><a href=\"https:\/\/powerchip.com.br\/index.php\/loja\/\">Produtos<\/a><\/li>\n\n\n\n<li><a href=\"https:\/\/powerchip.com.br\/index.php\/privacy-policy\/\">Pol\u00edtica de Privacidade<\/a><\/li>\n\n\n\n<li><a href=\"https:\/\/powerchip.com.br\/index.php\/padroes\/\">Padr\u00f5es<\/a><\/li>\n\n\n\n<li><a href=\"https:\/\/powerchip.com.br\/index.php\/reembolso_devolucoes\/\">Pol\u00edtica de reembolso e devolu\u00e7\u00f5es<\/a><\/li>\n\n\n\n<li><a href=\"https:\/\/powerchip.com.br\/index.php\/perguntas-frequentes\/\">Perguntas frequentes<\/a><\/li>\n\n\n\n<li><a href=\"https:\/\/powerchip.com.br\/index.php\/temas\/\">Temas<\/a><\/li>\n\n\n\n<li><a href=\"https:\/\/powerchip.com.br\/index.php\/eventos\/\">Eventos<\/a><\/li>\n<\/ul>\n","protected":false},"excerpt":{"rendered":"","protected":false},"author":1,"featured_media":0,"parent":0,"menu_order":0,"comment_status":"closed","ping_status":"closed","template":"","meta":{"_joinchat":[],"footnotes":""},"class_list":["post-17","page","type-page","status-publish","hentry"],"jetpack_sharing_enabled":true,"_links":{"self":[{"href":"https:\/\/powerchip.com.br\/index.php\/wp-json\/wp\/v2\/pages\/17","targetHints":{"allow":["GET"]}}],"collection":[{"href":"https:\/\/powerchip.com.br\/index.php\/wp-json\/wp\/v2\/pages"}],"about":[{"href":"https:\/\/powerchip.com.br\/index.php\/wp-json\/wp\/v2\/types\/page"}],"author":[{"embeddable":true,"href":"https:\/\/powerchip.com.br\/index.php\/wp-json\/wp\/v2\/users\/1"}],"replies":[{"embeddable":true,"href":"https:\/\/powerchip.com.br\/index.php\/wp-json\/wp\/v2\/comments?post=17"}],"version-history":[{"count":2,"href":"https:\/\/powerchip.com.br\/index.php\/wp-json\/wp\/v2\/pages\/17\/revisions"}],"predecessor-version":[{"id":417,"href":"https:\/\/powerchip.com.br\/index.php\/wp-json\/wp\/v2\/pages\/17\/revisions\/417"}],"wp:attachment":[{"href":"https:\/\/powerchip.com.br\/index.php\/wp-json\/wp\/v2\/media?parent=17"}],"curies":[{"name":"wp","href":"https:\/\/api.w.org\/{rel}","templated":true}]}}