{"id":146,"date":"2025-10-19T13:55:07","date_gmt":"2025-10-19T13:55:07","guid":{"rendered":"https:\/\/powerchip.com.br\/?page_id=146"},"modified":"2025-10-26T11:18:13","modified_gmt":"2025-10-26T11:18:13","slug":"eventos","status":"publish","type":"page","link":"https:\/\/powerchip.com.br\/index.php\/eventos\/","title":{"rendered":"Eventos"},"content":{"rendered":"\n<div class=\"wp-block-group alignfull is-style-section-2 has-global-padding is-layout-constrained wp-block-group-is-layout-constrained is-style-section-2--1\" style=\"margin-top:0;margin-bottom:0;padding-top:var(--wp--preset--spacing--60);padding-bottom:var(--wp--preset--spacing--60)\">\n<div class=\"wp-block-columns alignwide is-layout-flex wp-container-core-columns-is-layout-643ced6b wp-block-columns-is-layout-flex\">\n<div class=\"wp-block-column is-layout-flow wp-block-column-is-layout-flow\" style=\"flex-basis:40%\">\n<figure class=\"wp-block-image size-full\"><img loading=\"lazy\" decoding=\"async\" width=\"915\" height=\"901\" src=\"https:\/\/powerchip.com.br\/wp-content\/uploads\/2025\/10\/MSpowerchip-google.jpg\" alt=\"\" class=\"wp-image-149\" srcset=\"https:\/\/powerchip.com.br\/wp-content\/uploads\/2025\/10\/MSpowerchip-google.jpg 915w, https:\/\/powerchip.com.br\/wp-content\/uploads\/2025\/10\/MSpowerchip-google-300x295.jpg 300w, https:\/\/powerchip.com.br\/wp-content\/uploads\/2025\/10\/MSpowerchip-google-768x756.jpg 768w, https:\/\/powerchip.com.br\/wp-content\/uploads\/2025\/10\/MSpowerchip-google-600x591.jpg 600w\" sizes=\"auto, (max-width: 915px) 100vw, 915px\" \/><\/figure>\n<\/div>\n\n\n\n<div class=\"wp-block-column is-vertically-aligned-center is-layout-flow wp-container-core-column-is-layout-119bc444 wp-block-column-is-layout-flow\" style=\"flex-basis:60%\">\n<h2 class=\"wp-block-heading has-xx-large-font-size\">O Podcast de Hist\u00f3rias<\/h2>\n\n\n\n<p>Conta\u00e7\u00e3o de hist\u00f3rias, an\u00e1lises de especialistas e descri\u00e7\u00f5es v\u00edvidas. O Podcast de Hist\u00f3rias d\u00e1 vida \u00e0 hist\u00f3ria, tornando-a acess\u00edvel e envolvente a uma audi\u00eancia global.<\/p>\n\n\n\n<div class=\"wp-block-group is-vertical is-layout-flex wp-container-core-group-is-layout-41e20069 wp-block-group-is-layout-flex\">\n<h3 class=\"wp-block-heading has-small-font-size\" style=\"font-style:normal;font-weight:600;letter-spacing:1px;text-transform:uppercase\">Assine na sua plataforma favorita<\/h3>\n\n\n\n<div class=\"wp-block-group is-layout-flex wp-block-group-is-layout-flex\">\n<p class=\"is-style-text-annotation is-style-text-annotation--2\"><a href=\"#\">YouTube<\/a><\/p>\n\n\n\n<p class=\"is-style-text-annotation is-style-text-annotation--3\"><a href=\"#\">Apple Podcasts<\/a><\/p>\n\n\n\n<p class=\"is-style-text-annotation is-style-text-annotation--4\"><a href=\"#\">Spotify<\/a><\/p>\n\n\n\n<p class=\"is-style-text-annotation is-style-text-annotation--5\"><a href=\"#\">Pocket Casts<\/a><\/p>\n\n\n\n<p class=\"is-style-text-annotation is-style-text-annotation--6\"><a href=\"#\">RSS<\/a><\/p>\n<\/div>\n<\/div>\n<\/div>\n<\/div>\n<\/div>\n\n\n\n<div class=\"wp-block-group alignfull is-style-section-5 has-global-padding is-layout-constrained wp-block-group-is-layout-constrained is-style-section-5--7\" style=\"margin-top:0;margin-bottom:0;padding-top:var(--wp--preset--spacing--50);padding-bottom:var(--wp--preset--spacing--50)\">\n<div class=\"wp-block-columns alignwide is-layout-flex wp-container-core-columns-is-layout-7ee84d44 wp-block-columns-is-layout-flex\">\n<div class=\"wp-block-column is-vertically-aligned-center is-layout-flow wp-block-column-is-layout-flow\" style=\"flex-basis:50%\">\n<h2 class=\"wp-block-heading\">\n\t\t\t\tSobre o evento\t\t\t<\/h2>\n\n\n\n<p class=\"has-medium-font-size\">powerchip<\/p>\n<\/div>\n\n\n\n<div class=\"wp-block-column is-vertically-aligned-center is-layout-flow wp-block-column-is-layout-flow\" style=\"flex-basis:50%\">\n<figure class=\"wp-block-image size-full\"><img loading=\"lazy\" decoding=\"async\" width=\"1024\" height=\"1024\" src=\"https:\/\/powerchip.com.br\/wp-content\/uploads\/2025\/10\/aguardem-6.png\" alt=\"\" class=\"wp-image-134\" style=\"aspect-ratio:1;object-fit:cover\" srcset=\"https:\/\/powerchip.com.br\/wp-content\/uploads\/2025\/10\/aguardem-6.png 1024w, https:\/\/powerchip.com.br\/wp-content\/uploads\/2025\/10\/aguardem-6-300x300.png 300w, https:\/\/powerchip.com.br\/wp-content\/uploads\/2025\/10\/aguardem-6-150x150.png 150w, https:\/\/powerchip.com.br\/wp-content\/uploads\/2025\/10\/aguardem-6-768x768.png 768w, https:\/\/powerchip.com.br\/wp-content\/uploads\/2025\/10\/aguardem-6-600x600.png 600w, https:\/\/powerchip.com.br\/wp-content\/uploads\/2025\/10\/aguardem-6-100x100.png 100w\" sizes=\"auto, (max-width: 1024px) 100vw, 1024px\" \/><\/figure>\n<\/div>\n<\/div>\n<\/div>\n\n\n\n<div class=\"wp-block-group alignfull is-style-section-1 has-global-padding is-layout-constrained wp-block-group-is-layout-constrained is-style-section-1--8\" style=\"margin-top:0;margin-bottom:0;padding-top:var(--wp--preset--spacing--80);padding-bottom:var(--wp--preset--spacing--80)\">\n<h2 class=\"wp-block-heading has-text-align-center\">O Podcast de Hist\u00f3rias \u00e9 patrocinado por<\/h2>\n\n\n\n<div style=\"height:var(--wp--preset--spacing--30)\" aria-hidden=\"true\" class=\"wp-block-spacer\"><\/div>\n\n\n\n<div class=\"wp-block-group alignwide is-content-justification-center is-layout-flex wp-container-core-group-is-layout-2c471116 wp-block-group-is-layout-flex\">\n\n\n\n\n\n\n\n<\/div>\n<\/div>\n\n\n\n<div class=\"wp-block-group alignfull has-global-padding is-layout-constrained wp-container-core-group-is-layout-ebee8dc1 wp-block-group-is-layout-constrained\" style=\"margin-top:0;margin-bottom:0;padding-top:var(--wp--preset--spacing--50);padding-bottom:var(--wp--preset--spacing--50)\">\n<div class=\"wp-block-group alignwide is-content-justification-space-between is-layout-flex wp-container-core-group-is-layout-9366075c wp-block-group-is-layout-flex\">\n<h2 class=\"wp-block-heading alignwide has-text-align-left is-style-text-subtitle has-x-large-font-size is-style-text-subtitle--9\">Explore os epis\u00f3dios<\/h2>\n\n\n\n<p class=\"is-style-text-annotation is-style-text-annotation--10\">Podcast<\/p>\n<\/div>\n\n\n\n<div class=\"wp-block-group alignwide is-layout-grid wp-container-core-group-is-layout-1ce758a5 wp-block-group-is-layout-grid\">\n<figure class=\"wp-block-video\"><\/figure>\n\n\n\n<figure class=\"wp-block-video\"><\/figure>\n\n\n\n<figure class=\"wp-block-video\"><\/figure>\n\n\n\n<figure class=\"wp-block-video\"><\/figure>\n\n\n\n<figure class=\"wp-block-video\"><\/figure>\n\n\n\n<figure class=\"wp-block-video\"><\/figure>\n<\/div>\n<\/div>\n\n\n\n<aside class=\"wp-block-group alignfull is-style-section-3 has-global-padding is-layout-constrained wp-container-core-group-is-layout-f0f2a97b wp-block-group-is-layout-constrained is-style-section-3--11\" style=\"margin-top:0;margin-bottom:0;padding-top:var(--wp--preset--spacing--50);padding-right:var(--wp--preset--spacing--50);padding-bottom:var(--wp--preset--spacing--50);padding-left:var(--wp--preset--spacing--50)\">\n<div class=\"wp-block-group is-vertical is-content-justification-center is-layout-flex wp-container-core-group-is-layout-8778ca4a wp-block-group-is-layout-flex\" style=\"min-height:360px;margin-top:0;margin-bottom:0\">\n<h2 class=\"wp-block-heading has-text-align-center has-xx-large-font-size\">Registre-se para receber hist\u00f3rias diariamente<\/h2>\n\n\n\n<p class=\"has-text-align-center is-style-text-subtitle is-style-text-subtitle--12\">Obtenha o acesso a uma sele\u00e7\u00e3o de momentos marcantes com fotografias de relev\u00e2ncia hist\u00f3rica.<\/p>\n\n\n\n<div style=\"height:0px\" aria-hidden=\"true\" class=\"wp-block-spacer wp-container-content-62aae154\"><\/div>\n\n\n\n<div class=\"wp-block-buttons is-content-justification-center is-layout-flex wp-container-core-buttons-is-layout-a89b3969 wp-block-buttons-is-layout-flex\">\n<div class=\"wp-block-button\"><a class=\"wp-block-button__link has-text-align-center wp-element-button\">Assinar<\/a><\/div>\n<\/div>\n<\/div>\n<\/aside>\n\n\n\n<div class=\"wp-block-group is-nowrap is-layout-flex wp-container-core-group-is-layout-6c531013 wp-block-group-is-layout-flex\">\n<figure class=\"wp-block-image\"><a href=\"https:\/\/powerchip.com.br\/index.php\/\"><img loading=\"lazy\" decoding=\"async\" width=\"620\" height=\"234\" src=\"https:\/\/powerchip.com.br\/wp-content\/uploads\/2025\/10\/logo-powerchip.png\" alt=\"\" class=\"wp-image-71\"\/><\/a><\/figure>\n\n\n\n<ul class=\"wp-block-list\">\n<li><a href=\"https:\/\/powerchip.com.br\/index.php\/blog\/\">Blog<\/a><\/li>\n\n\n\n<li><a href=\"https:\/\/powerchip.com.br\/index.php\/sobre\/\">Sobre<\/a><\/li>\n\n\n\n<li><a href=\"https:\/\/powerchip.com.br\/index.php\/perguntas-frequentes\/\">Perguntas frequentes<\/a><\/li>\n\n\n\n<li><a href=\"https:\/\/powerchip.com.br\/index.php\/autores\/\">Autores<\/a><\/li>\n\n\n\n<li><a href=\"https:\/\/powerchip.com.br\/index.php\/pagar\/historico-de-pedidos\/\">Hist\u00f3rico de pedidos<\/a><\/li>\n\n\n\n<li><a href=\"https:\/\/powerchip.com.br\/index.php\/termos-e-condicoes\/\">Termos e condi\u00e7\u00f5es<\/a><\/li>\n\n\n\n<li><a href=\"https:\/\/powerchip.com.br\/index.php\/este-formulario-e-para-contato-de-potenciais-clientes\/\">Este formul\u00e1rio \u00e9 para contato de potenciais clientes.<\/a><\/li>\n<\/ul>\n<\/div>\n\n\n\n<ul class=\"wp-block-list\">\n<li><a href=\"https:\/\/powerchip.com.br\/index.php\/loja\/\">Produtos<\/a><\/li>\n\n\n\n<li><a href=\"https:\/\/powerchip.com.br\/index.php\/privacy-policy\/\">Pol\u00edtica de Privacidade<\/a><\/li>\n\n\n\n<li><a href=\"https:\/\/powerchip.com.br\/index.php\/padroes\/\">Padr\u00f5es<\/a><\/li>\n\n\n\n<li><a href=\"https:\/\/powerchip.com.br\/index.php\/reembolso_devolucoes\/\">Pol\u00edtica de reembolso e devolu\u00e7\u00f5es<\/a><\/li>\n\n\n\n<li><a href=\"https:\/\/powerchip.com.br\/index.php\/perguntas-frequentes\/\">Perguntas frequentes<\/a><\/li>\n\n\n\n<li><a href=\"https:\/\/powerchip.com.br\/index.php\/temas\/\">Temas<\/a><\/li>\n\n\n\n<li><a href=\"https:\/\/powerchip.com.br\/index.php\/eventos\/\">Eventos<\/a><\/li>\n<\/ul>\n\n\n\n<p><\/p>\n","protected":false},"excerpt":{"rendered":"<p>O Podcast de Hist\u00f3rias Conta\u00e7\u00e3o de hist\u00f3rias, an\u00e1lises de especialistas e descri\u00e7\u00f5es v\u00edvidas. O Podcast de Hist\u00f3rias d\u00e1 vida \u00e0 hist\u00f3ria, tornando-a acess\u00edvel e envolvente a uma audi\u00eancia global. Assine na sua plataforma favorita YouTube Apple Podcasts Spotify Pocket Casts RSS Sobre o evento powerchip O Podcast de Hist\u00f3rias \u00e9 patrocinado por Explore os epis\u00f3dios [&hellip;]<\/p>\n","protected":false},"author":1,"featured_media":0,"parent":0,"menu_order":0,"comment_status":"closed","ping_status":"closed","template":"","meta":{"_joinchat":[],"footnotes":""},"class_list":["post-146","page","type-page","status-publish","hentry"],"jetpack_sharing_enabled":true,"_links":{"self":[{"href":"https:\/\/powerchip.com.br\/index.php\/wp-json\/wp\/v2\/pages\/146","targetHints":{"allow":["GET"]}}],"collection":[{"href":"https:\/\/powerchip.com.br\/index.php\/wp-json\/wp\/v2\/pages"}],"about":[{"href":"https:\/\/powerchip.com.br\/index.php\/wp-json\/wp\/v2\/types\/page"}],"author":[{"embeddable":true,"href":"https:\/\/powerchip.com.br\/index.php\/wp-json\/wp\/v2\/users\/1"}],"replies":[{"embeddable":true,"href":"https:\/\/powerchip.com.br\/index.php\/wp-json\/wp\/v2\/comments?post=146"}],"version-history":[{"count":5,"href":"https:\/\/powerchip.com.br\/index.php\/wp-json\/wp\/v2\/pages\/146\/revisions"}],"predecessor-version":[{"id":410,"href":"https:\/\/powerchip.com.br\/index.php\/wp-json\/wp\/v2\/pages\/146\/revisions\/410"}],"wp:attachment":[{"href":"https:\/\/powerchip.com.br\/index.php\/wp-json\/wp\/v2\/media?parent=146"}],"curies":[{"name":"wp","href":"https:\/\/api.w.org\/{rel}","templated":true}]}}