{"id":142,"date":"2025-10-19T13:50:10","date_gmt":"2025-10-19T13:50:10","guid":{"rendered":"https:\/\/powerchip.com.br\/?page_id=142"},"modified":"2025-10-26T11:14:18","modified_gmt":"2025-10-26T11:14:18","slug":"autores","status":"publish","type":"page","link":"https:\/\/powerchip.com.br\/index.php\/autores\/","title":{"rendered":"Autores"},"content":{"rendered":"\n<p>Todos que a mais de 40 anos ajudaram a chegar at\u00e9 aqui, s\u00e3o os autores desse site.<\/p>\n\n\n\n<figure class=\"wp-block-image size-full\"><img loading=\"lazy\" decoding=\"async\" width=\"1024\" height=\"1024\" src=\"https:\/\/powerchip.com.br\/wp-content\/uploads\/2025\/10\/autores.png\" alt=\"\" class=\"wp-image-143\" srcset=\"https:\/\/powerchip.com.br\/wp-content\/uploads\/2025\/10\/autores.png 1024w, https:\/\/powerchip.com.br\/wp-content\/uploads\/2025\/10\/autores-300x300.png 300w, https:\/\/powerchip.com.br\/wp-content\/uploads\/2025\/10\/autores-150x150.png 150w, https:\/\/powerchip.com.br\/wp-content\/uploads\/2025\/10\/autores-768x768.png 768w, https:\/\/powerchip.com.br\/wp-content\/uploads\/2025\/10\/autores-600x600.png 600w, https:\/\/powerchip.com.br\/wp-content\/uploads\/2025\/10\/autores-100x100.png 100w\" sizes=\"auto, (max-width: 1024px) 100vw, 1024px\" \/><\/figure>\n\n\n\n<div class=\"wp-block-group is-nowrap is-layout-flex wp-container-core-group-is-layout-6c531013 wp-block-group-is-layout-flex\">\n<figure class=\"wp-block-image\"><a href=\"https:\/\/powerchip.com.br\"><img loading=\"lazy\" decoding=\"async\" width=\"620\" height=\"234\" src=\"https:\/\/powerchip.com.br\/wp-content\/uploads\/2025\/10\/logo-powerchip.png\" alt=\"\" class=\"wp-image-71\"\/><\/a><\/figure>\n\n\n\n<ul class=\"wp-block-list\">\n<li><a href=\"https:\/\/powerchip.com.br\/index.php\/blog\/\">Blog<\/a><\/li>\n\n\n\n<li><a href=\"https:\/\/powerchip.com.br\/index.php\/sobre\/\">Sobre<\/a><\/li>\n\n\n\n<li><a href=\"https:\/\/powerchip.com.br\/index.php\/perguntas-frequentes\/\">Perguntas frequentes<\/a><\/li>\n\n\n\n<li><a href=\"https:\/\/powerchip.com.br\/index.php\/autores\/\">Autores<\/a><\/li>\n\n\n\n<li><a href=\"https:\/\/powerchip.com.br\/index.php\/pagar\/historico-de-pedidos\/\">Hist\u00f3rico de pedidos<\/a><\/li>\n\n\n\n<li><a href=\"https:\/\/powerchip.com.br\/index.php\/termos-e-condicoes\/\">Termos e condi\u00e7\u00f5es<\/a><\/li>\n\n\n\n<li><a href=\"https:\/\/powerchip.com.br\/index.php\/este-formulario-e-para-contato-de-potenciais-clientes\/\">Este formul\u00e1rio \u00e9 para contato de potenciais clientes.<\/a><\/li>\n<\/ul>\n<\/div>\n\n\n\n<ul class=\"wp-block-list\">\n<li><a href=\"https:\/\/powerchip.com.br\/index.php\/loja\/\">Produtos<\/a><\/li>\n\n\n\n<li><a href=\"https:\/\/powerchip.com.br\/index.php\/privacy-policy\/\">Pol\u00edtica de Privacidade<\/a><\/li>\n\n\n\n<li><a href=\"https:\/\/powerchip.com.br\/index.php\/padroes\/\">Padr\u00f5es<\/a><\/li>\n\n\n\n<li><a href=\"https:\/\/powerchip.com.br\/index.php\/reembolso_devolucoes\/\">Pol\u00edtica de reembolso e devolu\u00e7\u00f5es<\/a><\/li>\n\n\n\n<li><a href=\"https:\/\/powerchip.com.br\/index.php\/perguntas-frequentes\/\">Perguntas frequentes<\/a><\/li>\n\n\n\n<li><a href=\"https:\/\/powerchip.com.br\/index.php\/temas\/\">Temas<\/a><\/li>\n\n\n\n<li><a href=\"https:\/\/powerchip.com.br\/index.php\/eventos\/\">Eventos<\/a><\/li>\n<\/ul>\n","protected":false},"excerpt":{"rendered":"<p>Todos que a mais de 40 anos ajudaram a chegar at\u00e9 aqui, s\u00e3o os autores desse site.<\/p>\n","protected":false},"author":1,"featured_media":0,"parent":0,"menu_order":0,"comment_status":"closed","ping_status":"closed","template":"","meta":{"_joinchat":[],"footnotes":""},"class_list":["post-142","page","type-page","status-publish","hentry"],"jetpack_sharing_enabled":true,"_links":{"self":[{"href":"https:\/\/powerchip.com.br\/index.php\/wp-json\/wp\/v2\/pages\/142","targetHints":{"allow":["GET"]}}],"collection":[{"href":"https:\/\/powerchip.com.br\/index.php\/wp-json\/wp\/v2\/pages"}],"about":[{"href":"https:\/\/powerchip.com.br\/index.php\/wp-json\/wp\/v2\/types\/page"}],"author":[{"embeddable":true,"href":"https:\/\/powerchip.com.br\/index.php\/wp-json\/wp\/v2\/users\/1"}],"replies":[{"embeddable":true,"href":"https:\/\/powerchip.com.br\/index.php\/wp-json\/wp\/v2\/comments?post=142"}],"version-history":[{"count":4,"href":"https:\/\/powerchip.com.br\/index.php\/wp-json\/wp\/v2\/pages\/142\/revisions"}],"predecessor-version":[{"id":405,"href":"https:\/\/powerchip.com.br\/index.php\/wp-json\/wp\/v2\/pages\/142\/revisions\/405"}],"wp:attachment":[{"href":"https:\/\/powerchip.com.br\/index.php\/wp-json\/wp\/v2\/media?parent=142"}],"curies":[{"name":"wp","href":"https:\/\/api.w.org\/{rel}","templated":true}]}}