{"id":127,"date":"2025-10-19T13:38:05","date_gmt":"2025-10-19T13:38:05","guid":{"rendered":"https:\/\/powerchip.com.br\/?page_id=127"},"modified":"2025-10-26T11:15:43","modified_gmt":"2025-10-26T11:15:43","slug":"blog","status":"publish","type":"page","link":"https:\/\/powerchip.com.br\/index.php\/blog\/","title":{"rendered":"Blog"},"content":{"rendered":"\n<div class=\"wp-block-group alignfull has-global-padding is-layout-constrained wp-block-group-is-layout-constrained\" style=\"margin-top:0;margin-bottom:0;padding-top:var(--wp--preset--spacing--50);padding-bottom:var(--wp--preset--spacing--50)\">\n<div class=\"wp-block-columns alignwide is-layout-flex wp-container-core-columns-is-layout-47c06fe3 wp-block-columns-is-layout-flex\">\n<div class=\"wp-block-column is-layout-flow wp-block-column-is-layout-flow\" style=\"flex-basis:56%\">\n<figure class=\"wp-block-image size-full\"><img loading=\"lazy\" decoding=\"async\" width=\"1024\" height=\"1024\" src=\"https:\/\/powerchip.com.br\/wp-content\/uploads\/2025\/10\/aguardem-2.png\" alt=\"\" class=\"wp-image-130\" srcset=\"https:\/\/powerchip.com.br\/wp-content\/uploads\/2025\/10\/aguardem-2.png 1024w, https:\/\/powerchip.com.br\/wp-content\/uploads\/2025\/10\/aguardem-2-300x300.png 300w, https:\/\/powerchip.com.br\/wp-content\/uploads\/2025\/10\/aguardem-2-150x150.png 150w, https:\/\/powerchip.com.br\/wp-content\/uploads\/2025\/10\/aguardem-2-768x768.png 768w, https:\/\/powerchip.com.br\/wp-content\/uploads\/2025\/10\/aguardem-2-600x600.png 600w, https:\/\/powerchip.com.br\/wp-content\/uploads\/2025\/10\/aguardem-2-100x100.png 100w\" sizes=\"auto, (max-width: 1024px) 100vw, 1024px\" \/><\/figure>\n<\/div>\n\n\n\n<div class=\"wp-block-column is-vertically-aligned-center is-layout-flow wp-container-core-column-is-layout-119bc444 wp-block-column-is-layout-flow\">\n<h2 class=\"wp-block-heading\">Novas chegadas<\/h2>\n\n\n\n<p>Dicas e novidades&#8230;ou nada&#8230;<\/p>\n\n\n\n<div class=\"wp-block-buttons is-layout-flex wp-block-buttons-is-layout-flex\">\n<div class=\"wp-block-button\"><a class=\"wp-block-button__link wp-element-button\">Saiba mais<\/a><\/div>\n<\/div>\n<\/div>\n<\/div>\n<\/div>\n\n\n\n<div class=\"wp-block-group alignfull has-global-padding is-layout-constrained wp-block-group-is-layout-constrained\" style=\"margin-top:0;margin-bottom:0;padding-top:var(--wp--preset--spacing--50);padding-bottom:var(--wp--preset--spacing--50)\">\n<div class=\"wp-block-group alignwide is-layout-grid wp-container-core-group-is-layout-840b37f5 wp-block-group-is-layout-grid\">\n<div class=\"wp-block-group is-vertical is-layout-flex wp-container-core-group-is-layout-d6b9ab57 wp-block-group-is-layout-flex\">\n<h2 class=\"wp-block-heading has-x-large-font-size\">Categorias principais<\/h2>\n<\/div>\n\n\n\n<div class=\"wp-block-group is-vertical is-content-justification-stretch is-layout-flex wp-container-core-group-is-layout-353c4f5a wp-block-group-is-layout-flex\">\n<figure class=\"wp-block-image size-full\"><img loading=\"lazy\" decoding=\"async\" width=\"1024\" height=\"1024\" src=\"https:\/\/powerchip.com.br\/wp-content\/uploads\/2025\/10\/aguardem-2.png\" alt=\"\" class=\"wp-image-130\" srcset=\"https:\/\/powerchip.com.br\/wp-content\/uploads\/2025\/10\/aguardem-2.png 1024w, https:\/\/powerchip.com.br\/wp-content\/uploads\/2025\/10\/aguardem-2-300x300.png 300w, https:\/\/powerchip.com.br\/wp-content\/uploads\/2025\/10\/aguardem-2-150x150.png 150w, https:\/\/powerchip.com.br\/wp-content\/uploads\/2025\/10\/aguardem-2-768x768.png 768w, https:\/\/powerchip.com.br\/wp-content\/uploads\/2025\/10\/aguardem-2-600x600.png 600w, https:\/\/powerchip.com.br\/wp-content\/uploads\/2025\/10\/aguardem-2-100x100.png 100w\" sizes=\"auto, (max-width: 1024px) 100vw, 1024px\" \/><\/figure>\n\n\n\n<p class=\"has-text-align-center\"><\/p>\n<\/div>\n\n\n\n<div class=\"wp-block-group is-vertical is-content-justification-stretch is-layout-flex wp-container-core-group-is-layout-353c4f5a wp-block-group-is-layout-flex\">\n<figure class=\"wp-block-image size-full\"><img loading=\"lazy\" decoding=\"async\" width=\"1024\" height=\"1024\" src=\"https:\/\/powerchip.com.br\/wp-content\/uploads\/2025\/10\/aguardem-3.png\" alt=\"\" class=\"wp-image-131\" srcset=\"https:\/\/powerchip.com.br\/wp-content\/uploads\/2025\/10\/aguardem-3.png 1024w, https:\/\/powerchip.com.br\/wp-content\/uploads\/2025\/10\/aguardem-3-300x300.png 300w, https:\/\/powerchip.com.br\/wp-content\/uploads\/2025\/10\/aguardem-3-150x150.png 150w, https:\/\/powerchip.com.br\/wp-content\/uploads\/2025\/10\/aguardem-3-768x768.png 768w, https:\/\/powerchip.com.br\/wp-content\/uploads\/2025\/10\/aguardem-3-600x600.png 600w, https:\/\/powerchip.com.br\/wp-content\/uploads\/2025\/10\/aguardem-3-100x100.png 100w\" sizes=\"auto, (max-width: 1024px) 100vw, 1024px\" \/><\/figure>\n\n\n\n<p class=\"has-text-align-center\"><\/p>\n<\/div>\n\n\n\n<div class=\"wp-block-group is-vertical is-content-justification-stretch is-layout-flex wp-container-core-group-is-layout-353c4f5a wp-block-group-is-layout-flex\">\n<figure class=\"wp-block-image size-full\"><img loading=\"lazy\" decoding=\"async\" width=\"1024\" height=\"1024\" src=\"https:\/\/powerchip.com.br\/wp-content\/uploads\/2025\/10\/aguardem-4.png\" alt=\"\" class=\"wp-image-132\" srcset=\"https:\/\/powerchip.com.br\/wp-content\/uploads\/2025\/10\/aguardem-4.png 1024w, https:\/\/powerchip.com.br\/wp-content\/uploads\/2025\/10\/aguardem-4-300x300.png 300w, https:\/\/powerchip.com.br\/wp-content\/uploads\/2025\/10\/aguardem-4-150x150.png 150w, https:\/\/powerchip.com.br\/wp-content\/uploads\/2025\/10\/aguardem-4-768x768.png 768w, https:\/\/powerchip.com.br\/wp-content\/uploads\/2025\/10\/aguardem-4-600x600.png 600w, https:\/\/powerchip.com.br\/wp-content\/uploads\/2025\/10\/aguardem-4-100x100.png 100w\" sizes=\"auto, (max-width: 1024px) 100vw, 1024px\" \/><\/figure>\n\n\n\n<p class=\"has-text-align-center\"><\/p>\n<\/div>\n<\/div>\n<\/div>\n\n\n\n<div class=\"wp-block-group alignfull has-global-padding is-layout-constrained wp-block-group-is-layout-constrained\" style=\"margin-top:0;margin-bottom:0;padding-top:var(--wp--preset--spacing--50);padding-bottom:var(--wp--preset--spacing--50)\">\n<div class=\"wp-block-group alignwide is-layout-grid wp-container-core-group-is-layout-21f393a4 wp-block-group-is-layout-grid\">\n<figure class=\"wp-block-image size-full\"><img loading=\"lazy\" decoding=\"async\" width=\"1024\" height=\"1024\" src=\"https:\/\/powerchip.com.br\/wp-content\/uploads\/2025\/10\/aguardem-6.png\" alt=\"\" class=\"wp-image-134\" srcset=\"https:\/\/powerchip.com.br\/wp-content\/uploads\/2025\/10\/aguardem-6.png 1024w, https:\/\/powerchip.com.br\/wp-content\/uploads\/2025\/10\/aguardem-6-300x300.png 300w, https:\/\/powerchip.com.br\/wp-content\/uploads\/2025\/10\/aguardem-6-150x150.png 150w, https:\/\/powerchip.com.br\/wp-content\/uploads\/2025\/10\/aguardem-6-768x768.png 768w, https:\/\/powerchip.com.br\/wp-content\/uploads\/2025\/10\/aguardem-6-600x600.png 600w, https:\/\/powerchip.com.br\/wp-content\/uploads\/2025\/10\/aguardem-6-100x100.png 100w\" sizes=\"auto, (max-width: 1024px) 100vw, 1024px\" \/><\/figure>\n\n\n\n<figure class=\"wp-block-image size-full\"><img loading=\"lazy\" decoding=\"async\" width=\"1024\" height=\"1024\" src=\"https:\/\/powerchip.com.br\/wp-content\/uploads\/2025\/10\/aguardem-5.png\" alt=\"\" class=\"wp-image-133\" style=\"aspect-ratio:1;object-fit:cover\" srcset=\"https:\/\/powerchip.com.br\/wp-content\/uploads\/2025\/10\/aguardem-5.png 1024w, https:\/\/powerchip.com.br\/wp-content\/uploads\/2025\/10\/aguardem-5-300x300.png 300w, https:\/\/powerchip.com.br\/wp-content\/uploads\/2025\/10\/aguardem-5-150x150.png 150w, https:\/\/powerchip.com.br\/wp-content\/uploads\/2025\/10\/aguardem-5-768x768.png 768w, https:\/\/powerchip.com.br\/wp-content\/uploads\/2025\/10\/aguardem-5-600x600.png 600w, https:\/\/powerchip.com.br\/wp-content\/uploads\/2025\/10\/aguardem-5-100x100.png 100w\" sizes=\"auto, (max-width: 1024px) 100vw, 1024px\" \/><\/figure>\n\n\n\n<figure class=\"wp-block-image size-full\"><img loading=\"lazy\" decoding=\"async\" width=\"1024\" height=\"1024\" src=\"https:\/\/powerchip.com.br\/wp-content\/uploads\/2025\/10\/aguardem-5.png\" alt=\"\" class=\"wp-image-133\" style=\"aspect-ratio:1;object-fit:cover\" srcset=\"https:\/\/powerchip.com.br\/wp-content\/uploads\/2025\/10\/aguardem-5.png 1024w, https:\/\/powerchip.com.br\/wp-content\/uploads\/2025\/10\/aguardem-5-300x300.png 300w, https:\/\/powerchip.com.br\/wp-content\/uploads\/2025\/10\/aguardem-5-150x150.png 150w, https:\/\/powerchip.com.br\/wp-content\/uploads\/2025\/10\/aguardem-5-768x768.png 768w, https:\/\/powerchip.com.br\/wp-content\/uploads\/2025\/10\/aguardem-5-600x600.png 600w, https:\/\/powerchip.com.br\/wp-content\/uploads\/2025\/10\/aguardem-5-100x100.png 100w\" sizes=\"auto, (max-width: 1024px) 100vw, 1024px\" \/><\/figure>\n\n\n\n<figure class=\"wp-block-image size-full\"><img loading=\"lazy\" decoding=\"async\" width=\"1024\" height=\"1024\" src=\"https:\/\/powerchip.com.br\/wp-content\/uploads\/2025\/10\/aguardem-6.png\" alt=\"\" class=\"wp-image-134\" style=\"aspect-ratio:1;object-fit:cover\" srcset=\"https:\/\/powerchip.com.br\/wp-content\/uploads\/2025\/10\/aguardem-6.png 1024w, https:\/\/powerchip.com.br\/wp-content\/uploads\/2025\/10\/aguardem-6-300x300.png 300w, https:\/\/powerchip.com.br\/wp-content\/uploads\/2025\/10\/aguardem-6-150x150.png 150w, https:\/\/powerchip.com.br\/wp-content\/uploads\/2025\/10\/aguardem-6-768x768.png 768w, https:\/\/powerchip.com.br\/wp-content\/uploads\/2025\/10\/aguardem-6-600x600.png 600w, https:\/\/powerchip.com.br\/wp-content\/uploads\/2025\/10\/aguardem-6-100x100.png 100w\" sizes=\"auto, (max-width: 1024px) 100vw, 1024px\" \/><\/figure>\n\n\n\n<figure class=\"wp-block-image size-full\"><img loading=\"lazy\" decoding=\"async\" width=\"1024\" height=\"1024\" src=\"https:\/\/powerchip.com.br\/wp-content\/uploads\/2025\/10\/aguardem-4.png\" alt=\"\" class=\"wp-image-132\" style=\"aspect-ratio:1;object-fit:cover\" srcset=\"https:\/\/powerchip.com.br\/wp-content\/uploads\/2025\/10\/aguardem-4.png 1024w, https:\/\/powerchip.com.br\/wp-content\/uploads\/2025\/10\/aguardem-4-300x300.png 300w, https:\/\/powerchip.com.br\/wp-content\/uploads\/2025\/10\/aguardem-4-150x150.png 150w, https:\/\/powerchip.com.br\/wp-content\/uploads\/2025\/10\/aguardem-4-768x768.png 768w, https:\/\/powerchip.com.br\/wp-content\/uploads\/2025\/10\/aguardem-4-600x600.png 600w, https:\/\/powerchip.com.br\/wp-content\/uploads\/2025\/10\/aguardem-4-100x100.png 100w\" sizes=\"auto, (max-width: 1024px) 100vw, 1024px\" \/><\/figure>\n\n\n\n<figure class=\"wp-block-image size-full\"><img loading=\"lazy\" decoding=\"async\" width=\"1024\" height=\"1024\" src=\"https:\/\/powerchip.com.br\/wp-content\/uploads\/2025\/10\/aguardem.png\" alt=\"\" class=\"wp-image-128\" style=\"aspect-ratio:1;object-fit:cover\" srcset=\"https:\/\/powerchip.com.br\/wp-content\/uploads\/2025\/10\/aguardem.png 1024w, https:\/\/powerchip.com.br\/wp-content\/uploads\/2025\/10\/aguardem-300x300.png 300w, https:\/\/powerchip.com.br\/wp-content\/uploads\/2025\/10\/aguardem-150x150.png 150w, https:\/\/powerchip.com.br\/wp-content\/uploads\/2025\/10\/aguardem-768x768.png 768w, https:\/\/powerchip.com.br\/wp-content\/uploads\/2025\/10\/aguardem-600x600.png 600w, https:\/\/powerchip.com.br\/wp-content\/uploads\/2025\/10\/aguardem-100x100.png 100w\" sizes=\"auto, (max-width: 1024px) 100vw, 1024px\" \/><\/figure>\n\n\n\n<figure class=\"wp-block-image size-full\"><img loading=\"lazy\" decoding=\"async\" width=\"1024\" height=\"1024\" src=\"https:\/\/powerchip.com.br\/wp-content\/uploads\/2025\/10\/aguardem-5.png\" alt=\"\" class=\"wp-image-133\" style=\"aspect-ratio:1;object-fit:cover\" srcset=\"https:\/\/powerchip.com.br\/wp-content\/uploads\/2025\/10\/aguardem-5.png 1024w, https:\/\/powerchip.com.br\/wp-content\/uploads\/2025\/10\/aguardem-5-300x300.png 300w, https:\/\/powerchip.com.br\/wp-content\/uploads\/2025\/10\/aguardem-5-150x150.png 150w, https:\/\/powerchip.com.br\/wp-content\/uploads\/2025\/10\/aguardem-5-768x768.png 768w, https:\/\/powerchip.com.br\/wp-content\/uploads\/2025\/10\/aguardem-5-600x600.png 600w, https:\/\/powerchip.com.br\/wp-content\/uploads\/2025\/10\/aguardem-5-100x100.png 100w\" sizes=\"auto, (max-width: 1024px) 100vw, 1024px\" \/><\/figure>\n\n\n\n<figure class=\"wp-block-image size-full\"><img loading=\"lazy\" decoding=\"async\" width=\"1024\" height=\"1024\" src=\"https:\/\/powerchip.com.br\/wp-content\/uploads\/2025\/10\/aguardem-4.png\" alt=\"\" class=\"wp-image-132\" style=\"aspect-ratio:1;object-fit:cover\" srcset=\"https:\/\/powerchip.com.br\/wp-content\/uploads\/2025\/10\/aguardem-4.png 1024w, https:\/\/powerchip.com.br\/wp-content\/uploads\/2025\/10\/aguardem-4-300x300.png 300w, https:\/\/powerchip.com.br\/wp-content\/uploads\/2025\/10\/aguardem-4-150x150.png 150w, https:\/\/powerchip.com.br\/wp-content\/uploads\/2025\/10\/aguardem-4-768x768.png 768w, https:\/\/powerchip.com.br\/wp-content\/uploads\/2025\/10\/aguardem-4-600x600.png 600w, https:\/\/powerchip.com.br\/wp-content\/uploads\/2025\/10\/aguardem-4-100x100.png 100w\" sizes=\"auto, (max-width: 1024px) 100vw, 1024px\" \/><\/figure>\n<\/div>\n<\/div>\n\n\n\n<ul class=\"wp-block-list\">\n<li><\/li>\n<\/ul>\n\n\n\n<div class=\"wp-block-group is-nowrap is-layout-flex wp-container-core-group-is-layout-6c531013 wp-block-group-is-layout-flex\">\n<figure class=\"wp-block-image\"><a href=\"https:\/\/powerchip.com.br\/\"><img loading=\"lazy\" decoding=\"async\" width=\"620\" height=\"234\" src=\"https:\/\/powerchip.com.br\/wp-content\/uploads\/2025\/10\/logo-powerchip.png\" alt=\"\" class=\"wp-image-71\"\/><\/a><\/figure>\n\n\n\n<ul class=\"wp-block-list\">\n<li><a href=\"https:\/\/powerchip.com.br\/index.php\/blog\/\">Blog<\/a><\/li>\n\n\n\n<li><a href=\"https:\/\/powerchip.com.br\/index.php\/sobre\/\">Sobre<\/a><\/li>\n\n\n\n<li><a href=\"https:\/\/powerchip.com.br\/index.php\/perguntas-frequentes\/\">Perguntas frequentes<\/a><\/li>\n\n\n\n<li><a href=\"https:\/\/powerchip.com.br\/index.php\/autores\/\">Autores<\/a><\/li>\n\n\n\n<li><a href=\"https:\/\/powerchip.com.br\/index.php\/pagar\/historico-de-pedidos\/\">Hist\u00f3rico de pedidos<\/a><\/li>\n\n\n\n<li><a href=\"https:\/\/powerchip.com.br\/index.php\/termos-e-condicoes\/\">Termos e condi\u00e7\u00f5es<\/a><\/li>\n\n\n\n<li><a href=\"https:\/\/powerchip.com.br\/index.php\/este-formulario-e-para-contato-de-potenciais-clientes\/\">Este formul\u00e1rio \u00e9 para contato de potenciais clientes.<\/a><\/li>\n<\/ul>\n<\/div>\n\n\n\n<ul class=\"wp-block-list\">\n<li><a href=\"https:\/\/powerchip.com.br\/index.php\/loja\/\">Produtos<\/a><\/li>\n\n\n\n<li><a href=\"https:\/\/powerchip.com.br\/index.php\/privacy-policy\/\">Pol\u00edtica de Privacidade<\/a><\/li>\n\n\n\n<li><a href=\"https:\/\/powerchip.com.br\/index.php\/padroes\/\">Padr\u00f5es<\/a><\/li>\n\n\n\n<li><a href=\"https:\/\/powerchip.com.br\/index.php\/reembolso_devolucoes\/\">Pol\u00edtica de reembolso e devolu\u00e7\u00f5es<\/a><\/li>\n\n\n\n<li><a href=\"https:\/\/powerchip.com.br\/index.php\/perguntas-frequentes\/\">Perguntas frequentes<\/a><\/li>\n\n\n\n<li><a href=\"https:\/\/powerchip.com.br\/index.php\/temas\/\">Temas<\/a><\/li>\n\n\n\n<li><a href=\"https:\/\/powerchip.com.br\/index.php\/eventos\/\">Eventos<\/a><\/li>\n<\/ul>\n","protected":false},"excerpt":{"rendered":"<p>Novas chegadas Dicas e novidades&#8230;ou nada&#8230; Categorias principais<\/p>\n","protected":false},"author":1,"featured_media":0,"parent":0,"menu_order":0,"comment_status":"closed","ping_status":"closed","template":"","meta":{"_joinchat":[],"footnotes":""},"class_list":["post-127","page","type-page","status-publish","hentry"],"jetpack_sharing_enabled":true,"_links":{"self":[{"href":"https:\/\/powerchip.com.br\/index.php\/wp-json\/wp\/v2\/pages\/127","targetHints":{"allow":["GET"]}}],"collection":[{"href":"https:\/\/powerchip.com.br\/index.php\/wp-json\/wp\/v2\/pages"}],"about":[{"href":"https:\/\/powerchip.com.br\/index.php\/wp-json\/wp\/v2\/types\/page"}],"author":[{"embeddable":true,"href":"https:\/\/powerchip.com.br\/index.php\/wp-json\/wp\/v2\/users\/1"}],"replies":[{"embeddable":true,"href":"https:\/\/powerchip.com.br\/index.php\/wp-json\/wp\/v2\/comments?post=127"}],"version-history":[{"count":5,"href":"https:\/\/powerchip.com.br\/index.php\/wp-json\/wp\/v2\/pages\/127\/revisions"}],"predecessor-version":[{"id":407,"href":"https:\/\/powerchip.com.br\/index.php\/wp-json\/wp\/v2\/pages\/127\/revisions\/407"}],"wp:attachment":[{"href":"https:\/\/powerchip.com.br\/index.php\/wp-json\/wp\/v2\/media?parent=127"}],"curies":[{"name":"wp","href":"https:\/\/api.w.org\/{rel}","templated":true}]}}