{"id":109,"date":"2025-10-19T12:24:08","date_gmt":"2025-10-19T12:24:08","guid":{"rendered":"https:\/\/powerchip.com.br\/?page_id=109"},"modified":"2025-10-19T12:24:08","modified_gmt":"2025-10-19T12:24:08","slug":"sobre","status":"publish","type":"page","link":"https:\/\/powerchip.com.br\/index.php\/sobre\/","title":{"rendered":"Sobre"},"content":{"rendered":"\n<p>A Powerchip \u00e9 uma das empresas mais reconhecidas no Brasil no ramo de <strong>eletr\u00f4nica automotiva<\/strong>, sendo amplamente famosa por sua especializa\u00e7\u00e3o em reprograma\u00e7\u00e3o de performance, conhecida como &#8220;chip de pot\u00eancia&#8221;.<\/p>\n\n\n\n<p>O foco da empresa \u00e9 a otimiza\u00e7\u00e3o e o reparo de softwares da Unidade de Controle Eletr\u00f4nico (ECU) do ve\u00edculo. Seu servi\u00e7o mais procurado \u00e9 o &#8220;remap&#8221;, onde, ao ajustar par\u00e2metros de f\u00e1brica \u2014 como inje\u00e7\u00e3o de combust\u00edvel, ponto de igni\u00e7\u00e3o e press\u00e3o do turbo \u2014, a Powerchip extrai um desempenho superior do motor. Isso resulta em um aumento significativo de pot\u00eancia e torque, proporcionando uma condu\u00e7\u00e3o mais esportiva.<\/p>\n\n\n\n<p>Al\u00e9m da otimiza\u00e7\u00e3o de performance, a Powerchip tamb\u00e9m oferece servi\u00e7os t\u00e9cnicos essenciais, como o <strong>reset de m\u00f3dulos de airbag<\/strong> (necess\u00e1rio ap\u00f3s uma colis\u00e3o para restaurar o sistema) e solu\u00e7\u00f5es para <strong>sistemas de imobilizador<\/strong>, incluindo reparos e codifica\u00e7\u00e3o de chaves.<\/p>\n\n\n\n<p>Com essa gama de servi\u00e7os, a empresa atende uma vasta gama de ve\u00edculos, desde carros populares at\u00e9 superesportivos importados, consolidando-se como refer\u00eancia tanto para entusiastas que buscam o m\u00e1ximo potencial de seus motores quanto para quem precisa de diagn\u00f3sticos e reparos eletr\u00f4nicos avan\u00e7ados.<\/p>\n","protected":false},"excerpt":{"rendered":"<p>A Powerchip \u00e9 uma das empresas mais reconhecidas no Brasil no ramo de eletr\u00f4nica automotiva, sendo amplamente famosa por sua especializa\u00e7\u00e3o em reprograma\u00e7\u00e3o de performance, conhecida como &#8220;chip de pot\u00eancia&#8221;. O foco da empresa \u00e9 a otimiza\u00e7\u00e3o e o reparo de softwares da Unidade de Controle Eletr\u00f4nico (ECU) do ve\u00edculo. Seu servi\u00e7o mais procurado \u00e9 [&hellip;]<\/p>\n","protected":false},"author":1,"featured_media":0,"parent":0,"menu_order":0,"comment_status":"closed","ping_status":"closed","template":"","meta":{"_joinchat":[],"footnotes":""},"class_list":["post-109","page","type-page","status-publish","hentry"],"jetpack_sharing_enabled":true,"_links":{"self":[{"href":"https:\/\/powerchip.com.br\/index.php\/wp-json\/wp\/v2\/pages\/109","targetHints":{"allow":["GET"]}}],"collection":[{"href":"https:\/\/powerchip.com.br\/index.php\/wp-json\/wp\/v2\/pages"}],"about":[{"href":"https:\/\/powerchip.com.br\/index.php\/wp-json\/wp\/v2\/types\/page"}],"author":[{"embeddable":true,"href":"https:\/\/powerchip.com.br\/index.php\/wp-json\/wp\/v2\/users\/1"}],"replies":[{"embeddable":true,"href":"https:\/\/powerchip.com.br\/index.php\/wp-json\/wp\/v2\/comments?post=109"}],"version-history":[{"count":1,"href":"https:\/\/powerchip.com.br\/index.php\/wp-json\/wp\/v2\/pages\/109\/revisions"}],"predecessor-version":[{"id":110,"href":"https:\/\/powerchip.com.br\/index.php\/wp-json\/wp\/v2\/pages\/109\/revisions\/110"}],"wp:attachment":[{"href":"https:\/\/powerchip.com.br\/index.php\/wp-json\/wp\/v2\/media?parent=109"}],"curies":[{"name":"wp","href":"https:\/\/api.w.org\/{rel}","templated":true}]}}